
{"id":30002,"date":"2025-07-21T22:19:18","date_gmt":"2025-07-21T20:19:18","guid":{"rendered":"https:\/\/highway-hotel.com\/de\/accessibilita\/"},"modified":"2026-03-31T08:49:43","modified_gmt":"2026-03-31T06:49:43","slug":"accessibilita","status":"publish","type":"page","link":"https:\/\/highway-hotel.com\/it\/de\/accessibilita\/","title":{"rendered":"Accessibilit\u00e0"},"content":{"rendered":"\t\t<div data-elementor-type=\"wp-page\" data-elementor-id=\"30002\" class=\"elementor elementor-30002 elementor-29068\" data-elementor-post-type=\"page\">\n\t\t\t\t\t\t<section data-particle_enable=\"false\" data-particle-mobile-disabled=\"false\" class=\"elementor-section elementor-top-section elementor-element elementor-element-809aaab elementor-section-boxed elementor-section-height-default elementor-section-height-default\" data-id=\"809aaab\" data-element_type=\"section\">\n\t\t\t\t\t\t<div class=\"elementor-container elementor-column-gap-default\">\n\t\t\t\t\t<div class=\"elementor-column elementor-col-100 elementor-top-column elementor-element elementor-element-fb72415\" data-id=\"fb72415\" data-element_type=\"column\">\n\t\t\t<div class=\"elementor-widget-wrap elementor-element-populated\">\n\t\t\t\t\t\t<div class=\"elementor-element elementor-element-3972fc8 elementor-widget elementor-widget-heading\" data-id=\"3972fc8\" data-element_type=\"widget\" data-widget_type=\"heading.default\">\n\t\t\t\t<div class=\"elementor-widget-container\">\n\t\t\t\t\t<h1 class=\"elementor-heading-title elementor-size-default\">Accessibilit\u00e0<\/h1>\t\t\t\t<\/div>\n\t\t\t\t<\/div>\n\t\t\t\t<div class=\"elementor-element elementor-element-60fc16e elementor-widget-divider--view-line elementor-widget elementor-widget-divider\" data-id=\"60fc16e\" data-element_type=\"widget\" data-widget_type=\"divider.default\">\n\t\t\t\t<div class=\"elementor-widget-container\">\n\t\t\t\t\t\t\t<div class=\"elementor-divider\">\n\t\t\t<span class=\"elementor-divider-separator\">\n\t\t\t\t\t\t<\/span>\n\t\t<\/div>\n\t\t\t\t\t\t<\/div>\n\t\t\t\t<\/div>\n\t\t\t\t<div class=\"elementor-element elementor-element-90de01d elementor-widget elementor-widget-spacer\" data-id=\"90de01d\" data-element_type=\"widget\" data-widget_type=\"spacer.default\">\n\t\t\t\t<div class=\"elementor-widget-container\">\n\t\t\t\t\t\t\t<div class=\"elementor-spacer\">\n\t\t\t<div class=\"elementor-spacer-inner\"><\/div>\n\t\t<\/div>\n\t\t\t\t\t\t<\/div>\n\t\t\t\t<\/div>\n\t\t\t\t\t<\/div>\n\t\t<\/div>\n\t\t\t\t\t<\/div>\n\t\t<\/section>\n\t\t\t\t<section data-particle_enable=\"false\" data-particle-mobile-disabled=\"false\" class=\"elementor-section elementor-top-section elementor-element elementor-element-6034350 elementor-section-boxed elementor-section-height-default elementor-section-height-default\" data-id=\"6034350\" data-element_type=\"section\">\n\t\t\t\t\t\t<div class=\"elementor-container elementor-column-gap-default\">\n\t\t\t\t\t<div class=\"elementor-column elementor-col-100 elementor-top-column elementor-element elementor-element-cafde9b\" data-id=\"cafde9b\" data-element_type=\"column\">\n\t\t\t<div class=\"elementor-widget-wrap elementor-element-populated\">\n\t\t\t\t\t\t<div class=\"elementor-element elementor-element-b12d89c elementor-widget elementor-widget-text-editor\" data-id=\"b12d89c\" data-element_type=\"widget\" data-widget_type=\"text-editor.default\">\n\t\t\t\t<div class=\"elementor-widget-container\">\n\t\t\t\t\t\t\t\t\t<h2><strong>Dichiarazione sull&#8217;accessibilit\u00e0<\/strong><\/h2><p>Ci impegniamo a rendere accessibile il nostro sito web in conformit\u00e0 alla Barrierefreiheitsst\u00e4rkungsgesetz (BFSG) e alla Direttiva UE 2019\/882. Il nostro obiettivo \u00e8 quello di fornire a tutti gli utenti, indipendentemente dalle limitazioni fisiche o tecniche, un accesso paritario alle informazioni, ai servizi e alle funzioni del nostro sito web. <\/p><p>Per motivi di migliore leggibilit\u00e0, a volte ci asteniamo dall&#8217;utilizzare contemporaneamente forme linguistiche maschili e femminili. Tutte le denominazioni personali si applicano a tutti i generi (m\/f\/d). <\/p><h2><strong>Stato di compatibilit\u00e0 con i requisiti<\/strong><\/h2><p>Questo sito web \u00e8 in gran parte privo di barriere architettoniche a causa delle seguenti incompatibilit\u00e0 ed eccezioni, tra le altre, con le seguenti eccezioni:<\/p><ul><li>In alcuni casi il rapporto di contrasto tra i colori di sfondo e quelli in primo piano non \u00e8 ancora sufficiente.<\/li><li>Alcuni documenti PDF incorporati potrebbero non essere ancora completamente accessibili.<\/li><li>&lt;Gli elementi html&gt; non contengono ancora completamente l&#8217;attributo [lang].<\/li><li>Gli elementi di intestazione non sono ancora disposti in ordine consecutivo decrescente.<\/li><li>La navigazione da tastiera di alcuni elementi interattivi pu\u00f2 essere limitata in casi particolari<\/li><\/ul><p>Ci stiamo impegnando per correggere queste carenze nel pi\u00f9 breve tempo possibile, al fine di raggiungere un elevato livello di accessibilit\u00e0.<\/p><h2><strong>Preparazione della presente dichiarazione di accessibilit\u00e0<\/strong><\/h2><p>La valutazione si basa su un&#8217;autovalutazione che utilizza i test di accessibilit\u00e0 di Google Lighthouse e WCAG.<\/p><h2><strong>Feedback e contatti<\/strong><\/h2><p>L&#8217;intero sito web \u00e8 il pi\u00f9 accessibile possibile. Se trovi contenuti di difficile comprensione o se hai difficolt\u00e0 a utilizzarli, ti invitiamo a comunicarcelo tramite il nostro <a href=\"\/?page_id=7002\">modulo di contatto<\/a>. <\/p><h2><strong>Procedura di arbitrato<\/strong><\/h2><p>Se entro sei settimane non hai ricevuto una risposta soddisfacente alla tua richiesta di accessibilit\u00e0, puoi rivolgerti al <strong>collegio arbitrale in conformit\u00e0 con la sezione 16 BGG<\/strong>. Questo serve a risolvere le controversie in via extragiudiziale. <\/p><p><strong>Contatta l&#8217;organismo di conciliazione BGG:<\/strong><br>Schlichtungsstelle BGG<br>Mauerstra\u00dfe 53, 10117 Berlino<br>Telefono: 030 18 527-2805<br>Email: <a href=\"mailto:info@schlichtungsstelle-bgg.de\">info@schlichtungsstelle-bgg.de<\/a><br>Sito web: <a href=\"https:\/\/www.schlichtungsstelle-bgg.de\/\">www.schlichtungsstelle-bgg.de<\/a><\/p><p><em>Stato 19\/06\/2025<\/em><br><em>Valido per questo sito web: <a href=\"https:\/\/highway-hotel.com\/\">https:\/\/highway-hotel.com\/<\/a><\/em><br><em>Responsabile: <strong>Highway-Hotel, <\/strong>K.H. Schneider Rasthof GmbH<br>Rappresentato dagli amministratori delegati: Karl-Heinz Schneider<\/em><\/p>\t\t\t\t\t\t\t\t<\/div>\n\t\t\t\t<\/div>\n\t\t\t\t\t<\/div>\n\t\t<\/div>\n\t\t\t\t\t<\/div>\n\t\t<\/section>\n\t\t\t\t<section data-particle_enable=\"false\" data-particle-mobile-disabled=\"false\" class=\"elementor-section elementor-top-section elementor-element elementor-element-8d50619 elementor-section-full_width elementor-section-height-default elementor-section-height-default\" data-id=\"8d50619\" data-element_type=\"section\">\n\t\t\t\t\t\t<div class=\"elementor-container elementor-column-gap-default\">\n\t\t\t\t\t<div class=\"elementor-column elementor-col-100 elementor-top-column elementor-element elementor-element-cfb02f9\" data-id=\"cfb02f9\" data-element_type=\"column\">\n\t\t\t<div class=\"elementor-widget-wrap elementor-element-populated\">\n\t\t\t\t\t\t<div class=\"elementor-element elementor-element-c8265d1 elementor-widget elementor-widget-shortcode\" data-id=\"c8265d1\" data-element_type=\"widget\" data-widget_type=\"shortcode.default\">\n\t\t\t\t<div class=\"elementor-widget-container\">\n\t\t\t\t\t\t\t<div class=\"elementor-shortcode\">\t\t<div data-elementor-type=\"section\" data-elementor-id=\"22039\" class=\"elementor elementor-22039 elementor-788\" data-elementor-post-type=\"elementor_library\">\n\t\t\t\t\t<section data-particle_enable=\"false\" data-particle-mobile-disabled=\"false\" class=\"elementor-section elementor-top-section elementor-element elementor-element-94bfb7e elementor-section-boxed elementor-section-height-default elementor-section-height-default\" data-id=\"94bfb7e\" data-element_type=\"section\" data-settings=\"{&quot;background_background&quot;:&quot;classic&quot;}\">\n\t\t\t\t\t\t<div class=\"elementor-container elementor-column-gap-default\">\n\t\t\t\t\t<div class=\"elementor-column elementor-col-100 elementor-top-column elementor-element elementor-element-0186d69\" data-id=\"0186d69\" data-element_type=\"column\">\n\t\t\t<div class=\"elementor-widget-wrap elementor-element-populated\">\n\t\t\t\t\t\t<section data-particle_enable=\"false\" data-particle-mobile-disabled=\"false\" class=\"elementor-section elementor-inner-section elementor-element elementor-element-c88e1cb elementor-section-boxed elementor-section-height-default elementor-section-height-default\" data-id=\"c88e1cb\" data-element_type=\"section\" data-settings=\"{&quot;background_background&quot;:&quot;classic&quot;}\">\n\t\t\t\t\t\t<div class=\"elementor-container elementor-column-gap-default\">\n\t\t\t\t\t<div class=\"elementor-column elementor-col-25 elementor-inner-column elementor-element elementor-element-eea3064 elementor-invisible\" data-id=\"eea3064\" data-element_type=\"column\" data-settings=\"{&quot;animation&quot;:&quot;slideInLeft&quot;}\">\n\t\t\t<div class=\"elementor-widget-wrap elementor-element-populated\">\n\t\t\t\t\t\t<div class=\"elementor-element elementor-element-4d75c0d elementor-widget elementor-widget-image\" data-id=\"4d75c0d\" data-element_type=\"widget\" data-widget_type=\"image.default\">\n\t\t\t\t<div class=\"elementor-widget-container\">\n\t\t\t\t\t\t\t\t\t\t\t\t\t\t\t<img decoding=\"async\" width=\"179\" height=\"98\" src=\"https:\/\/highway-hotel.com\/wp-content\/uploads\/sites\/26\/2022\/06\/Highway-Hotel_Logo.png\" class=\"attachment-full size-full wp-image-12970\" alt=\"Logo Highway Hotel a Herbolzheim\" \/>\t\t\t\t\t\t\t\t\t\t\t\t\t\t\t<\/div>\n\t\t\t\t<\/div>\n\t\t\t\t\t<\/div>\n\t\t<\/div>\n\t\t\t\t<div class=\"elementor-column elementor-col-25 elementor-inner-column elementor-element elementor-element-ca4cd6d elementor-invisible\" data-id=\"ca4cd6d\" data-element_type=\"column\" data-settings=\"{&quot;animation&quot;:&quot;slideInUp&quot;}\">\n\t\t\t<div class=\"elementor-widget-wrap elementor-element-populated\">\n\t\t\t\t\t\t<div class=\"elementor-element elementor-element-16fa6d2 elementor-widget elementor-widget-heading\" data-id=\"16fa6d2\" data-element_type=\"widget\" data-widget_type=\"heading.default\">\n\t\t\t\t<div class=\"elementor-widget-container\">\n\t\t\t\t\t<h5 class=\"elementor-heading-title elementor-size-default\">Contatto<\/h5>\t\t\t\t<\/div>\n\t\t\t\t<\/div>\n\t\t\t\t<div class=\"elementor-element elementor-element-88150aa elementor-widget elementor-widget-text-editor\" data-id=\"88150aa\" data-element_type=\"widget\" data-widget_type=\"text-editor.default\">\n\t\t\t\t<div class=\"elementor-widget-container\">\n\t\t\t\t\t\t\t\t\t<p>Highway-Hotel<br>Breisgauallee 6<br>79336 Herbolzheim<\/p><p>Telefono: <a href=\"tel:+4976439350\">+49 (0) 7643 \/ 935-0<\/a><br>E-mail: <a href=\"mailto:info@highway-hotel.com\">info@highway-hotel.com<\/a><\/p>\t\t\t\t\t\t\t\t<\/div>\n\t\t\t\t<\/div>\n\t\t\t\t\t<\/div>\n\t\t<\/div>\n\t\t\t\t<div class=\"elementor-column elementor-col-25 elementor-inner-column elementor-element elementor-element-764299d elementor-invisible\" data-id=\"764299d\" data-element_type=\"column\" data-settings=\"{&quot;animation&quot;:&quot;slideInRight&quot;}\">\n\t\t\t<div class=\"elementor-widget-wrap elementor-element-populated\">\n\t\t\t\t\t\t<div class=\"elementor-element elementor-element-8fa182e elementor-widget elementor-widget-image\" data-id=\"8fa182e\" data-element_type=\"widget\" data-widget_type=\"image.default\">\n\t\t\t\t<div class=\"elementor-widget-container\">\n\t\t\t\t\t\t\t\t\t\t\t\t\t\t\t<img decoding=\"async\" src=\"https:\/\/highway-hotel.com\/wp-content\/uploads\/sites\/26\/elementor\/thumbs\/Urkunde-Hotel-Highway-rjbycwbx6qlbq3gi2gibxn7758g56bfmxhkx6wdsm0.jpg\" title=\"Certificato Hotel Highway\" alt=\"Certificato Hotel Highway\" loading=\"lazy\" \/>\t\t\t\t\t\t\t\t\t\t\t\t\t\t\t<\/div>\n\t\t\t\t<\/div>\n\t\t\t\t\t<\/div>\n\t\t<\/div>\n\t\t\t\t<div class=\"elementor-column elementor-col-25 elementor-inner-column elementor-element elementor-element-7768a2e elementor-invisible\" data-id=\"7768a2e\" data-element_type=\"column\" data-settings=\"{&quot;animation&quot;:&quot;slideInRight&quot;}\">\n\t\t\t<div class=\"elementor-widget-wrap elementor-element-populated\">\n\t\t\t\t\t\t<div class=\"elementor-element elementor-element-77b1c6b elementor-widget elementor-widget-html\" data-id=\"77b1c6b\" data-element_type=\"widget\" data-widget_type=\"html.default\">\n\t\t\t\t<div class=\"elementor-widget-container\">\n\t\t\t\t\t<iframe src=\"https:\/\/hotelclass.info\/ws\/d4f2d798-046f-4b9a-bf09-69f560f4c08a?lang=de\" width=\"160\" height=\"164\" align=\"left\" scrolling=\"no\" marginheight=\"0\" marginwidth=\"0\" frameborder=\"0\"><\/iframe>\t\t\t\t<\/div>\n\t\t\t\t<\/div>\n\t\t\t\t\t<\/div>\n\t\t<\/div>\n\t\t\t\t\t<\/div>\n\t\t<\/section>\n\t\t\t\t\t<\/div>\n\t\t<\/div>\n\t\t\t\t\t<\/div>\n\t\t<\/section>\n\t\t\t\t<section data-particle_enable=\"false\" data-particle-mobile-disabled=\"false\" class=\"elementor-section elementor-top-section elementor-element elementor-element-ea08871 elementor-section-boxed elementor-section-height-default elementor-section-height-default\" data-id=\"ea08871\" data-element_type=\"section\">\n\t\t\t\t\t\t<div class=\"elementor-container elementor-column-gap-default\">\n\t\t\t\t\t<div class=\"elementor-column elementor-col-100 elementor-top-column elementor-element elementor-element-de5cdb1\" data-id=\"de5cdb1\" data-element_type=\"column\">\n\t\t\t<div class=\"elementor-widget-wrap\">\n\t\t\t\t\t\t\t<\/div>\n\t\t<\/div>\n\t\t\t\t\t<\/div>\n\t\t<\/section>\n\t\t\t\t<\/div>\n\t\t<\/div>\n\t\t\t\t\t\t<\/div>\n\t\t\t\t<\/div>\n\t\t\t\t\t<\/div>\n\t\t<\/div>\n\t\t\t\t\t<\/div>\n\t\t<\/section>\n\t\t\t\t<\/div>\n\t\t","protected":false},"excerpt":{"rendered":"<p>Accessibilit\u00e0 Dichiarazione sull&#8217;accessibilit\u00e0 Ci impegniamo a rendere accessibile il nostro sito web in conformit\u00e0 alla Barrierefreiheitsst\u00e4rkungsgesetz (BFSG) e alla Direttiva UE 2019\/882. Il nostro obiettivo \u00e8 quello di fornire a tutti gli utenti, indipendentemente dalle limitazioni fisiche o tecniche, un accesso paritario alle informazioni, ai servizi e alle funzioni del nostro sito web. Per motivi [&hellip;]<\/p>\n","protected":false},"author":25,"featured_media":13202,"parent":0,"menu_order":0,"comment_status":"closed","ping_status":"closed","template":"","meta":{"iawp_total_views":0,"footnotes":""},"class_list":["post-30002","page","type-page","status-publish","has-post-thumbnail","hentry"],"yoast_head":"<!-- This site is optimized with the Yoast SEO plugin v26.7 - https:\/\/yoast.com\/wordpress\/plugins\/seo\/ -->\n<title>Hotel in autostrada a Herbolzheim | Accessibilit\u00e0<\/title>\n<meta name=\"description\" content=\"Benvenuti all&#039;Hotel Highway di Herbolzheim. Qui troverai tutte le informazioni sull&#039;accessibilit\u00e0 dei siti web.\" \/>\n<meta name=\"robots\" content=\"index, follow, max-snippet:-1, max-image-preview:large, max-video-preview:-1\" \/>\n<link rel=\"canonical\" href=\"https:\/\/highway-hotel.com\/it\/de\/accessibilita\/\" \/>\n<meta property=\"og:locale\" content=\"it_IT\" \/>\n<meta property=\"og:type\" content=\"article\" \/>\n<meta property=\"og:title\" content=\"Hotel in autostrada a Herbolzheim | Accessibilit\u00e0\" \/>\n<meta property=\"og:description\" content=\"Benvenuti all&#039;Hotel Highway di Herbolzheim. Qui troverai tutte le informazioni sull&#039;accessibilit\u00e0 dei siti web.\" \/>\n<meta property=\"og:url\" content=\"https:\/\/highway-hotel.com\/it\/de\/accessibilita\/\" \/>\n<meta property=\"og:site_name\" content=\"Highway Hotel\" \/>\n<meta property=\"article:modified_time\" content=\"2026-03-31T06:49:43+00:00\" \/>\n<meta property=\"og:image\" content=\"https:\/\/highway-hotel.com\/wp-content\/uploads\/sites\/26\/2022\/10\/Highway_Hotel_Aussenansicht-3.jpg\" \/>\n\t<meta property=\"og:image:width\" content=\"1600\" \/>\n\t<meta property=\"og:image:height\" content=\"1067\" \/>\n\t<meta property=\"og:image:type\" content=\"image\/jpeg\" \/>\n<meta name=\"twitter:card\" content=\"summary_large_image\" \/>\n<meta name=\"twitter:label1\" content=\"Tempo di lettura stimato\" \/>\n\t<meta name=\"twitter:data1\" content=\"2 minuti\" \/>\n<script type=\"application\/ld+json\" class=\"yoast-schema-graph\">{\"@context\":\"https:\/\/schema.org\",\"@graph\":[{\"@type\":\"WebPage\",\"@id\":\"https:\/\/highway-hotel.com\/it\/de\/accessibilita\/\",\"url\":\"https:\/\/highway-hotel.com\/it\/de\/accessibilita\/\",\"name\":\"Hotel in autostrada a Herbolzheim | Accessibilit\u00e0\",\"isPartOf\":{\"@id\":\"https:\/\/highway-hotel.com\/it\/de\/#website\"},\"primaryImageOfPage\":{\"@id\":\"https:\/\/highway-hotel.com\/it\/de\/accessibilita\/#primaryimage\"},\"image\":{\"@id\":\"https:\/\/highway-hotel.com\/it\/de\/accessibilita\/#primaryimage\"},\"thumbnailUrl\":\"https:\/\/highway-hotel.com\/wp-content\/uploads\/sites\/26\/2022\/10\/Highway_Hotel_Aussenansicht-3.jpg\",\"datePublished\":\"2025-07-21T20:19:18+00:00\",\"dateModified\":\"2026-03-31T06:49:43+00:00\",\"description\":\"Benvenuti all'Hotel Highway di Herbolzheim. Qui troverai tutte le informazioni sull'accessibilit\u00e0 dei siti web.\",\"breadcrumb\":{\"@id\":\"https:\/\/highway-hotel.com\/it\/de\/accessibilita\/#breadcrumb\"},\"inLanguage\":\"it-IT\",\"potentialAction\":[{\"@type\":\"ReadAction\",\"target\":[\"https:\/\/highway-hotel.com\/it\/de\/accessibilita\/\"]}]},{\"@type\":\"ImageObject\",\"inLanguage\":\"it-IT\",\"@id\":\"https:\/\/highway-hotel.com\/it\/de\/accessibilita\/#primaryimage\",\"url\":\"https:\/\/highway-hotel.com\/wp-content\/uploads\/sites\/26\/2022\/10\/Highway_Hotel_Aussenansicht-3.jpg\",\"contentUrl\":\"https:\/\/highway-hotel.com\/wp-content\/uploads\/sites\/26\/2022\/10\/Highway_Hotel_Aussenansicht-3.jpg\",\"width\":1600,\"height\":1067,\"caption\":\"Vista esterna dell'Highway Hotel a Herbolzheim\"},{\"@type\":\"BreadcrumbList\",\"@id\":\"https:\/\/highway-hotel.com\/it\/de\/accessibilita\/#breadcrumb\",\"itemListElement\":[{\"@type\":\"ListItem\",\"position\":1,\"name\":\"Startseite\",\"item\":\"https:\/\/highway-hotel.com\/it\/de\/\"},{\"@type\":\"ListItem\",\"position\":2,\"name\":\"Accessibilit\u00e0\"}]},{\"@type\":\"WebSite\",\"@id\":\"https:\/\/highway-hotel.com\/it\/de\/#website\",\"url\":\"https:\/\/highway-hotel.com\/it\/de\/\",\"name\":\"Highway Hotel\",\"description\":\"Highway Hotel\",\"publisher\":{\"@id\":\"https:\/\/highway-hotel.com\/it\/de\/#organization\"},\"potentialAction\":[{\"@type\":\"SearchAction\",\"target\":{\"@type\":\"EntryPoint\",\"urlTemplate\":\"https:\/\/highway-hotel.com\/it\/de\/?s={search_term_string}\"},\"query-input\":{\"@type\":\"PropertyValueSpecification\",\"valueRequired\":true,\"valueName\":\"search_term_string\"}}],\"inLanguage\":\"it-IT\"},{\"@type\":\"Organization\",\"@id\":\"https:\/\/highway-hotel.com\/it\/de\/#organization\",\"name\":\"Highway Hotel\",\"url\":\"https:\/\/highway-hotel.com\/it\/de\/\",\"logo\":{\"@type\":\"ImageObject\",\"inLanguage\":\"it-IT\",\"@id\":\"https:\/\/highway-hotel.com\/it\/de\/#\/schema\/logo\/image\/\",\"url\":\"https:\/\/highway-hotel.com\/wp-content\/uploads\/sites\/26\/2022\/06\/Highway-Hotel_Logo_Favicon-1.png\",\"contentUrl\":\"https:\/\/highway-hotel.com\/wp-content\/uploads\/sites\/26\/2022\/06\/Highway-Hotel_Logo_Favicon-1.png\",\"width\":158,\"height\":127,\"caption\":\"Highway Hotel\"},\"image\":{\"@id\":\"https:\/\/highway-hotel.com\/it\/de\/#\/schema\/logo\/image\/\"}}]}<\/script>\n<!-- \/ Yoast SEO plugin. -->","yoast_head_json":{"title":"Hotel in autostrada a Herbolzheim | Accessibilit\u00e0","description":"Benvenuti all'Hotel Highway di Herbolzheim. Qui troverai tutte le informazioni sull'accessibilit\u00e0 dei siti web.","robots":{"index":"index","follow":"follow","max-snippet":"max-snippet:-1","max-image-preview":"max-image-preview:large","max-video-preview":"max-video-preview:-1"},"canonical":"https:\/\/highway-hotel.com\/it\/de\/accessibilita\/","og_locale":"it_IT","og_type":"article","og_title":"Hotel in autostrada a Herbolzheim | Accessibilit\u00e0","og_description":"Benvenuti all'Hotel Highway di Herbolzheim. Qui troverai tutte le informazioni sull'accessibilit\u00e0 dei siti web.","og_url":"https:\/\/highway-hotel.com\/it\/de\/accessibilita\/","og_site_name":"Highway Hotel","article_modified_time":"2026-03-31T06:49:43+00:00","og_image":[{"width":1600,"height":1067,"url":"https:\/\/highway-hotel.com\/wp-content\/uploads\/sites\/26\/2022\/10\/Highway_Hotel_Aussenansicht-3.jpg","type":"image\/jpeg"}],"twitter_card":"summary_large_image","twitter_misc":{"Tempo di lettura stimato":"2 minuti"},"schema":{"@context":"https:\/\/schema.org","@graph":[{"@type":"WebPage","@id":"https:\/\/highway-hotel.com\/it\/de\/accessibilita\/","url":"https:\/\/highway-hotel.com\/it\/de\/accessibilita\/","name":"Hotel in autostrada a Herbolzheim | Accessibilit\u00e0","isPartOf":{"@id":"https:\/\/highway-hotel.com\/it\/de\/#website"},"primaryImageOfPage":{"@id":"https:\/\/highway-hotel.com\/it\/de\/accessibilita\/#primaryimage"},"image":{"@id":"https:\/\/highway-hotel.com\/it\/de\/accessibilita\/#primaryimage"},"thumbnailUrl":"https:\/\/highway-hotel.com\/wp-content\/uploads\/sites\/26\/2022\/10\/Highway_Hotel_Aussenansicht-3.jpg","datePublished":"2025-07-21T20:19:18+00:00","dateModified":"2026-03-31T06:49:43+00:00","description":"Benvenuti all'Hotel Highway di Herbolzheim. Qui troverai tutte le informazioni sull'accessibilit\u00e0 dei siti web.","breadcrumb":{"@id":"https:\/\/highway-hotel.com\/it\/de\/accessibilita\/#breadcrumb"},"inLanguage":"it-IT","potentialAction":[{"@type":"ReadAction","target":["https:\/\/highway-hotel.com\/it\/de\/accessibilita\/"]}]},{"@type":"ImageObject","inLanguage":"it-IT","@id":"https:\/\/highway-hotel.com\/it\/de\/accessibilita\/#primaryimage","url":"https:\/\/highway-hotel.com\/wp-content\/uploads\/sites\/26\/2022\/10\/Highway_Hotel_Aussenansicht-3.jpg","contentUrl":"https:\/\/highway-hotel.com\/wp-content\/uploads\/sites\/26\/2022\/10\/Highway_Hotel_Aussenansicht-3.jpg","width":1600,"height":1067,"caption":"Vista esterna dell'Highway Hotel a Herbolzheim"},{"@type":"BreadcrumbList","@id":"https:\/\/highway-hotel.com\/it\/de\/accessibilita\/#breadcrumb","itemListElement":[{"@type":"ListItem","position":1,"name":"Startseite","item":"https:\/\/highway-hotel.com\/it\/de\/"},{"@type":"ListItem","position":2,"name":"Accessibilit\u00e0"}]},{"@type":"WebSite","@id":"https:\/\/highway-hotel.com\/it\/de\/#website","url":"https:\/\/highway-hotel.com\/it\/de\/","name":"Highway Hotel","description":"Highway Hotel","publisher":{"@id":"https:\/\/highway-hotel.com\/it\/de\/#organization"},"potentialAction":[{"@type":"SearchAction","target":{"@type":"EntryPoint","urlTemplate":"https:\/\/highway-hotel.com\/it\/de\/?s={search_term_string}"},"query-input":{"@type":"PropertyValueSpecification","valueRequired":true,"valueName":"search_term_string"}}],"inLanguage":"it-IT"},{"@type":"Organization","@id":"https:\/\/highway-hotel.com\/it\/de\/#organization","name":"Highway Hotel","url":"https:\/\/highway-hotel.com\/it\/de\/","logo":{"@type":"ImageObject","inLanguage":"it-IT","@id":"https:\/\/highway-hotel.com\/it\/de\/#\/schema\/logo\/image\/","url":"https:\/\/highway-hotel.com\/wp-content\/uploads\/sites\/26\/2022\/06\/Highway-Hotel_Logo_Favicon-1.png","contentUrl":"https:\/\/highway-hotel.com\/wp-content\/uploads\/sites\/26\/2022\/06\/Highway-Hotel_Logo_Favicon-1.png","width":158,"height":127,"caption":"Highway Hotel"},"image":{"@id":"https:\/\/highway-hotel.com\/it\/de\/#\/schema\/logo\/image\/"}}]}},"_links":{"self":[{"href":"https:\/\/highway-hotel.com\/it\/de\/wp-json\/wp\/v2\/pages\/30002","targetHints":{"allow":["GET"]}}],"collection":[{"href":"https:\/\/highway-hotel.com\/it\/de\/wp-json\/wp\/v2\/pages"}],"about":[{"href":"https:\/\/highway-hotel.com\/it\/de\/wp-json\/wp\/v2\/types\/page"}],"author":[{"embeddable":true,"href":"https:\/\/highway-hotel.com\/it\/de\/wp-json\/wp\/v2\/users\/25"}],"replies":[{"embeddable":true,"href":"https:\/\/highway-hotel.com\/it\/de\/wp-json\/wp\/v2\/comments?post=30002"}],"version-history":[{"count":3,"href":"https:\/\/highway-hotel.com\/it\/de\/wp-json\/wp\/v2\/pages\/30002\/revisions"}],"predecessor-version":[{"id":30017,"href":"https:\/\/highway-hotel.com\/it\/de\/wp-json\/wp\/v2\/pages\/30002\/revisions\/30017"}],"wp:featuredmedia":[{"embeddable":true,"href":"https:\/\/highway-hotel.com\/it\/de\/wp-json\/wp\/v2\/media\/13202"}],"wp:attachment":[{"href":"https:\/\/highway-hotel.com\/it\/de\/wp-json\/wp\/v2\/media?parent=30002"}],"curies":[{"name":"wp","href":"https:\/\/api.w.org\/{rel}","templated":true}]}}