
{"id":21756,"date":"2020-01-27T14:47:11","date_gmt":"2020-01-27T13:47:11","guid":{"rendered":"https:\/\/highway-hotel.com\/de\/impronta\/"},"modified":"2026-03-31T08:49:24","modified_gmt":"2026-03-31T06:49:24","slug":"impronta","status":"publish","type":"page","link":"https:\/\/highway-hotel.com\/it\/de\/impronta\/","title":{"rendered":"Impronta"},"content":{"rendered":"\t\t<div data-elementor-type=\"wp-page\" data-elementor-id=\"21756\" class=\"elementor elementor-21756 elementor-802\" data-elementor-post-type=\"page\">\n\t\t\t\t\t\t<section data-particle_enable=\"false\" data-particle-mobile-disabled=\"false\" class=\"elementor-section elementor-top-section elementor-element elementor-element-394c735 elementor-section-boxed elementor-section-height-default elementor-section-height-default\" data-id=\"394c735\" data-element_type=\"section\">\n\t\t\t\t\t\t<div class=\"elementor-container elementor-column-gap-default\">\n\t\t\t\t\t<div class=\"elementor-column elementor-col-100 elementor-top-column elementor-element elementor-element-08eb89b\" data-id=\"08eb89b\" data-element_type=\"column\">\n\t\t\t<div class=\"elementor-widget-wrap elementor-element-populated\">\n\t\t\t\t\t\t<div class=\"elementor-element elementor-element-174b9e4 elementor-widget elementor-widget-heading\" data-id=\"174b9e4\" data-element_type=\"widget\" data-widget_type=\"heading.default\">\n\t\t\t\t<div class=\"elementor-widget-container\">\n\t\t\t\t\t<h1 class=\"elementor-heading-title elementor-size-default\">Impronta<\/h1>\t\t\t\t<\/div>\n\t\t\t\t<\/div>\n\t\t\t\t<div class=\"elementor-element elementor-element-c2b679d elementor-widget-divider--view-line elementor-widget elementor-widget-divider\" data-id=\"c2b679d\" data-element_type=\"widget\" data-widget_type=\"divider.default\">\n\t\t\t\t<div class=\"elementor-widget-container\">\n\t\t\t\t\t\t\t<div class=\"elementor-divider\">\n\t\t\t<span class=\"elementor-divider-separator\">\n\t\t\t\t\t\t<\/span>\n\t\t<\/div>\n\t\t\t\t\t\t<\/div>\n\t\t\t\t<\/div>\n\t\t\t\t<div class=\"elementor-element elementor-element-5605186 elementor-widget elementor-widget-spacer\" data-id=\"5605186\" data-element_type=\"widget\" data-widget_type=\"spacer.default\">\n\t\t\t\t<div class=\"elementor-widget-container\">\n\t\t\t\t\t\t\t<div class=\"elementor-spacer\">\n\t\t\t<div class=\"elementor-spacer-inner\"><\/div>\n\t\t<\/div>\n\t\t\t\t\t\t<\/div>\n\t\t\t\t<\/div>\n\t\t\t\t\t<\/div>\n\t\t<\/div>\n\t\t\t\t\t<\/div>\n\t\t<\/section>\n\t\t\t\t<section data-particle_enable=\"false\" data-particle-mobile-disabled=\"false\" class=\"elementor-section elementor-top-section elementor-element elementor-element-a9cb249 elementor-section-boxed elementor-section-height-default elementor-section-height-default\" data-id=\"a9cb249\" data-element_type=\"section\">\n\t\t\t\t\t\t<div class=\"elementor-container elementor-column-gap-default\">\n\t\t\t\t\t<div class=\"elementor-column elementor-col-100 elementor-top-column elementor-element elementor-element-9e9d514\" data-id=\"9e9d514\" data-element_type=\"column\">\n\t\t\t<div class=\"elementor-widget-wrap elementor-element-populated\">\n\t\t\t\t\t\t<div class=\"elementor-element elementor-element-b880651 elementor-widget elementor-widget-text-editor\" data-id=\"b880651\" data-element_type=\"widget\" data-widget_type=\"text-editor.default\">\n\t\t\t\t<div class=\"elementor-widget-container\">\n\t\t\t\t\t\t\t\t\t<p><b><strong>Editore e fornitore di servizi<\/strong><\/b><\/p><p>Questo sito web \u00e8 un servizio informativo fornito da<\/p><p><b><strong>Autostrada-Albergo<\/strong><\/b><\/p><p>K.H. Schneider Rasthof GmbH<\/p><p>Rappresentato dall&#8217;amministratore delegato: Karl-Heinz Schneider<\/p><p>Breisgauallee 6<\/p><p>Telefono: 07643\/935-0<\/p><p>Fax: 07643\/935-1380<\/p><p>E-mail: <a href=\"mailto:info@highway-hotel.com\">info@highway-hotel.com<\/a><\/p><p><strong>Iscrizione nel registro<\/strong><\/p><p>Iscrizione nel registro delle imprese.<\/p><p>Tribunale del registro: Tribunale locale di Friburgo<\/p><p>Numero di registro: HRB &#8211; FUR 255<\/p><p><strong>Imposta sul valore aggiunto<\/strong><\/p><p>Ufficio delle imposte: Emmendingen<\/p><p>Numero di identificazione dell&#8217;imposta sul valore aggiunto: DE 178 920 421<\/p><p>(secondo il \u00a7 27a della legge sull&#8217;imposta sul valore aggiunto)<\/p><p><strong>Responsabile per i contributi editoriali giornalistici ai sensi del \u00a7 55 comma 2 del Trattato di Stato per la Radiodiffusione e i Telemedia (RStV)<\/strong><\/p><p>Karl-Heinz Schneider<\/p><p><strong>Risoluzione delle controversie<\/strong><\/p><p>La Commissione europea mette a disposizione una piattaforma per la risoluzione delle controversie online (OS): <a href=\"https:\/\/ec.europa.eu\/consumers\/odr.\">https:\/\/ec.europa.eu\/consumers\/odr.<\/a><\/p><p>Non siamo disposti o obbligati a partecipare a procedure di risoluzione delle controversie davanti a un collegio arbitrale dei consumatori.<\/p><p><b><strong>Responsabilit\u00e0 per i contenuti<\/strong><\/b><\/p><p>In qualit\u00e0 di fornitore di servizi, siamo responsabili dei nostri contenuti su queste pagine in conformit\u00e0 alla legislazione generale. Tuttavia, in qualit\u00e0 di fornitore di servizi, non siamo obbligati a monitorare le informazioni trasmesse o memorizzate da terzi o a indagare su circostanze che indicano un&#8217;attivit\u00e0 illegale.<\/p><p>L&#8217;obbligo di rimuovere o bloccare l&#8217;uso delle informazioni in conformit\u00e0 alla legislazione generale rimane inalterato. Tuttavia, la responsabilit\u00e0 in questo senso \u00e8 possibile solo a partire dal momento in cui si viene a conoscenza di una specifica violazione. Non appena verremo a conoscenza di tali violazioni, provvederemo a rimuovere immediatamente tali contenuti.<\/p><p><strong>Responsabilit\u00e0 per i link<\/strong><\/p><p>Il nostro sito web contiene link a siti esterni di terzi sui cui contenuti non abbiamo alcuna influenza. Pertanto, non ci assumiamo alcuna responsabilit\u00e0 per questi contenuti di terzi. Il rispettivo fornitore o gestore delle pagine \u00e8 sempre responsabile del contenuto delle pagine collegate. Le pagine collegate sono state controllate per verificare eventuali violazioni di legge al momento del collegamento. I contenuti illegali non erano riconoscibili al momento del collegamento.<\/p><p>Tuttavia, un controllo permanente dei contenuti delle pagine collegate non \u00e8 ragionevole senza prove concrete di una violazione. Nel caso in cui venissimo a conoscenza di violazioni di legge, provvederemo a rimuovere immediatamente tali link.<\/p><p><strong>Copyright<\/strong><\/p><p>I contenuti e le opere create dagli operatori del sito su queste pagine sono soggetti alla legge tedesca sul diritto d&#8217;autore. La duplicazione, l&#8217;elaborazione, la distribuzione e qualsiasi tipo di utilizzo al di fuori dei limiti della legge sul copyright richiedono il consenso scritto del rispettivo autore o creatore. Download e copie di questo sito sono consentiti solo per uso privato e non commerciale.<\/p><p>Nella misura in cui i contenuti di questo sito non sono stati creati dall&#8217;operatore, vengono rispettati i diritti d&#8217;autore di terzi. In particolare, i contenuti di terzi sono contrassegnati come tali. Se tuttavia doveste venire a conoscenza di una violazione del copyright, siete pregati di informarci. Se veniamo a conoscenza di violazioni, rimuoveremo immediatamente tali contenuti.<\/p><p><strong>Crediti per le immagini<\/strong><\/p><p>Highway-Hotel, <a href=\"https:\/\/de.freepik.com\/\">Freepik<\/a><\/p><p><strong>Concetto, design e supporto tecnico<\/strong><\/p><p>2024 \u00a9 SoftTec GmbH<\/p><p>SoftTec Webservice<\/p><p>Hindelanger Str. 35<\/p><p>87527 Sonthofen<\/p><p>Telefono: +49 (0) 08321 \/ 6749 70<\/p><p>Web: <a href=\"https:\/\/softtec.de\/\">https:\/\/softtec.de\/<\/a><\/p><p>E-mail: <a href=\"https:\/\/highway-hotel.com\/de\/impressum\/webservice@softtec.de\">webservice@softtec.de<\/a><\/p><p><strong>\u00a9 2024 &#8211; K.H. Schneider Rasthof GmbH, tutti i diritti riservati.<\/strong><\/p>\t\t\t\t\t\t\t\t<\/div>\n\t\t\t\t<\/div>\n\t\t\t\t\t<\/div>\n\t\t<\/div>\n\t\t\t\t\t<\/div>\n\t\t<\/section>\n\t\t\t\t<section data-particle_enable=\"false\" data-particle-mobile-disabled=\"false\" class=\"elementor-section elementor-top-section elementor-element elementor-element-2043642 elementor-section-full_width elementor-hidden-tablet elementor-hidden-mobile elementor-section-height-default elementor-section-height-default\" data-id=\"2043642\" data-element_type=\"section\">\n\t\t\t\t\t\t<div class=\"elementor-container elementor-column-gap-default\">\n\t\t\t\t\t<div class=\"elementor-column elementor-col-100 elementor-top-column elementor-element elementor-element-fd1bc5f\" data-id=\"fd1bc5f\" data-element_type=\"column\">\n\t\t\t<div class=\"elementor-widget-wrap elementor-element-populated\">\n\t\t\t\t\t\t<div class=\"elementor-element elementor-element-d542ce1 elementor-widget elementor-widget-shortcode\" data-id=\"d542ce1\" data-element_type=\"widget\" data-widget_type=\"shortcode.default\">\n\t\t\t\t<div class=\"elementor-widget-container\">\n\t\t\t\t\t\t\t<div class=\"elementor-shortcode\">\t\t<div data-elementor-type=\"section\" data-elementor-id=\"22039\" class=\"elementor elementor-22039 elementor-788\" data-elementor-post-type=\"elementor_library\">\n\t\t\t\t\t<section data-particle_enable=\"false\" data-particle-mobile-disabled=\"false\" class=\"elementor-section elementor-top-section elementor-element elementor-element-94bfb7e elementor-section-boxed elementor-section-height-default elementor-section-height-default\" data-id=\"94bfb7e\" data-element_type=\"section\" data-settings=\"{&quot;background_background&quot;:&quot;classic&quot;}\">\n\t\t\t\t\t\t<div class=\"elementor-container elementor-column-gap-default\">\n\t\t\t\t\t<div class=\"elementor-column elementor-col-100 elementor-top-column elementor-element elementor-element-0186d69\" data-id=\"0186d69\" data-element_type=\"column\">\n\t\t\t<div class=\"elementor-widget-wrap elementor-element-populated\">\n\t\t\t\t\t\t<section data-particle_enable=\"false\" data-particle-mobile-disabled=\"false\" class=\"elementor-section elementor-inner-section elementor-element elementor-element-c88e1cb elementor-section-boxed elementor-section-height-default elementor-section-height-default\" data-id=\"c88e1cb\" data-element_type=\"section\" data-settings=\"{&quot;background_background&quot;:&quot;classic&quot;}\">\n\t\t\t\t\t\t<div class=\"elementor-container elementor-column-gap-default\">\n\t\t\t\t\t<div class=\"elementor-column elementor-col-25 elementor-inner-column elementor-element elementor-element-eea3064 elementor-invisible\" data-id=\"eea3064\" data-element_type=\"column\" data-settings=\"{&quot;animation&quot;:&quot;slideInLeft&quot;}\">\n\t\t\t<div class=\"elementor-widget-wrap elementor-element-populated\">\n\t\t\t\t\t\t<div class=\"elementor-element elementor-element-4d75c0d elementor-widget elementor-widget-image\" data-id=\"4d75c0d\" data-element_type=\"widget\" data-widget_type=\"image.default\">\n\t\t\t\t<div class=\"elementor-widget-container\">\n\t\t\t\t\t\t\t\t\t\t\t\t\t\t\t<img decoding=\"async\" width=\"179\" height=\"98\" src=\"https:\/\/highway-hotel.com\/wp-content\/uploads\/sites\/26\/2022\/06\/Highway-Hotel_Logo.png\" class=\"attachment-full size-full wp-image-12970\" alt=\"Logo Highway Hotel a Herbolzheim\" \/>\t\t\t\t\t\t\t\t\t\t\t\t\t\t\t<\/div>\n\t\t\t\t<\/div>\n\t\t\t\t\t<\/div>\n\t\t<\/div>\n\t\t\t\t<div class=\"elementor-column elementor-col-25 elementor-inner-column elementor-element elementor-element-ca4cd6d elementor-invisible\" data-id=\"ca4cd6d\" data-element_type=\"column\" data-settings=\"{&quot;animation&quot;:&quot;slideInUp&quot;}\">\n\t\t\t<div class=\"elementor-widget-wrap elementor-element-populated\">\n\t\t\t\t\t\t<div class=\"elementor-element elementor-element-16fa6d2 elementor-widget elementor-widget-heading\" data-id=\"16fa6d2\" data-element_type=\"widget\" data-widget_type=\"heading.default\">\n\t\t\t\t<div class=\"elementor-widget-container\">\n\t\t\t\t\t<h5 class=\"elementor-heading-title elementor-size-default\">Contatto<\/h5>\t\t\t\t<\/div>\n\t\t\t\t<\/div>\n\t\t\t\t<div class=\"elementor-element elementor-element-88150aa elementor-widget elementor-widget-text-editor\" data-id=\"88150aa\" data-element_type=\"widget\" data-widget_type=\"text-editor.default\">\n\t\t\t\t<div class=\"elementor-widget-container\">\n\t\t\t\t\t\t\t\t\t<p>Highway-Hotel<br>Breisgauallee 6<br>79336 Herbolzheim<\/p><p>Telefono: <a href=\"tel:+4976439350\">+49 (0) 7643 \/ 935-0<\/a><br>E-mail: <a href=\"mailto:info@highway-hotel.com\">info@highway-hotel.com<\/a><\/p>\t\t\t\t\t\t\t\t<\/div>\n\t\t\t\t<\/div>\n\t\t\t\t\t<\/div>\n\t\t<\/div>\n\t\t\t\t<div class=\"elementor-column elementor-col-25 elementor-inner-column elementor-element elementor-element-764299d elementor-invisible\" data-id=\"764299d\" data-element_type=\"column\" data-settings=\"{&quot;animation&quot;:&quot;slideInRight&quot;}\">\n\t\t\t<div class=\"elementor-widget-wrap elementor-element-populated\">\n\t\t\t\t\t\t<div class=\"elementor-element elementor-element-8fa182e elementor-widget elementor-widget-image\" data-id=\"8fa182e\" data-element_type=\"widget\" data-widget_type=\"image.default\">\n\t\t\t\t<div class=\"elementor-widget-container\">\n\t\t\t\t\t\t\t\t\t\t\t\t\t\t\t<img decoding=\"async\" src=\"https:\/\/highway-hotel.com\/wp-content\/uploads\/sites\/26\/elementor\/thumbs\/Urkunde-Hotel-Highway-rjbycwbx6qlbq3gi2gibxn7758g56bfmxhkx6wdsm0.jpg\" title=\"Certificato Hotel Highway\" alt=\"Certificato Hotel Highway\" loading=\"lazy\" \/>\t\t\t\t\t\t\t\t\t\t\t\t\t\t\t<\/div>\n\t\t\t\t<\/div>\n\t\t\t\t\t<\/div>\n\t\t<\/div>\n\t\t\t\t<div class=\"elementor-column elementor-col-25 elementor-inner-column elementor-element elementor-element-7768a2e elementor-invisible\" data-id=\"7768a2e\" data-element_type=\"column\" data-settings=\"{&quot;animation&quot;:&quot;slideInRight&quot;}\">\n\t\t\t<div class=\"elementor-widget-wrap elementor-element-populated\">\n\t\t\t\t\t\t<div class=\"elementor-element elementor-element-77b1c6b elementor-widget elementor-widget-html\" data-id=\"77b1c6b\" data-element_type=\"widget\" data-widget_type=\"html.default\">\n\t\t\t\t<div class=\"elementor-widget-container\">\n\t\t\t\t\t<iframe src=\"https:\/\/hotelclass.info\/ws\/d4f2d798-046f-4b9a-bf09-69f560f4c08a?lang=de\" width=\"160\" height=\"164\" align=\"left\" scrolling=\"no\" marginheight=\"0\" marginwidth=\"0\" frameborder=\"0\"><\/iframe>\t\t\t\t<\/div>\n\t\t\t\t<\/div>\n\t\t\t\t\t<\/div>\n\t\t<\/div>\n\t\t\t\t\t<\/div>\n\t\t<\/section>\n\t\t\t\t\t<\/div>\n\t\t<\/div>\n\t\t\t\t\t<\/div>\n\t\t<\/section>\n\t\t\t\t<section data-particle_enable=\"false\" data-particle-mobile-disabled=\"false\" class=\"elementor-section elementor-top-section elementor-element elementor-element-ea08871 elementor-section-boxed elementor-section-height-default elementor-section-height-default\" data-id=\"ea08871\" data-element_type=\"section\">\n\t\t\t\t\t\t<div class=\"elementor-container elementor-column-gap-default\">\n\t\t\t\t\t<div class=\"elementor-column elementor-col-100 elementor-top-column elementor-element elementor-element-de5cdb1\" data-id=\"de5cdb1\" data-element_type=\"column\">\n\t\t\t<div class=\"elementor-widget-wrap\">\n\t\t\t\t\t\t\t<\/div>\n\t\t<\/div>\n\t\t\t\t\t<\/div>\n\t\t<\/section>\n\t\t\t\t<\/div>\n\t\t<\/div>\n\t\t\t\t\t\t<\/div>\n\t\t\t\t<\/div>\n\t\t\t\t\t<\/div>\n\t\t<\/div>\n\t\t\t\t\t<\/div>\n\t\t<\/section>\n\t\t\t\t<\/div>\n\t\t","protected":false},"excerpt":{"rendered":"<p>Impronta Editore e fornitore di servizi Questo sito web \u00e8 un servizio informativo fornito da Autostrada-Albergo K.H. Schneider Rasthof GmbH Rappresentato dall&#8217;amministratore delegato: Karl-Heinz Schneider Breisgauallee 6 Telefono: 07643\/935-0 Fax: 07643\/935-1380 E-mail: info@highway-hotel.com Iscrizione nel registro Iscrizione nel registro delle imprese. Tribunale del registro: Tribunale locale di Friburgo Numero di registro: HRB &#8211; FUR 255 [&hellip;]<\/p>\n","protected":false},"author":1,"featured_media":13202,"parent":0,"menu_order":0,"comment_status":"closed","ping_status":"closed","template":"","meta":{"iawp_total_views":0,"footnotes":""},"class_list":["post-21756","page","type-page","status-publish","has-post-thumbnail","hentry"],"yoast_head":"<!-- This site is optimized with the Yoast SEO plugin v26.7 - https:\/\/yoast.com\/wordpress\/plugins\/seo\/ -->\n<title>Hotel in autostrada a Herbolzheim | Impressum<\/title>\n<meta name=\"description\" content=\"Benvenuti all&#039;Hotel Highway di Herbolzheim. Prenotate ora direttamente online - al miglior prezzo. Qui potete trovare l&#039;impronta\" \/>\n<meta name=\"robots\" content=\"index, follow, max-snippet:-1, max-image-preview:large, max-video-preview:-1\" \/>\n<link rel=\"canonical\" href=\"https:\/\/highway-hotel.com\/it\/de\/impronta\/\" \/>\n<meta property=\"og:locale\" content=\"it_IT\" \/>\n<meta property=\"og:type\" content=\"article\" \/>\n<meta property=\"og:title\" content=\"Hotel in autostrada a Herbolzheim | Impressum\" \/>\n<meta property=\"og:description\" content=\"Benvenuti all&#039;Hotel Highway di Herbolzheim. Prenotate ora direttamente online - al miglior prezzo. Qui potete trovare l&#039;impronta\" \/>\n<meta property=\"og:url\" content=\"https:\/\/highway-hotel.com\/it\/de\/impronta\/\" \/>\n<meta property=\"og:site_name\" content=\"Highway Hotel\" \/>\n<meta property=\"article:modified_time\" content=\"2026-03-31T06:49:24+00:00\" \/>\n<meta property=\"og:image\" content=\"https:\/\/highway-hotel.com\/wp-content\/uploads\/sites\/26\/2022\/10\/Highway_Hotel_Aussenansicht-3.jpg\" \/>\n\t<meta property=\"og:image:width\" content=\"1600\" \/>\n\t<meta property=\"og:image:height\" content=\"1067\" \/>\n\t<meta property=\"og:image:type\" content=\"image\/jpeg\" \/>\n<meta name=\"twitter:card\" content=\"summary_large_image\" \/>\n<meta name=\"twitter:label1\" content=\"Tempo di lettura stimato\" \/>\n\t<meta name=\"twitter:data1\" content=\"4 minuti\" \/>\n<script type=\"application\/ld+json\" class=\"yoast-schema-graph\">{\"@context\":\"https:\/\/schema.org\",\"@graph\":[{\"@type\":\"WebPage\",\"@id\":\"https:\/\/highway-hotel.com\/it\/de\/impronta\/\",\"url\":\"https:\/\/highway-hotel.com\/it\/de\/impronta\/\",\"name\":\"Hotel in autostrada a Herbolzheim | Impressum\",\"isPartOf\":{\"@id\":\"https:\/\/highway-hotel.com\/it\/de\/#website\"},\"primaryImageOfPage\":{\"@id\":\"https:\/\/highway-hotel.com\/it\/de\/impronta\/#primaryimage\"},\"image\":{\"@id\":\"https:\/\/highway-hotel.com\/it\/de\/impronta\/#primaryimage\"},\"thumbnailUrl\":\"https:\/\/highway-hotel.com\/wp-content\/uploads\/sites\/26\/2022\/10\/Highway_Hotel_Aussenansicht-3.jpg\",\"datePublished\":\"2020-01-27T13:47:11+00:00\",\"dateModified\":\"2026-03-31T06:49:24+00:00\",\"description\":\"Benvenuti all'Hotel Highway di Herbolzheim. Prenotate ora direttamente online - al miglior prezzo. Qui potete trovare l'impronta\",\"breadcrumb\":{\"@id\":\"https:\/\/highway-hotel.com\/it\/de\/impronta\/#breadcrumb\"},\"inLanguage\":\"it-IT\",\"potentialAction\":[{\"@type\":\"ReadAction\",\"target\":[\"https:\/\/highway-hotel.com\/it\/de\/impronta\/\"]}]},{\"@type\":\"ImageObject\",\"inLanguage\":\"it-IT\",\"@id\":\"https:\/\/highway-hotel.com\/it\/de\/impronta\/#primaryimage\",\"url\":\"https:\/\/highway-hotel.com\/wp-content\/uploads\/sites\/26\/2022\/10\/Highway_Hotel_Aussenansicht-3.jpg\",\"contentUrl\":\"https:\/\/highway-hotel.com\/wp-content\/uploads\/sites\/26\/2022\/10\/Highway_Hotel_Aussenansicht-3.jpg\",\"width\":1600,\"height\":1067,\"caption\":\"Vista esterna dell'Highway Hotel a Herbolzheim\"},{\"@type\":\"BreadcrumbList\",\"@id\":\"https:\/\/highway-hotel.com\/it\/de\/impronta\/#breadcrumb\",\"itemListElement\":[{\"@type\":\"ListItem\",\"position\":1,\"name\":\"Startseite\",\"item\":\"https:\/\/highway-hotel.com\/it\/de\/\"},{\"@type\":\"ListItem\",\"position\":2,\"name\":\"Impronta\"}]},{\"@type\":\"WebSite\",\"@id\":\"https:\/\/highway-hotel.com\/it\/de\/#website\",\"url\":\"https:\/\/highway-hotel.com\/it\/de\/\",\"name\":\"Highway Hotel\",\"description\":\"Highway Hotel\",\"publisher\":{\"@id\":\"https:\/\/highway-hotel.com\/it\/de\/#organization\"},\"potentialAction\":[{\"@type\":\"SearchAction\",\"target\":{\"@type\":\"EntryPoint\",\"urlTemplate\":\"https:\/\/highway-hotel.com\/it\/de\/?s={search_term_string}\"},\"query-input\":{\"@type\":\"PropertyValueSpecification\",\"valueRequired\":true,\"valueName\":\"search_term_string\"}}],\"inLanguage\":\"it-IT\"},{\"@type\":\"Organization\",\"@id\":\"https:\/\/highway-hotel.com\/it\/de\/#organization\",\"name\":\"Highway Hotel\",\"url\":\"https:\/\/highway-hotel.com\/it\/de\/\",\"logo\":{\"@type\":\"ImageObject\",\"inLanguage\":\"it-IT\",\"@id\":\"https:\/\/highway-hotel.com\/it\/de\/#\/schema\/logo\/image\/\",\"url\":\"https:\/\/highway-hotel.com\/wp-content\/uploads\/sites\/26\/2022\/06\/Highway-Hotel_Logo_Favicon-1.png\",\"contentUrl\":\"https:\/\/highway-hotel.com\/wp-content\/uploads\/sites\/26\/2022\/06\/Highway-Hotel_Logo_Favicon-1.png\",\"width\":158,\"height\":127,\"caption\":\"Highway Hotel\"},\"image\":{\"@id\":\"https:\/\/highway-hotel.com\/it\/de\/#\/schema\/logo\/image\/\"}}]}<\/script>\n<!-- \/ Yoast SEO plugin. -->","yoast_head_json":{"title":"Hotel in autostrada a Herbolzheim | Impressum","description":"Benvenuti all'Hotel Highway di Herbolzheim. Prenotate ora direttamente online - al miglior prezzo. Qui potete trovare l'impronta","robots":{"index":"index","follow":"follow","max-snippet":"max-snippet:-1","max-image-preview":"max-image-preview:large","max-video-preview":"max-video-preview:-1"},"canonical":"https:\/\/highway-hotel.com\/it\/de\/impronta\/","og_locale":"it_IT","og_type":"article","og_title":"Hotel in autostrada a Herbolzheim | Impressum","og_description":"Benvenuti all'Hotel Highway di Herbolzheim. Prenotate ora direttamente online - al miglior prezzo. Qui potete trovare l'impronta","og_url":"https:\/\/highway-hotel.com\/it\/de\/impronta\/","og_site_name":"Highway Hotel","article_modified_time":"2026-03-31T06:49:24+00:00","og_image":[{"width":1600,"height":1067,"url":"https:\/\/highway-hotel.com\/wp-content\/uploads\/sites\/26\/2022\/10\/Highway_Hotel_Aussenansicht-3.jpg","type":"image\/jpeg"}],"twitter_card":"summary_large_image","twitter_misc":{"Tempo di lettura stimato":"4 minuti"},"schema":{"@context":"https:\/\/schema.org","@graph":[{"@type":"WebPage","@id":"https:\/\/highway-hotel.com\/it\/de\/impronta\/","url":"https:\/\/highway-hotel.com\/it\/de\/impronta\/","name":"Hotel in autostrada a Herbolzheim | Impressum","isPartOf":{"@id":"https:\/\/highway-hotel.com\/it\/de\/#website"},"primaryImageOfPage":{"@id":"https:\/\/highway-hotel.com\/it\/de\/impronta\/#primaryimage"},"image":{"@id":"https:\/\/highway-hotel.com\/it\/de\/impronta\/#primaryimage"},"thumbnailUrl":"https:\/\/highway-hotel.com\/wp-content\/uploads\/sites\/26\/2022\/10\/Highway_Hotel_Aussenansicht-3.jpg","datePublished":"2020-01-27T13:47:11+00:00","dateModified":"2026-03-31T06:49:24+00:00","description":"Benvenuti all'Hotel Highway di Herbolzheim. Prenotate ora direttamente online - al miglior prezzo. Qui potete trovare l'impronta","breadcrumb":{"@id":"https:\/\/highway-hotel.com\/it\/de\/impronta\/#breadcrumb"},"inLanguage":"it-IT","potentialAction":[{"@type":"ReadAction","target":["https:\/\/highway-hotel.com\/it\/de\/impronta\/"]}]},{"@type":"ImageObject","inLanguage":"it-IT","@id":"https:\/\/highway-hotel.com\/it\/de\/impronta\/#primaryimage","url":"https:\/\/highway-hotel.com\/wp-content\/uploads\/sites\/26\/2022\/10\/Highway_Hotel_Aussenansicht-3.jpg","contentUrl":"https:\/\/highway-hotel.com\/wp-content\/uploads\/sites\/26\/2022\/10\/Highway_Hotel_Aussenansicht-3.jpg","width":1600,"height":1067,"caption":"Vista esterna dell'Highway Hotel a Herbolzheim"},{"@type":"BreadcrumbList","@id":"https:\/\/highway-hotel.com\/it\/de\/impronta\/#breadcrumb","itemListElement":[{"@type":"ListItem","position":1,"name":"Startseite","item":"https:\/\/highway-hotel.com\/it\/de\/"},{"@type":"ListItem","position":2,"name":"Impronta"}]},{"@type":"WebSite","@id":"https:\/\/highway-hotel.com\/it\/de\/#website","url":"https:\/\/highway-hotel.com\/it\/de\/","name":"Highway Hotel","description":"Highway Hotel","publisher":{"@id":"https:\/\/highway-hotel.com\/it\/de\/#organization"},"potentialAction":[{"@type":"SearchAction","target":{"@type":"EntryPoint","urlTemplate":"https:\/\/highway-hotel.com\/it\/de\/?s={search_term_string}"},"query-input":{"@type":"PropertyValueSpecification","valueRequired":true,"valueName":"search_term_string"}}],"inLanguage":"it-IT"},{"@type":"Organization","@id":"https:\/\/highway-hotel.com\/it\/de\/#organization","name":"Highway Hotel","url":"https:\/\/highway-hotel.com\/it\/de\/","logo":{"@type":"ImageObject","inLanguage":"it-IT","@id":"https:\/\/highway-hotel.com\/it\/de\/#\/schema\/logo\/image\/","url":"https:\/\/highway-hotel.com\/wp-content\/uploads\/sites\/26\/2022\/06\/Highway-Hotel_Logo_Favicon-1.png","contentUrl":"https:\/\/highway-hotel.com\/wp-content\/uploads\/sites\/26\/2022\/06\/Highway-Hotel_Logo_Favicon-1.png","width":158,"height":127,"caption":"Highway Hotel"},"image":{"@id":"https:\/\/highway-hotel.com\/it\/de\/#\/schema\/logo\/image\/"}}]}},"_links":{"self":[{"href":"https:\/\/highway-hotel.com\/it\/de\/wp-json\/wp\/v2\/pages\/21756","targetHints":{"allow":["GET"]}}],"collection":[{"href":"https:\/\/highway-hotel.com\/it\/de\/wp-json\/wp\/v2\/pages"}],"about":[{"href":"https:\/\/highway-hotel.com\/it\/de\/wp-json\/wp\/v2\/types\/page"}],"author":[{"embeddable":true,"href":"https:\/\/highway-hotel.com\/it\/de\/wp-json\/wp\/v2\/users\/1"}],"replies":[{"embeddable":true,"href":"https:\/\/highway-hotel.com\/it\/de\/wp-json\/wp\/v2\/comments?post=21756"}],"version-history":[{"count":3,"href":"https:\/\/highway-hotel.com\/it\/de\/wp-json\/wp\/v2\/pages\/21756\/revisions"}],"predecessor-version":[{"id":28878,"href":"https:\/\/highway-hotel.com\/it\/de\/wp-json\/wp\/v2\/pages\/21756\/revisions\/28878"}],"wp:featuredmedia":[{"embeddable":true,"href":"https:\/\/highway-hotel.com\/it\/de\/wp-json\/wp\/v2\/media\/13202"}],"wp:attachment":[{"href":"https:\/\/highway-hotel.com\/it\/de\/wp-json\/wp\/v2\/media?parent=21756"}],"curies":[{"name":"wp","href":"https:\/\/api.w.org\/{rel}","templated":true}]}}