
{"id":29996,"date":"2025-07-21T22:19:18","date_gmt":"2025-07-21T20:19:18","guid":{"rendered":"https:\/\/highway-hotel.com\/de\/accessibilite\/"},"modified":"2026-03-31T08:49:39","modified_gmt":"2026-03-31T06:49:39","slug":"accessibilite","status":"publish","type":"page","link":"https:\/\/highway-hotel.com\/fr\/de\/accessibilite\/","title":{"rendered":"Accessibilit\u00e9"},"content":{"rendered":"\t\t<div data-elementor-type=\"wp-page\" data-elementor-id=\"29996\" class=\"elementor elementor-29996 elementor-29068\" data-elementor-post-type=\"page\">\n\t\t\t\t\t\t<section data-particle_enable=\"false\" data-particle-mobile-disabled=\"false\" class=\"elementor-section elementor-top-section elementor-element elementor-element-809aaab elementor-section-boxed elementor-section-height-default elementor-section-height-default\" data-id=\"809aaab\" data-element_type=\"section\">\n\t\t\t\t\t\t<div class=\"elementor-container elementor-column-gap-default\">\n\t\t\t\t\t<div class=\"elementor-column elementor-col-100 elementor-top-column elementor-element elementor-element-fb72415\" data-id=\"fb72415\" data-element_type=\"column\">\n\t\t\t<div class=\"elementor-widget-wrap elementor-element-populated\">\n\t\t\t\t\t\t<div class=\"elementor-element elementor-element-3972fc8 elementor-widget elementor-widget-heading\" data-id=\"3972fc8\" data-element_type=\"widget\" data-widget_type=\"heading.default\">\n\t\t\t\t<div class=\"elementor-widget-container\">\n\t\t\t\t\t<h1 class=\"elementor-heading-title elementor-size-default\">Accessibilit\u00e9<\/h1>\t\t\t\t<\/div>\n\t\t\t\t<\/div>\n\t\t\t\t<div class=\"elementor-element elementor-element-60fc16e elementor-widget-divider--view-line elementor-widget elementor-widget-divider\" data-id=\"60fc16e\" data-element_type=\"widget\" data-widget_type=\"divider.default\">\n\t\t\t\t<div class=\"elementor-widget-container\">\n\t\t\t\t\t\t\t<div class=\"elementor-divider\">\n\t\t\t<span class=\"elementor-divider-separator\">\n\t\t\t\t\t\t<\/span>\n\t\t<\/div>\n\t\t\t\t\t\t<\/div>\n\t\t\t\t<\/div>\n\t\t\t\t<div class=\"elementor-element elementor-element-90de01d elementor-widget elementor-widget-spacer\" data-id=\"90de01d\" data-element_type=\"widget\" data-widget_type=\"spacer.default\">\n\t\t\t\t<div class=\"elementor-widget-container\">\n\t\t\t\t\t\t\t<div class=\"elementor-spacer\">\n\t\t\t<div class=\"elementor-spacer-inner\"><\/div>\n\t\t<\/div>\n\t\t\t\t\t\t<\/div>\n\t\t\t\t<\/div>\n\t\t\t\t\t<\/div>\n\t\t<\/div>\n\t\t\t\t\t<\/div>\n\t\t<\/section>\n\t\t\t\t<section data-particle_enable=\"false\" data-particle-mobile-disabled=\"false\" class=\"elementor-section elementor-top-section elementor-element elementor-element-6034350 elementor-section-boxed elementor-section-height-default elementor-section-height-default\" data-id=\"6034350\" data-element_type=\"section\">\n\t\t\t\t\t\t<div class=\"elementor-container elementor-column-gap-default\">\n\t\t\t\t\t<div class=\"elementor-column elementor-col-100 elementor-top-column elementor-element elementor-element-cafde9b\" data-id=\"cafde9b\" data-element_type=\"column\">\n\t\t\t<div class=\"elementor-widget-wrap elementor-element-populated\">\n\t\t\t\t\t\t<div class=\"elementor-element elementor-element-b12d89c elementor-widget elementor-widget-text-editor\" data-id=\"b12d89c\" data-element_type=\"widget\" data-widget_type=\"text-editor.default\">\n\t\t\t\t<div class=\"elementor-widget-container\">\n\t\t\t\t\t\t\t\t\t<h2><strong>D\u00e9claration d&#8217;accessibilit\u00e9<\/strong><\/h2><p>Nous nous effor\u00e7ons de rendre notre site Web accessible \u00e0 tous, conform\u00e9ment \u00e0 la loi sur le renforcement de l&#8217;accessibilit\u00e9 (BFSG) et \u00e0 la directive europ\u00e9enne 2019\/882. Notre objectif est de permettre \u00e0 tous les utilisateurs &#8211; ind\u00e9pendamment de leurs limitations physiques ou techniques &#8211; d&#8217;acc\u00e9der de mani\u00e8re \u00e9gale aux informations, services et fonctions de notre site Web. <\/p><p>Pour des raisons de lisibilit\u00e9, nous renon\u00e7ons parfois \u00e0 l&#8217;utilisation simultan\u00e9e des formes linguistiques masculines et f\u00e9minines. Toutes les d\u00e9signations de personnes s&#8217;appliquent \u00e0 tous les sexes (h\/f\/f). <\/p><h2><strong>\u00c9tat de la compatibilit\u00e9 avec les exigences<\/strong><\/h2><p>Ce site web est en grande partie accessible en raison, entre autres, des incompatibilit\u00e9s et exceptions suivantes, \u00e0 l&#8217;exception de ce qui suit :<\/p><ul><li>Le rapport de contraste entre les couleurs d&#8217;arri\u00e8re-plan et de premier plan est parfois encore insuffisant.<\/li><li>Les documents PDF int\u00e9gr\u00e9s peuvent parfois ne pas \u00eatre encore totalement accessibles.<\/li><li>&lt;Les \u00e9l\u00e9ments html&gt; ne contiennent pas encore l&#8217;int\u00e9gralit\u00e9 de l&#8217;attribut [lang].<\/li><li>Les \u00e9l\u00e9ments d&#8217;en-t\u00eate ne sont parfois pas encore organis\u00e9s dans un ordre d\u00e9croissant continu.<\/li><li>La navigation au clavier de certains \u00e9l\u00e9ments interactifs peut \u00eatre limit\u00e9e dans certains cas.<\/li><\/ul><p>Nous nous effor\u00e7ons de rem\u00e9dier \u00e0 ces d\u00e9fauts dans les meilleurs d\u00e9lais afin d&#8217;atteindre un niveau \u00e9lev\u00e9 d&#8217;accessibilit\u00e9.<\/p><h2><strong>R\u00e9daction de la pr\u00e9sente d\u00e9claration d&#8217;accessibilit\u00e9<\/strong><\/h2><p>L&#8217;\u00e9valuation est bas\u00e9e sur une auto-\u00e9valuation \u00e0 l&#8217;aide des tests d&#8217;accessibilit\u00e9 et WCAG de Google Lighthouse.<\/p><h2><strong>Commentaires et contact<\/strong><\/h2><p>L&#8217;ensemble du site est con\u00e7u pour \u00eatre le moins accessible possible. Si vous trouvez un contenu difficile \u00e0 comprendre ou si vous avez des difficult\u00e9s \u00e0 utiliser un contenu, n&#8217;h\u00e9sitez pas \u00e0 nous le signaler via notre <a href=\"\/?page_id=7002\">formulaire de contact<\/a>. <\/p><h2><strong>Proc\u00e9dure de conciliation<\/strong><\/h2><p>Si vous n&#8217;avez pas re\u00e7u de r\u00e9ponse satisfaisante \u00e0 votre demande concernant l&#8217;accessibilit\u00e9 dans un d\u00e9lai de six semaines, vous pouvez vous adresser au <strong>service de conciliation pr\u00e9vu par l&#8217;article 16 de la loi sur l&#8217;accessibilit\u00e9<\/strong>. Celui-ci sert \u00e0 r\u00e9gler les litiges de mani\u00e8re extrajudiciaire. <\/p><p><strong>Contact avec le bureau de conciliation BGG :<\/strong><br>Bureau de conciliation BGG<br>Mauerstra\u00dfe 53, 10117 Berlin<br>T\u00e9l\u00e9phone : 030 18 527-2805<br>E-mail : <a href=\"mailto:info@schlichtungsstelle-bgg.de\">info@schlichtungsstelle-bgg.de<\/a><br>Site web : <a href=\"https:\/\/www.schlichtungsstelle-bgg.de\/\">www.schlichtungsstelle-bgg.de<\/a><\/p><p><em>Version du 19.06.2025<\/em><br><em>Valable pour ce site web <a href=\"https:\/\/highway-hotel.com\/\">: https:\/\/highway-hotel.com\/<\/a><\/em><br><em>Responsable : <strong>Highway-Hotel, <\/strong>K.H. Schneider Rasthof GmbH<br>Repr\u00e9sent\u00e9 par les g\u00e9rants : Karl-Heinz Schneider<\/em><\/p>\t\t\t\t\t\t\t\t<\/div>\n\t\t\t\t<\/div>\n\t\t\t\t\t<\/div>\n\t\t<\/div>\n\t\t\t\t\t<\/div>\n\t\t<\/section>\n\t\t\t\t<section data-particle_enable=\"false\" data-particle-mobile-disabled=\"false\" class=\"elementor-section elementor-top-section elementor-element elementor-element-8d50619 elementor-section-full_width elementor-section-height-default elementor-section-height-default\" data-id=\"8d50619\" data-element_type=\"section\">\n\t\t\t\t\t\t<div class=\"elementor-container elementor-column-gap-default\">\n\t\t\t\t\t<div class=\"elementor-column elementor-col-100 elementor-top-column elementor-element elementor-element-cfb02f9\" data-id=\"cfb02f9\" data-element_type=\"column\">\n\t\t\t<div class=\"elementor-widget-wrap elementor-element-populated\">\n\t\t\t\t\t\t<div class=\"elementor-element elementor-element-c8265d1 elementor-widget elementor-widget-shortcode\" data-id=\"c8265d1\" data-element_type=\"widget\" data-widget_type=\"shortcode.default\">\n\t\t\t\t<div class=\"elementor-widget-container\">\n\t\t\t\t\t\t\t<div class=\"elementor-shortcode\">\t\t<div data-elementor-type=\"section\" data-elementor-id=\"22037\" class=\"elementor elementor-22037 elementor-788\" data-elementor-post-type=\"elementor_library\">\n\t\t\t\t\t<section data-particle_enable=\"false\" data-particle-mobile-disabled=\"false\" class=\"elementor-section elementor-top-section elementor-element elementor-element-94bfb7e elementor-section-boxed elementor-section-height-default elementor-section-height-default\" data-id=\"94bfb7e\" data-element_type=\"section\" data-settings=\"{&quot;background_background&quot;:&quot;classic&quot;}\">\n\t\t\t\t\t\t<div class=\"elementor-container elementor-column-gap-default\">\n\t\t\t\t\t<div class=\"elementor-column elementor-col-100 elementor-top-column elementor-element elementor-element-0186d69\" data-id=\"0186d69\" data-element_type=\"column\">\n\t\t\t<div class=\"elementor-widget-wrap elementor-element-populated\">\n\t\t\t\t\t\t<section data-particle_enable=\"false\" data-particle-mobile-disabled=\"false\" class=\"elementor-section elementor-inner-section elementor-element elementor-element-c88e1cb elementor-section-boxed elementor-section-height-default elementor-section-height-default\" data-id=\"c88e1cb\" data-element_type=\"section\" data-settings=\"{&quot;background_background&quot;:&quot;classic&quot;}\">\n\t\t\t\t\t\t<div class=\"elementor-container elementor-column-gap-default\">\n\t\t\t\t\t<div class=\"elementor-column elementor-col-25 elementor-inner-column elementor-element elementor-element-eea3064 elementor-invisible\" data-id=\"eea3064\" data-element_type=\"column\" data-settings=\"{&quot;animation&quot;:&quot;slideInLeft&quot;}\">\n\t\t\t<div class=\"elementor-widget-wrap elementor-element-populated\">\n\t\t\t\t\t\t<div class=\"elementor-element elementor-element-4d75c0d elementor-widget elementor-widget-image\" data-id=\"4d75c0d\" data-element_type=\"widget\" data-widget_type=\"image.default\">\n\t\t\t\t<div class=\"elementor-widget-container\">\n\t\t\t\t\t\t\t\t\t\t\t\t\t\t\t<img decoding=\"async\" width=\"179\" height=\"98\" src=\"https:\/\/highway-hotel.com\/wp-content\/uploads\/sites\/26\/2022\/06\/Highway-Hotel_Logo.png\" class=\"attachment-full size-full wp-image-12969\" alt=\"Logo de l&#039;h\u00f4tel Highway \u00e0 Herbolzheim\" \/>\t\t\t\t\t\t\t\t\t\t\t\t\t\t\t<\/div>\n\t\t\t\t<\/div>\n\t\t\t\t\t<\/div>\n\t\t<\/div>\n\t\t\t\t<div class=\"elementor-column elementor-col-25 elementor-inner-column elementor-element elementor-element-ca4cd6d elementor-invisible\" data-id=\"ca4cd6d\" data-element_type=\"column\" data-settings=\"{&quot;animation&quot;:&quot;slideInUp&quot;}\">\n\t\t\t<div class=\"elementor-widget-wrap elementor-element-populated\">\n\t\t\t\t\t\t<div class=\"elementor-element elementor-element-16fa6d2 elementor-widget elementor-widget-heading\" data-id=\"16fa6d2\" data-element_type=\"widget\" data-widget_type=\"heading.default\">\n\t\t\t\t<div class=\"elementor-widget-container\">\n\t\t\t\t\t<h5 class=\"elementor-heading-title elementor-size-default\">Contactez-nous<\/h5>\t\t\t\t<\/div>\n\t\t\t\t<\/div>\n\t\t\t\t<div class=\"elementor-element elementor-element-88150aa elementor-widget elementor-widget-text-editor\" data-id=\"88150aa\" data-element_type=\"widget\" data-widget_type=\"text-editor.default\">\n\t\t\t\t<div class=\"elementor-widget-container\">\n\t\t\t\t\t\t\t\t\t<p>Highway-Hotel<br>Breisgauallee 6<br>79336 Herbolzheim<\/p><p>T\u00e9l\u00e9phone : <a href=\"tel:+4976439350\">+49 (0) 7643 \/ 935-0<\/a><br>E-mail : <a href=\"mailto:info@highway-hotel.com\">info@highway-hotel.com<\/a><\/p>\t\t\t\t\t\t\t\t<\/div>\n\t\t\t\t<\/div>\n\t\t\t\t\t<\/div>\n\t\t<\/div>\n\t\t\t\t<div class=\"elementor-column elementor-col-25 elementor-inner-column elementor-element elementor-element-764299d elementor-invisible\" data-id=\"764299d\" data-element_type=\"column\" data-settings=\"{&quot;animation&quot;:&quot;slideInRight&quot;}\">\n\t\t\t<div class=\"elementor-widget-wrap elementor-element-populated\">\n\t\t\t\t\t\t<div class=\"elementor-element elementor-element-8fa182e elementor-widget elementor-widget-image\" data-id=\"8fa182e\" data-element_type=\"widget\" data-widget_type=\"image.default\">\n\t\t\t\t<div class=\"elementor-widget-container\">\n\t\t\t\t\t\t\t\t\t\t\t\t\t\t\t<img decoding=\"async\" src=\"https:\/\/highway-hotel.com\/wp-content\/uploads\/sites\/26\/elementor\/thumbs\/Urkunde-Hotel-Highway-rjbycwbx6qlbq3gi2gibxn7758g56bfmxhkx6wdsm0.jpg\" title=\"Certificat H\u00f4tel Highway\" alt=\"Certificat H\u00f4tel Highway\" loading=\"lazy\" \/>\t\t\t\t\t\t\t\t\t\t\t\t\t\t\t<\/div>\n\t\t\t\t<\/div>\n\t\t\t\t\t<\/div>\n\t\t<\/div>\n\t\t\t\t<div class=\"elementor-column elementor-col-25 elementor-inner-column elementor-element elementor-element-7768a2e elementor-invisible\" data-id=\"7768a2e\" data-element_type=\"column\" data-settings=\"{&quot;animation&quot;:&quot;slideInRight&quot;}\">\n\t\t\t<div class=\"elementor-widget-wrap elementor-element-populated\">\n\t\t\t\t\t\t<div class=\"elementor-element elementor-element-77b1c6b elementor-widget elementor-widget-html\" data-id=\"77b1c6b\" data-element_type=\"widget\" data-widget_type=\"html.default\">\n\t\t\t\t<div class=\"elementor-widget-container\">\n\t\t\t\t\t<iframe src=\"https:\/\/hotelclass.info\/ws\/d4f2d798-046f-4b9a-bf09-69f560f4c08a?lang=de\" width=\"160\" height=\"164\" align=\"left\" scrolling=\"no\" marginheight=\"0\" marginwidth=\"0\" frameborder=\"0\"><\/iframe>\t\t\t\t<\/div>\n\t\t\t\t<\/div>\n\t\t\t\t\t<\/div>\n\t\t<\/div>\n\t\t\t\t\t<\/div>\n\t\t<\/section>\n\t\t\t\t\t<\/div>\n\t\t<\/div>\n\t\t\t\t\t<\/div>\n\t\t<\/section>\n\t\t\t\t<section data-particle_enable=\"false\" data-particle-mobile-disabled=\"false\" class=\"elementor-section elementor-top-section elementor-element elementor-element-ea08871 elementor-section-boxed elementor-section-height-default elementor-section-height-default\" data-id=\"ea08871\" data-element_type=\"section\">\n\t\t\t\t\t\t<div class=\"elementor-container elementor-column-gap-default\">\n\t\t\t\t\t<div class=\"elementor-column elementor-col-100 elementor-top-column elementor-element elementor-element-de5cdb1\" data-id=\"de5cdb1\" data-element_type=\"column\">\n\t\t\t<div class=\"elementor-widget-wrap\">\n\t\t\t\t\t\t\t<\/div>\n\t\t<\/div>\n\t\t\t\t\t<\/div>\n\t\t<\/section>\n\t\t\t\t<\/div>\n\t\t<\/div>\n\t\t\t\t\t\t<\/div>\n\t\t\t\t<\/div>\n\t\t\t\t\t<\/div>\n\t\t<\/div>\n\t\t\t\t\t<\/div>\n\t\t<\/section>\n\t\t\t\t<\/div>\n\t\t","protected":false},"excerpt":{"rendered":"<p>Accessibilit\u00e9 D\u00e9claration d&#8217;accessibilit\u00e9 Nous nous effor\u00e7ons de rendre notre site Web accessible \u00e0 tous, conform\u00e9ment \u00e0 la loi sur le renforcement de l&#8217;accessibilit\u00e9 (BFSG) et \u00e0 la directive europ\u00e9enne 2019\/882. Notre objectif est de permettre \u00e0 tous les utilisateurs &#8211; ind\u00e9pendamment de leurs limitations physiques ou techniques &#8211; d&#8217;acc\u00e9der de mani\u00e8re \u00e9gale aux informations, services [&hellip;]<\/p>\n","protected":false},"author":25,"featured_media":13201,"parent":0,"menu_order":0,"comment_status":"closed","ping_status":"closed","template":"","meta":{"iawp_total_views":0,"footnotes":""},"class_list":["post-29996","page","type-page","status-publish","has-post-thumbnail","hentry"],"yoast_head":"<!-- This site is optimized with the Yoast SEO plugin v26.7 - https:\/\/yoast.com\/wordpress\/plugins\/seo\/ -->\n<title>Highway Hotel \u00e0 Herbolzheim | Accessibilit\u00e9<\/title>\n<meta name=\"description\" content=\"Bienvenue au Highway Hotel \u00e0 Herbolzheim. Vous trouverez ici toutes les informations relatives \u00e0 l&#039;accessibilit\u00e9 du site.\" \/>\n<meta name=\"robots\" content=\"index, follow, max-snippet:-1, max-image-preview:large, max-video-preview:-1\" \/>\n<link rel=\"canonical\" href=\"https:\/\/highway-hotel.com\/fr\/de\/accessibilite\/\" \/>\n<meta property=\"og:locale\" content=\"fr_FR\" \/>\n<meta property=\"og:type\" content=\"article\" \/>\n<meta property=\"og:title\" content=\"Highway Hotel \u00e0 Herbolzheim | Accessibilit\u00e9\" \/>\n<meta property=\"og:description\" content=\"Bienvenue au Highway Hotel \u00e0 Herbolzheim. Vous trouverez ici toutes les informations relatives \u00e0 l&#039;accessibilit\u00e9 du site.\" \/>\n<meta property=\"og:url\" content=\"https:\/\/highway-hotel.com\/fr\/de\/accessibilite\/\" \/>\n<meta property=\"og:site_name\" content=\"Highway Hotel\" \/>\n<meta property=\"article:modified_time\" content=\"2026-03-31T06:49:39+00:00\" \/>\n<meta property=\"og:image\" content=\"https:\/\/highway-hotel.com\/wp-content\/uploads\/sites\/26\/2022\/10\/Highway_Hotel_Aussenansicht-3.jpg\" \/>\n\t<meta property=\"og:image:width\" content=\"1600\" \/>\n\t<meta property=\"og:image:height\" content=\"1067\" \/>\n\t<meta property=\"og:image:type\" content=\"image\/jpeg\" \/>\n<meta name=\"twitter:card\" content=\"summary_large_image\" \/>\n<meta name=\"twitter:label1\" content=\"Est. reading time\" \/>\n\t<meta name=\"twitter:data1\" content=\"2 minutes\" \/>\n<script type=\"application\/ld+json\" class=\"yoast-schema-graph\">{\"@context\":\"https:\/\/schema.org\",\"@graph\":[{\"@type\":\"WebPage\",\"@id\":\"https:\/\/highway-hotel.com\/fr\/de\/accessibilite\/\",\"url\":\"https:\/\/highway-hotel.com\/fr\/de\/accessibilite\/\",\"name\":\"Highway Hotel \u00e0 Herbolzheim | Accessibilit\u00e9\",\"isPartOf\":{\"@id\":\"https:\/\/highway-hotel.com\/fr\/de\/#website\"},\"primaryImageOfPage\":{\"@id\":\"https:\/\/highway-hotel.com\/fr\/de\/accessibilite\/#primaryimage\"},\"image\":{\"@id\":\"https:\/\/highway-hotel.com\/fr\/de\/accessibilite\/#primaryimage\"},\"thumbnailUrl\":\"https:\/\/highway-hotel.com\/wp-content\/uploads\/sites\/26\/2022\/10\/Highway_Hotel_Aussenansicht-3.jpg\",\"datePublished\":\"2025-07-21T20:19:18+00:00\",\"dateModified\":\"2026-03-31T06:49:39+00:00\",\"description\":\"Bienvenue au Highway Hotel \u00e0 Herbolzheim. Vous trouverez ici toutes les informations relatives \u00e0 l'accessibilit\u00e9 du site.\",\"breadcrumb\":{\"@id\":\"https:\/\/highway-hotel.com\/fr\/de\/accessibilite\/#breadcrumb\"},\"inLanguage\":\"fr-FR\",\"potentialAction\":[{\"@type\":\"ReadAction\",\"target\":[\"https:\/\/highway-hotel.com\/fr\/de\/accessibilite\/\"]}]},{\"@type\":\"ImageObject\",\"inLanguage\":\"fr-FR\",\"@id\":\"https:\/\/highway-hotel.com\/fr\/de\/accessibilite\/#primaryimage\",\"url\":\"https:\/\/highway-hotel.com\/wp-content\/uploads\/sites\/26\/2022\/10\/Highway_Hotel_Aussenansicht-3.jpg\",\"contentUrl\":\"https:\/\/highway-hotel.com\/wp-content\/uploads\/sites\/26\/2022\/10\/Highway_Hotel_Aussenansicht-3.jpg\",\"width\":1600,\"height\":1067,\"caption\":\"Vue ext\u00e9rieure du Highway Hotel \u00e0 Herbolzheim\"},{\"@type\":\"BreadcrumbList\",\"@id\":\"https:\/\/highway-hotel.com\/fr\/de\/accessibilite\/#breadcrumb\",\"itemListElement\":[{\"@type\":\"ListItem\",\"position\":1,\"name\":\"Startseite\",\"item\":\"https:\/\/highway-hotel.com\/fr\/de\/\"},{\"@type\":\"ListItem\",\"position\":2,\"name\":\"Accessibilit\u00e9\"}]},{\"@type\":\"WebSite\",\"@id\":\"https:\/\/highway-hotel.com\/fr\/de\/#website\",\"url\":\"https:\/\/highway-hotel.com\/fr\/de\/\",\"name\":\"Highway Hotel\",\"description\":\"Highway Hotel\",\"publisher\":{\"@id\":\"https:\/\/highway-hotel.com\/fr\/de\/#organization\"},\"potentialAction\":[{\"@type\":\"SearchAction\",\"target\":{\"@type\":\"EntryPoint\",\"urlTemplate\":\"https:\/\/highway-hotel.com\/fr\/de\/?s={search_term_string}\"},\"query-input\":{\"@type\":\"PropertyValueSpecification\",\"valueRequired\":true,\"valueName\":\"search_term_string\"}}],\"inLanguage\":\"fr-FR\"},{\"@type\":\"Organization\",\"@id\":\"https:\/\/highway-hotel.com\/fr\/de\/#organization\",\"name\":\"Highway Hotel\",\"url\":\"https:\/\/highway-hotel.com\/fr\/de\/\",\"logo\":{\"@type\":\"ImageObject\",\"inLanguage\":\"fr-FR\",\"@id\":\"https:\/\/highway-hotel.com\/fr\/de\/#\/schema\/logo\/image\/\",\"url\":\"https:\/\/highway-hotel.com\/wp-content\/uploads\/sites\/26\/2022\/06\/Highway-Hotel_Logo_Favicon-1.png\",\"contentUrl\":\"https:\/\/highway-hotel.com\/wp-content\/uploads\/sites\/26\/2022\/06\/Highway-Hotel_Logo_Favicon-1.png\",\"width\":158,\"height\":127,\"caption\":\"Highway Hotel\"},\"image\":{\"@id\":\"https:\/\/highway-hotel.com\/fr\/de\/#\/schema\/logo\/image\/\"}}]}<\/script>\n<!-- \/ Yoast SEO plugin. -->","yoast_head_json":{"title":"Highway Hotel \u00e0 Herbolzheim | Accessibilit\u00e9","description":"Bienvenue au Highway Hotel \u00e0 Herbolzheim. Vous trouverez ici toutes les informations relatives \u00e0 l'accessibilit\u00e9 du site.","robots":{"index":"index","follow":"follow","max-snippet":"max-snippet:-1","max-image-preview":"max-image-preview:large","max-video-preview":"max-video-preview:-1"},"canonical":"https:\/\/highway-hotel.com\/fr\/de\/accessibilite\/","og_locale":"fr_FR","og_type":"article","og_title":"Highway Hotel \u00e0 Herbolzheim | Accessibilit\u00e9","og_description":"Bienvenue au Highway Hotel \u00e0 Herbolzheim. Vous trouverez ici toutes les informations relatives \u00e0 l'accessibilit\u00e9 du site.","og_url":"https:\/\/highway-hotel.com\/fr\/de\/accessibilite\/","og_site_name":"Highway Hotel","article_modified_time":"2026-03-31T06:49:39+00:00","og_image":[{"width":1600,"height":1067,"url":"https:\/\/highway-hotel.com\/wp-content\/uploads\/sites\/26\/2022\/10\/Highway_Hotel_Aussenansicht-3.jpg","type":"image\/jpeg"}],"twitter_card":"summary_large_image","twitter_misc":{"Est. reading time":"2 minutes"},"schema":{"@context":"https:\/\/schema.org","@graph":[{"@type":"WebPage","@id":"https:\/\/highway-hotel.com\/fr\/de\/accessibilite\/","url":"https:\/\/highway-hotel.com\/fr\/de\/accessibilite\/","name":"Highway Hotel \u00e0 Herbolzheim | Accessibilit\u00e9","isPartOf":{"@id":"https:\/\/highway-hotel.com\/fr\/de\/#website"},"primaryImageOfPage":{"@id":"https:\/\/highway-hotel.com\/fr\/de\/accessibilite\/#primaryimage"},"image":{"@id":"https:\/\/highway-hotel.com\/fr\/de\/accessibilite\/#primaryimage"},"thumbnailUrl":"https:\/\/highway-hotel.com\/wp-content\/uploads\/sites\/26\/2022\/10\/Highway_Hotel_Aussenansicht-3.jpg","datePublished":"2025-07-21T20:19:18+00:00","dateModified":"2026-03-31T06:49:39+00:00","description":"Bienvenue au Highway Hotel \u00e0 Herbolzheim. Vous trouverez ici toutes les informations relatives \u00e0 l'accessibilit\u00e9 du site.","breadcrumb":{"@id":"https:\/\/highway-hotel.com\/fr\/de\/accessibilite\/#breadcrumb"},"inLanguage":"fr-FR","potentialAction":[{"@type":"ReadAction","target":["https:\/\/highway-hotel.com\/fr\/de\/accessibilite\/"]}]},{"@type":"ImageObject","inLanguage":"fr-FR","@id":"https:\/\/highway-hotel.com\/fr\/de\/accessibilite\/#primaryimage","url":"https:\/\/highway-hotel.com\/wp-content\/uploads\/sites\/26\/2022\/10\/Highway_Hotel_Aussenansicht-3.jpg","contentUrl":"https:\/\/highway-hotel.com\/wp-content\/uploads\/sites\/26\/2022\/10\/Highway_Hotel_Aussenansicht-3.jpg","width":1600,"height":1067,"caption":"Vue ext\u00e9rieure du Highway Hotel \u00e0 Herbolzheim"},{"@type":"BreadcrumbList","@id":"https:\/\/highway-hotel.com\/fr\/de\/accessibilite\/#breadcrumb","itemListElement":[{"@type":"ListItem","position":1,"name":"Startseite","item":"https:\/\/highway-hotel.com\/fr\/de\/"},{"@type":"ListItem","position":2,"name":"Accessibilit\u00e9"}]},{"@type":"WebSite","@id":"https:\/\/highway-hotel.com\/fr\/de\/#website","url":"https:\/\/highway-hotel.com\/fr\/de\/","name":"Highway Hotel","description":"Highway Hotel","publisher":{"@id":"https:\/\/highway-hotel.com\/fr\/de\/#organization"},"potentialAction":[{"@type":"SearchAction","target":{"@type":"EntryPoint","urlTemplate":"https:\/\/highway-hotel.com\/fr\/de\/?s={search_term_string}"},"query-input":{"@type":"PropertyValueSpecification","valueRequired":true,"valueName":"search_term_string"}}],"inLanguage":"fr-FR"},{"@type":"Organization","@id":"https:\/\/highway-hotel.com\/fr\/de\/#organization","name":"Highway Hotel","url":"https:\/\/highway-hotel.com\/fr\/de\/","logo":{"@type":"ImageObject","inLanguage":"fr-FR","@id":"https:\/\/highway-hotel.com\/fr\/de\/#\/schema\/logo\/image\/","url":"https:\/\/highway-hotel.com\/wp-content\/uploads\/sites\/26\/2022\/06\/Highway-Hotel_Logo_Favicon-1.png","contentUrl":"https:\/\/highway-hotel.com\/wp-content\/uploads\/sites\/26\/2022\/06\/Highway-Hotel_Logo_Favicon-1.png","width":158,"height":127,"caption":"Highway Hotel"},"image":{"@id":"https:\/\/highway-hotel.com\/fr\/de\/#\/schema\/logo\/image\/"}}]}},"_links":{"self":[{"href":"https:\/\/highway-hotel.com\/fr\/de\/wp-json\/wp\/v2\/pages\/29996","targetHints":{"allow":["GET"]}}],"collection":[{"href":"https:\/\/highway-hotel.com\/fr\/de\/wp-json\/wp\/v2\/pages"}],"about":[{"href":"https:\/\/highway-hotel.com\/fr\/de\/wp-json\/wp\/v2\/types\/page"}],"author":[{"embeddable":true,"href":"https:\/\/highway-hotel.com\/fr\/de\/wp-json\/wp\/v2\/users\/25"}],"replies":[{"embeddable":true,"href":"https:\/\/highway-hotel.com\/fr\/de\/wp-json\/wp\/v2\/comments?post=29996"}],"version-history":[{"count":3,"href":"https:\/\/highway-hotel.com\/fr\/de\/wp-json\/wp\/v2\/pages\/29996\/revisions"}],"predecessor-version":[{"id":30015,"href":"https:\/\/highway-hotel.com\/fr\/de\/wp-json\/wp\/v2\/pages\/29996\/revisions\/30015"}],"wp:featuredmedia":[{"embeddable":true,"href":"https:\/\/highway-hotel.com\/fr\/de\/wp-json\/wp\/v2\/media\/13201"}],"wp:attachment":[{"href":"https:\/\/highway-hotel.com\/fr\/de\/wp-json\/wp\/v2\/media?parent=29996"}],"curies":[{"name":"wp","href":"https:\/\/api.w.org\/{rel}","templated":true}]}}