
{"id":28881,"date":"2024-11-19T14:58:58","date_gmt":"2024-11-19T13:58:58","guid":{"rendered":"https:\/\/highway-hotel.com\/de\/conditions-dannulation\/"},"modified":"2024-11-25T13:30:03","modified_gmt":"2024-11-25T12:30:03","slug":"conditions-dannulation","status":"publish","type":"page","link":"https:\/\/highway-hotel.com\/fr\/de\/conditions-dannulation\/","title":{"rendered":"Conditions d&#8217;annulation"},"content":{"rendered":"\t\t<div data-elementor-type=\"wp-page\" data-elementor-id=\"28881\" class=\"elementor elementor-28881 elementor-28850\" data-elementor-post-type=\"page\">\n\t\t\t\t\t\t<section data-particle_enable=\"false\" data-particle-mobile-disabled=\"false\" class=\"elementor-section elementor-top-section elementor-element elementor-element-394c735 elementor-section-boxed elementor-section-height-default elementor-section-height-default\" data-id=\"394c735\" data-element_type=\"section\">\n\t\t\t\t\t\t<div class=\"elementor-container elementor-column-gap-default\">\n\t\t\t\t\t<div class=\"elementor-column elementor-col-100 elementor-top-column elementor-element elementor-element-08eb89b\" data-id=\"08eb89b\" data-element_type=\"column\">\n\t\t\t<div class=\"elementor-widget-wrap elementor-element-populated\">\n\t\t\t\t\t\t<div class=\"elementor-element elementor-element-174b9e4 elementor-widget elementor-widget-heading\" data-id=\"174b9e4\" data-element_type=\"widget\" data-widget_type=\"heading.default\">\n\t\t\t\t<div class=\"elementor-widget-container\">\n\t\t\t\t\t<h1 class=\"elementor-heading-title elementor-size-default\">Conditions d'annulation<\/h1>\t\t\t\t<\/div>\n\t\t\t\t<\/div>\n\t\t\t\t<div class=\"elementor-element elementor-element-c2b679d elementor-widget-divider--view-line elementor-widget elementor-widget-divider\" data-id=\"c2b679d\" data-element_type=\"widget\" data-widget_type=\"divider.default\">\n\t\t\t\t<div class=\"elementor-widget-container\">\n\t\t\t\t\t\t\t<div class=\"elementor-divider\">\n\t\t\t<span class=\"elementor-divider-separator\">\n\t\t\t\t\t\t<\/span>\n\t\t<\/div>\n\t\t\t\t\t\t<\/div>\n\t\t\t\t<\/div>\n\t\t\t\t<div class=\"elementor-element elementor-element-5605186 elementor-widget elementor-widget-spacer\" data-id=\"5605186\" data-element_type=\"widget\" data-widget_type=\"spacer.default\">\n\t\t\t\t<div class=\"elementor-widget-container\">\n\t\t\t\t\t\t\t<div class=\"elementor-spacer\">\n\t\t\t<div class=\"elementor-spacer-inner\"><\/div>\n\t\t<\/div>\n\t\t\t\t\t\t<\/div>\n\t\t\t\t<\/div>\n\t\t\t\t\t<\/div>\n\t\t<\/div>\n\t\t\t\t\t<\/div>\n\t\t<\/section>\n\t\t\t\t<section data-particle_enable=\"false\" data-particle-mobile-disabled=\"false\" class=\"elementor-section elementor-top-section elementor-element elementor-element-a9cb249 elementor-section-boxed elementor-section-height-default elementor-section-height-default\" data-id=\"a9cb249\" data-element_type=\"section\">\n\t\t\t\t\t\t<div class=\"elementor-container elementor-column-gap-default\">\n\t\t\t\t\t<div class=\"elementor-column elementor-col-100 elementor-top-column elementor-element elementor-element-9e9d514\" data-id=\"9e9d514\" data-element_type=\"column\">\n\t\t\t<div class=\"elementor-widget-wrap elementor-element-populated\">\n\t\t\t\t\t\t<div class=\"elementor-element elementor-element-b880651 elementor-widget elementor-widget-text-editor\" data-id=\"b880651\" data-element_type=\"widget\" data-widget_type=\"text-editor.default\">\n\t\t\t\t<div class=\"elementor-widget-container\">\n\t\t\t\t\t\t\t\t\t<h6><strong>D\u00e9lais d&#8217;annulation g\u00e9n\u00e9raux<\/strong><\/h6>\n<ul>\n<li>Annulation sans frais:&nbsp;Les clients peuvent annuler leur r\u00e9servation sans frais jusqu&#8217;\u00e0&nbsp;24 heures avant la date d&#8217;arriv\u00e9e&nbsp;.<\/li>\n<li>Annulation dans les 24 heures avant l&#8217;arriv\u00e9e:&nbsp;Dans ce cas, des frais d&#8217;annulation s&#8217;\u00e9levant \u00e0&nbsp;50% du montant de la r\u00e9servation seront pr\u00e9lev\u00e9s jusqu&#8217;\u00e0 12h le jour de l&#8217;arriv\u00e9e&nbsp; Apr\u00e8s 12 heures, la 1\u00e8re nuit sera factur\u00e9e \u00e0 100%. <\/li>\n<\/ul>\n<h6><strong>Non-arriv\u00e9e (no-show)<\/strong><\/h6>\n<ul>\n<li>Si la r\u00e9servation n&#8217;est pas annul\u00e9e avant 12 heures le jour de l&#8217;arriv\u00e9e et que le client ne se pr\u00e9sente pas, le montant total de la r\u00e9servation (100 %) sera factur\u00e9.<\/li>\n<\/ul>\n<h6><strong>R\u00e9servations de groupe (\u00e0 partir de 5 chambres)<\/strong><\/h6>\n<ul>\n<li>Annulation sans frais:&nbsp;Les r\u00e9servations de groupe peuvent \u00eatre annul\u00e9es sans frais jusqu&#8217;\u00e0&nbsp;14 jours avant la date d&#8217;arriv\u00e9e&nbsp;<\/li>\n<li>Annulation dans les 14 jours avant l&#8217;arriv\u00e9e:&nbsp;Des frais d&#8217;annulation de&nbsp;50 % du montant total de la r\u00e9servation&nbsp;seront pr\u00e9lev\u00e9s.<\/li>\n<li>Annulation \u00e0 moins de 7 jours de l&#8217;arriv\u00e9e&nbsp;Des frais d&#8217;annulation de&nbsp;80 % du montant total de la r\u00e9servation&nbsp;seront pr\u00e9lev\u00e9s.<\/li>\n<\/ul>\n<h6><strong>Tarifs sp\u00e9ciaux et r\u00e9servations non remboursables<\/strong><\/h6>\n<ul>\n<li>Les r\u00e9servations avec des tarifs sp\u00e9ciaux (par exemple, rabais pour r\u00e9servation anticip\u00e9e, tarif mobile) ou des tarifs non remboursables sont soumis \u00e0 des conditions distinctes, qui sont indiqu\u00e9es au moment de la r\u00e9servation. Ces r\u00e9servations ne peuvent pas \u00eatre annul\u00e9es sans frais et le montant total est d\u00fb en cas d&#8217;annulation ou de non-pr\u00e9sentation. <\/li>\n<\/ul>\n<h6><strong>Sondervereinbarungen<\/strong><\/h6>\n<ul>\n<li>Les accords d&#8217;annulation individuels pour les \u00e9v\u00e9nements sp\u00e9ciaux ou les voyages de groupe de plus de 10 chambres, ainsi que les conf\u00e9rences, doivent \u00eatre consign\u00e9s par \u00e9crit \u00e0 l&#8217;avance.<\/li>\n<\/ul>\n<h6><strong>Contact pour les annulations<\/strong><\/h6>\n<ul>\n<li>Les annulations doivent \u00eatre effectu\u00e9es par \u00e9crit par e-mail \u00e0&nbsp;info@highway-hotel.com&nbsp;ou par t\u00e9l\u00e9phone au&nbsp;<a href=\"tel:+4976439350\">+49 (0) 7643 \/ 935-0<\/a><\/li>\n<\/ul>\n<h6><strong>Force majeure<\/strong><\/h6>\n<ul>\n<li>Si l&#8217;annulation est due \u00e0 des circonstances impr\u00e9visibles (par exemple, catastrophes naturelles, pand\u00e9mies ou interdictions gouvernementales de voyager), l&#8217;h\u00f4tel se r\u00e9serve le droit de prendre des dispositions individuelles.<\/li>\n<\/ul>\t\t\t\t\t\t\t\t<\/div>\n\t\t\t\t<\/div>\n\t\t\t\t\t<\/div>\n\t\t<\/div>\n\t\t\t\t\t<\/div>\n\t\t<\/section>\n\t\t\t\t<section data-particle_enable=\"false\" data-particle-mobile-disabled=\"false\" class=\"elementor-section elementor-top-section elementor-element elementor-element-2043642 elementor-section-full_width elementor-hidden-tablet elementor-hidden-mobile elementor-section-height-default elementor-section-height-default\" data-id=\"2043642\" data-element_type=\"section\">\n\t\t\t\t\t\t<div class=\"elementor-container elementor-column-gap-default\">\n\t\t\t\t\t<div class=\"elementor-column elementor-col-100 elementor-top-column elementor-element elementor-element-fd1bc5f\" data-id=\"fd1bc5f\" data-element_type=\"column\">\n\t\t\t<div class=\"elementor-widget-wrap elementor-element-populated\">\n\t\t\t\t\t\t<div class=\"elementor-element elementor-element-d542ce1 elementor-widget elementor-widget-shortcode\" data-id=\"d542ce1\" data-element_type=\"widget\" data-widget_type=\"shortcode.default\">\n\t\t\t\t<div class=\"elementor-widget-container\">\n\t\t\t\t\t\t\t<div class=\"elementor-shortcode\">\t\t<div data-elementor-type=\"section\" data-elementor-id=\"22037\" class=\"elementor elementor-22037 elementor-788\" data-elementor-post-type=\"elementor_library\">\n\t\t\t\t\t<section data-particle_enable=\"false\" data-particle-mobile-disabled=\"false\" class=\"elementor-section elementor-top-section elementor-element elementor-element-94bfb7e elementor-section-boxed elementor-section-height-default elementor-section-height-default\" data-id=\"94bfb7e\" data-element_type=\"section\" data-settings=\"{&quot;background_background&quot;:&quot;classic&quot;}\">\n\t\t\t\t\t\t<div class=\"elementor-container elementor-column-gap-default\">\n\t\t\t\t\t<div class=\"elementor-column elementor-col-100 elementor-top-column elementor-element elementor-element-0186d69\" data-id=\"0186d69\" data-element_type=\"column\">\n\t\t\t<div class=\"elementor-widget-wrap elementor-element-populated\">\n\t\t\t\t\t\t<section data-particle_enable=\"false\" data-particle-mobile-disabled=\"false\" class=\"elementor-section elementor-inner-section elementor-element elementor-element-c88e1cb elementor-section-boxed elementor-section-height-default elementor-section-height-default\" data-id=\"c88e1cb\" data-element_type=\"section\" data-settings=\"{&quot;background_background&quot;:&quot;classic&quot;}\">\n\t\t\t\t\t\t<div class=\"elementor-container elementor-column-gap-default\">\n\t\t\t\t\t<div class=\"elementor-column elementor-col-25 elementor-inner-column elementor-element elementor-element-eea3064 elementor-invisible\" data-id=\"eea3064\" data-element_type=\"column\" data-settings=\"{&quot;animation&quot;:&quot;slideInLeft&quot;}\">\n\t\t\t<div class=\"elementor-widget-wrap elementor-element-populated\">\n\t\t\t\t\t\t<div class=\"elementor-element elementor-element-4d75c0d elementor-widget elementor-widget-image\" data-id=\"4d75c0d\" data-element_type=\"widget\" data-widget_type=\"image.default\">\n\t\t\t\t<div class=\"elementor-widget-container\">\n\t\t\t\t\t\t\t\t\t\t\t\t\t\t\t<img decoding=\"async\" width=\"179\" height=\"98\" src=\"https:\/\/highway-hotel.com\/wp-content\/uploads\/sites\/26\/2022\/06\/Highway-Hotel_Logo.png\" class=\"attachment-full size-full wp-image-12969\" alt=\"Logo de l&#039;h\u00f4tel Highway \u00e0 Herbolzheim\" \/>\t\t\t\t\t\t\t\t\t\t\t\t\t\t\t<\/div>\n\t\t\t\t<\/div>\n\t\t\t\t\t<\/div>\n\t\t<\/div>\n\t\t\t\t<div class=\"elementor-column elementor-col-25 elementor-inner-column elementor-element elementor-element-ca4cd6d elementor-invisible\" data-id=\"ca4cd6d\" data-element_type=\"column\" data-settings=\"{&quot;animation&quot;:&quot;slideInUp&quot;}\">\n\t\t\t<div class=\"elementor-widget-wrap elementor-element-populated\">\n\t\t\t\t\t\t<div class=\"elementor-element elementor-element-16fa6d2 elementor-widget elementor-widget-heading\" data-id=\"16fa6d2\" data-element_type=\"widget\" data-widget_type=\"heading.default\">\n\t\t\t\t<div class=\"elementor-widget-container\">\n\t\t\t\t\t<h5 class=\"elementor-heading-title elementor-size-default\">Contactez-nous<\/h5>\t\t\t\t<\/div>\n\t\t\t\t<\/div>\n\t\t\t\t<div class=\"elementor-element elementor-element-88150aa elementor-widget elementor-widget-text-editor\" data-id=\"88150aa\" data-element_type=\"widget\" data-widget_type=\"text-editor.default\">\n\t\t\t\t<div class=\"elementor-widget-container\">\n\t\t\t\t\t\t\t\t\t<p>Highway-Hotel<br>Breisgauallee 6<br>79336 Herbolzheim<\/p><p>T\u00e9l\u00e9phone : <a href=\"tel:+4976439350\">+49 (0) 7643 \/ 935-0<\/a><br>E-mail : <a href=\"mailto:info@highway-hotel.com\">info@highway-hotel.com<\/a><\/p>\t\t\t\t\t\t\t\t<\/div>\n\t\t\t\t<\/div>\n\t\t\t\t\t<\/div>\n\t\t<\/div>\n\t\t\t\t<div class=\"elementor-column elementor-col-25 elementor-inner-column elementor-element elementor-element-764299d elementor-invisible\" data-id=\"764299d\" data-element_type=\"column\" data-settings=\"{&quot;animation&quot;:&quot;slideInRight&quot;}\">\n\t\t\t<div class=\"elementor-widget-wrap elementor-element-populated\">\n\t\t\t\t\t\t<div class=\"elementor-element elementor-element-8fa182e elementor-widget elementor-widget-image\" data-id=\"8fa182e\" data-element_type=\"widget\" data-widget_type=\"image.default\">\n\t\t\t\t<div class=\"elementor-widget-container\">\n\t\t\t\t\t\t\t\t\t\t\t\t\t\t\t<img decoding=\"async\" src=\"https:\/\/highway-hotel.com\/wp-content\/uploads\/sites\/26\/elementor\/thumbs\/Urkunde-Hotel-Highway-rjbycwbx6qlbq3gi2gibxn7758g56bfmxhkx6wdsm0.jpg\" title=\"Certificat H\u00f4tel Highway\" alt=\"Certificat H\u00f4tel Highway\" loading=\"lazy\" \/>\t\t\t\t\t\t\t\t\t\t\t\t\t\t\t<\/div>\n\t\t\t\t<\/div>\n\t\t\t\t\t<\/div>\n\t\t<\/div>\n\t\t\t\t<div class=\"elementor-column elementor-col-25 elementor-inner-column elementor-element elementor-element-7768a2e elementor-invisible\" data-id=\"7768a2e\" data-element_type=\"column\" data-settings=\"{&quot;animation&quot;:&quot;slideInRight&quot;}\">\n\t\t\t<div class=\"elementor-widget-wrap elementor-element-populated\">\n\t\t\t\t\t\t<div class=\"elementor-element elementor-element-77b1c6b elementor-widget elementor-widget-html\" data-id=\"77b1c6b\" data-element_type=\"widget\" data-widget_type=\"html.default\">\n\t\t\t\t<div class=\"elementor-widget-container\">\n\t\t\t\t\t<iframe src=\"https:\/\/hotelclass.info\/ws\/d4f2d798-046f-4b9a-bf09-69f560f4c08a?lang=de\" width=\"160\" height=\"164\" align=\"left\" scrolling=\"no\" marginheight=\"0\" marginwidth=\"0\" frameborder=\"0\"><\/iframe>\t\t\t\t<\/div>\n\t\t\t\t<\/div>\n\t\t\t\t\t<\/div>\n\t\t<\/div>\n\t\t\t\t\t<\/div>\n\t\t<\/section>\n\t\t\t\t\t<\/div>\n\t\t<\/div>\n\t\t\t\t\t<\/div>\n\t\t<\/section>\n\t\t\t\t<section data-particle_enable=\"false\" data-particle-mobile-disabled=\"false\" class=\"elementor-section elementor-top-section elementor-element elementor-element-ea08871 elementor-section-boxed elementor-section-height-default elementor-section-height-default\" data-id=\"ea08871\" data-element_type=\"section\">\n\t\t\t\t\t\t<div class=\"elementor-container elementor-column-gap-default\">\n\t\t\t\t\t<div class=\"elementor-column elementor-col-100 elementor-top-column elementor-element elementor-element-de5cdb1\" data-id=\"de5cdb1\" data-element_type=\"column\">\n\t\t\t<div class=\"elementor-widget-wrap\">\n\t\t\t\t\t\t\t<\/div>\n\t\t<\/div>\n\t\t\t\t\t<\/div>\n\t\t<\/section>\n\t\t\t\t<\/div>\n\t\t<\/div>\n\t\t\t\t\t\t<\/div>\n\t\t\t\t<\/div>\n\t\t\t\t\t<\/div>\n\t\t<\/div>\n\t\t\t\t\t<\/div>\n\t\t<\/section>\n\t\t\t\t<\/div>\n\t\t","protected":false},"excerpt":{"rendered":"<p>Conditions d&#8217;annulation D\u00e9lais d&#8217;annulation g\u00e9n\u00e9raux Annulation sans frais:&nbsp;Les clients peuvent annuler leur r\u00e9servation sans frais jusqu&#8217;\u00e0&nbsp;24 heures avant la date d&#8217;arriv\u00e9e&nbsp;. Annulation dans les 24 heures avant l&#8217;arriv\u00e9e:&nbsp;Dans ce cas, des frais d&#8217;annulation s&#8217;\u00e9levant \u00e0&nbsp;50% du montant de la r\u00e9servation seront pr\u00e9lev\u00e9s jusqu&#8217;\u00e0 12h le jour de l&#8217;arriv\u00e9e&nbsp; Apr\u00e8s 12 heures, la 1\u00e8re nuit sera [&hellip;]<\/p>\n","protected":false},"author":17,"featured_media":13201,"parent":0,"menu_order":0,"comment_status":"closed","ping_status":"closed","template":"","meta":{"iawp_total_views":2,"footnotes":""},"class_list":["post-28881","page","type-page","status-publish","has-post-thumbnail","hentry"],"yoast_head":"<!-- This site is optimized with the Yoast SEO plugin v26.7 - https:\/\/yoast.com\/wordpress\/plugins\/seo\/ -->\n<title>Highway Hotel \u00e0 Herbolzheim | Conditions d&#039;annulation<\/title>\n<meta name=\"description\" content=\"Welcome to the Highway Hotel in Herbolzheim. Book directly online now - at the best price. Here you can find the cancellation conditions.\" \/>\n<meta name=\"robots\" content=\"index, follow, max-snippet:-1, max-image-preview:large, max-video-preview:-1\" \/>\n<link rel=\"canonical\" href=\"https:\/\/highway-hotel.com\/fr\/de\/conditions-dannulation\/\" \/>\n<meta property=\"og:locale\" content=\"fr_FR\" \/>\n<meta property=\"og:type\" content=\"article\" \/>\n<meta property=\"og:title\" content=\"Highway Hotel \u00e0 Herbolzheim | Conditions d&#039;annulation\" \/>\n<meta property=\"og:description\" content=\"Welcome to the Highway Hotel in Herbolzheim. Book directly online now - at the best price. Here you can find the cancellation conditions.\" \/>\n<meta property=\"og:url\" content=\"https:\/\/highway-hotel.com\/fr\/de\/conditions-dannulation\/\" \/>\n<meta property=\"og:site_name\" content=\"Highway Hotel\" \/>\n<meta property=\"article:modified_time\" content=\"2024-11-25T12:30:03+00:00\" \/>\n<meta property=\"og:image\" content=\"https:\/\/highway-hotel.com\/wp-content\/uploads\/sites\/26\/2022\/10\/Highway_Hotel_Aussenansicht-3.jpg\" \/>\n\t<meta property=\"og:image:width\" content=\"1600\" \/>\n\t<meta property=\"og:image:height\" content=\"1067\" \/>\n\t<meta property=\"og:image:type\" content=\"image\/jpeg\" \/>\n<meta name=\"twitter:card\" content=\"summary_large_image\" \/>\n<meta name=\"twitter:label1\" content=\"Est. reading time\" \/>\n\t<meta name=\"twitter:data1\" content=\"2 minutes\" \/>\n<script type=\"application\/ld+json\" class=\"yoast-schema-graph\">{\"@context\":\"https:\/\/schema.org\",\"@graph\":[{\"@type\":\"WebPage\",\"@id\":\"https:\/\/highway-hotel.com\/fr\/de\/conditions-dannulation\/\",\"url\":\"https:\/\/highway-hotel.com\/fr\/de\/conditions-dannulation\/\",\"name\":\"Highway Hotel \u00e0 Herbolzheim | Conditions d'annulation\",\"isPartOf\":{\"@id\":\"https:\/\/highway-hotel.com\/fr\/de\/#website\"},\"primaryImageOfPage\":{\"@id\":\"https:\/\/highway-hotel.com\/fr\/de\/conditions-dannulation\/#primaryimage\"},\"image\":{\"@id\":\"https:\/\/highway-hotel.com\/fr\/de\/conditions-dannulation\/#primaryimage\"},\"thumbnailUrl\":\"https:\/\/highway-hotel.com\/wp-content\/uploads\/sites\/26\/2022\/10\/Highway_Hotel_Aussenansicht-3.jpg\",\"datePublished\":\"2024-11-19T13:58:58+00:00\",\"dateModified\":\"2024-11-25T12:30:03+00:00\",\"description\":\"Welcome to the Highway Hotel in Herbolzheim. Book directly online now - at the best price. Here you can find the cancellation conditions.\",\"breadcrumb\":{\"@id\":\"https:\/\/highway-hotel.com\/fr\/de\/conditions-dannulation\/#breadcrumb\"},\"inLanguage\":\"fr-FR\",\"potentialAction\":[{\"@type\":\"ReadAction\",\"target\":[\"https:\/\/highway-hotel.com\/fr\/de\/conditions-dannulation\/\"]}]},{\"@type\":\"ImageObject\",\"inLanguage\":\"fr-FR\",\"@id\":\"https:\/\/highway-hotel.com\/fr\/de\/conditions-dannulation\/#primaryimage\",\"url\":\"https:\/\/highway-hotel.com\/wp-content\/uploads\/sites\/26\/2022\/10\/Highway_Hotel_Aussenansicht-3.jpg\",\"contentUrl\":\"https:\/\/highway-hotel.com\/wp-content\/uploads\/sites\/26\/2022\/10\/Highway_Hotel_Aussenansicht-3.jpg\",\"width\":1600,\"height\":1067,\"caption\":\"Vue ext\u00e9rieure du Highway Hotel \u00e0 Herbolzheim\"},{\"@type\":\"BreadcrumbList\",\"@id\":\"https:\/\/highway-hotel.com\/fr\/de\/conditions-dannulation\/#breadcrumb\",\"itemListElement\":[{\"@type\":\"ListItem\",\"position\":1,\"name\":\"Startseite\",\"item\":\"https:\/\/highway-hotel.com\/fr\/de\/\"},{\"@type\":\"ListItem\",\"position\":2,\"name\":\"Conditions d&#8217;annulation\"}]},{\"@type\":\"WebSite\",\"@id\":\"https:\/\/highway-hotel.com\/fr\/de\/#website\",\"url\":\"https:\/\/highway-hotel.com\/fr\/de\/\",\"name\":\"Highway Hotel\",\"description\":\"Highway Hotel\",\"publisher\":{\"@id\":\"https:\/\/highway-hotel.com\/fr\/de\/#organization\"},\"potentialAction\":[{\"@type\":\"SearchAction\",\"target\":{\"@type\":\"EntryPoint\",\"urlTemplate\":\"https:\/\/highway-hotel.com\/fr\/de\/?s={search_term_string}\"},\"query-input\":{\"@type\":\"PropertyValueSpecification\",\"valueRequired\":true,\"valueName\":\"search_term_string\"}}],\"inLanguage\":\"fr-FR\"},{\"@type\":\"Organization\",\"@id\":\"https:\/\/highway-hotel.com\/fr\/de\/#organization\",\"name\":\"Highway Hotel\",\"url\":\"https:\/\/highway-hotel.com\/fr\/de\/\",\"logo\":{\"@type\":\"ImageObject\",\"inLanguage\":\"fr-FR\",\"@id\":\"https:\/\/highway-hotel.com\/fr\/de\/#\/schema\/logo\/image\/\",\"url\":\"https:\/\/highway-hotel.com\/wp-content\/uploads\/sites\/26\/2022\/06\/Highway-Hotel_Logo_Favicon-1.png\",\"contentUrl\":\"https:\/\/highway-hotel.com\/wp-content\/uploads\/sites\/26\/2022\/06\/Highway-Hotel_Logo_Favicon-1.png\",\"width\":158,\"height\":127,\"caption\":\"Highway Hotel\"},\"image\":{\"@id\":\"https:\/\/highway-hotel.com\/fr\/de\/#\/schema\/logo\/image\/\"}}]}<\/script>\n<!-- \/ Yoast SEO plugin. -->","yoast_head_json":{"title":"Highway Hotel \u00e0 Herbolzheim | Conditions d'annulation","description":"Welcome to the Highway Hotel in Herbolzheim. Book directly online now - at the best price. Here you can find the cancellation conditions.","robots":{"index":"index","follow":"follow","max-snippet":"max-snippet:-1","max-image-preview":"max-image-preview:large","max-video-preview":"max-video-preview:-1"},"canonical":"https:\/\/highway-hotel.com\/fr\/de\/conditions-dannulation\/","og_locale":"fr_FR","og_type":"article","og_title":"Highway Hotel \u00e0 Herbolzheim | Conditions d'annulation","og_description":"Welcome to the Highway Hotel in Herbolzheim. Book directly online now - at the best price. Here you can find the cancellation conditions.","og_url":"https:\/\/highway-hotel.com\/fr\/de\/conditions-dannulation\/","og_site_name":"Highway Hotel","article_modified_time":"2024-11-25T12:30:03+00:00","og_image":[{"width":1600,"height":1067,"url":"https:\/\/highway-hotel.com\/wp-content\/uploads\/sites\/26\/2022\/10\/Highway_Hotel_Aussenansicht-3.jpg","type":"image\/jpeg"}],"twitter_card":"summary_large_image","twitter_misc":{"Est. reading time":"2 minutes"},"schema":{"@context":"https:\/\/schema.org","@graph":[{"@type":"WebPage","@id":"https:\/\/highway-hotel.com\/fr\/de\/conditions-dannulation\/","url":"https:\/\/highway-hotel.com\/fr\/de\/conditions-dannulation\/","name":"Highway Hotel \u00e0 Herbolzheim | Conditions d'annulation","isPartOf":{"@id":"https:\/\/highway-hotel.com\/fr\/de\/#website"},"primaryImageOfPage":{"@id":"https:\/\/highway-hotel.com\/fr\/de\/conditions-dannulation\/#primaryimage"},"image":{"@id":"https:\/\/highway-hotel.com\/fr\/de\/conditions-dannulation\/#primaryimage"},"thumbnailUrl":"https:\/\/highway-hotel.com\/wp-content\/uploads\/sites\/26\/2022\/10\/Highway_Hotel_Aussenansicht-3.jpg","datePublished":"2024-11-19T13:58:58+00:00","dateModified":"2024-11-25T12:30:03+00:00","description":"Welcome to the Highway Hotel in Herbolzheim. Book directly online now - at the best price. Here you can find the cancellation conditions.","breadcrumb":{"@id":"https:\/\/highway-hotel.com\/fr\/de\/conditions-dannulation\/#breadcrumb"},"inLanguage":"fr-FR","potentialAction":[{"@type":"ReadAction","target":["https:\/\/highway-hotel.com\/fr\/de\/conditions-dannulation\/"]}]},{"@type":"ImageObject","inLanguage":"fr-FR","@id":"https:\/\/highway-hotel.com\/fr\/de\/conditions-dannulation\/#primaryimage","url":"https:\/\/highway-hotel.com\/wp-content\/uploads\/sites\/26\/2022\/10\/Highway_Hotel_Aussenansicht-3.jpg","contentUrl":"https:\/\/highway-hotel.com\/wp-content\/uploads\/sites\/26\/2022\/10\/Highway_Hotel_Aussenansicht-3.jpg","width":1600,"height":1067,"caption":"Vue ext\u00e9rieure du Highway Hotel \u00e0 Herbolzheim"},{"@type":"BreadcrumbList","@id":"https:\/\/highway-hotel.com\/fr\/de\/conditions-dannulation\/#breadcrumb","itemListElement":[{"@type":"ListItem","position":1,"name":"Startseite","item":"https:\/\/highway-hotel.com\/fr\/de\/"},{"@type":"ListItem","position":2,"name":"Conditions d&#8217;annulation"}]},{"@type":"WebSite","@id":"https:\/\/highway-hotel.com\/fr\/de\/#website","url":"https:\/\/highway-hotel.com\/fr\/de\/","name":"Highway Hotel","description":"Highway Hotel","publisher":{"@id":"https:\/\/highway-hotel.com\/fr\/de\/#organization"},"potentialAction":[{"@type":"SearchAction","target":{"@type":"EntryPoint","urlTemplate":"https:\/\/highway-hotel.com\/fr\/de\/?s={search_term_string}"},"query-input":{"@type":"PropertyValueSpecification","valueRequired":true,"valueName":"search_term_string"}}],"inLanguage":"fr-FR"},{"@type":"Organization","@id":"https:\/\/highway-hotel.com\/fr\/de\/#organization","name":"Highway Hotel","url":"https:\/\/highway-hotel.com\/fr\/de\/","logo":{"@type":"ImageObject","inLanguage":"fr-FR","@id":"https:\/\/highway-hotel.com\/fr\/de\/#\/schema\/logo\/image\/","url":"https:\/\/highway-hotel.com\/wp-content\/uploads\/sites\/26\/2022\/06\/Highway-Hotel_Logo_Favicon-1.png","contentUrl":"https:\/\/highway-hotel.com\/wp-content\/uploads\/sites\/26\/2022\/06\/Highway-Hotel_Logo_Favicon-1.png","width":158,"height":127,"caption":"Highway Hotel"},"image":{"@id":"https:\/\/highway-hotel.com\/fr\/de\/#\/schema\/logo\/image\/"}}]}},"_links":{"self":[{"href":"https:\/\/highway-hotel.com\/fr\/de\/wp-json\/wp\/v2\/pages\/28881","targetHints":{"allow":["GET"]}}],"collection":[{"href":"https:\/\/highway-hotel.com\/fr\/de\/wp-json\/wp\/v2\/pages"}],"about":[{"href":"https:\/\/highway-hotel.com\/fr\/de\/wp-json\/wp\/v2\/types\/page"}],"author":[{"embeddable":true,"href":"https:\/\/highway-hotel.com\/fr\/de\/wp-json\/wp\/v2\/users\/17"}],"replies":[{"embeddable":true,"href":"https:\/\/highway-hotel.com\/fr\/de\/wp-json\/wp\/v2\/comments?post=28881"}],"version-history":[{"count":2,"href":"https:\/\/highway-hotel.com\/fr\/de\/wp-json\/wp\/v2\/pages\/28881\/revisions"}],"predecessor-version":[{"id":28932,"href":"https:\/\/highway-hotel.com\/fr\/de\/wp-json\/wp\/v2\/pages\/28881\/revisions\/28932"}],"wp:featuredmedia":[{"embeddable":true,"href":"https:\/\/highway-hotel.com\/fr\/de\/wp-json\/wp\/v2\/media\/13201"}],"wp:attachment":[{"href":"https:\/\/highway-hotel.com\/fr\/de\/wp-json\/wp\/v2\/media?parent=28881"}],"curies":[{"name":"wp","href":"https:\/\/api.w.org\/{rel}","templated":true}]}}