
{"id":21723,"date":"2020-01-27T14:47:11","date_gmt":"2020-01-27T13:47:11","guid":{"rendered":"https:\/\/highway-hotel.com\/de\/mentions-legales\/"},"modified":"2026-03-31T08:49:24","modified_gmt":"2026-03-31T06:49:24","slug":"mentions-legales","status":"publish","type":"page","link":"https:\/\/highway-hotel.com\/fr\/de\/mentions-legales\/","title":{"rendered":"Mentions l\u00e9gales"},"content":{"rendered":"\t\t<div data-elementor-type=\"wp-page\" data-elementor-id=\"21723\" class=\"elementor elementor-21723 elementor-802\" data-elementor-post-type=\"page\">\n\t\t\t\t\t\t<section data-particle_enable=\"false\" data-particle-mobile-disabled=\"false\" class=\"elementor-section elementor-top-section elementor-element elementor-element-394c735 elementor-section-boxed elementor-section-height-default elementor-section-height-default\" data-id=\"394c735\" data-element_type=\"section\">\n\t\t\t\t\t\t<div class=\"elementor-container elementor-column-gap-default\">\n\t\t\t\t\t<div class=\"elementor-column elementor-col-100 elementor-top-column elementor-element elementor-element-08eb89b\" data-id=\"08eb89b\" data-element_type=\"column\">\n\t\t\t<div class=\"elementor-widget-wrap elementor-element-populated\">\n\t\t\t\t\t\t<div class=\"elementor-element elementor-element-174b9e4 elementor-widget elementor-widget-heading\" data-id=\"174b9e4\" data-element_type=\"widget\" data-widget_type=\"heading.default\">\n\t\t\t\t<div class=\"elementor-widget-container\">\n\t\t\t\t\t<h1 class=\"elementor-heading-title elementor-size-default\">Mentions l\u00e9gales<\/h1>\t\t\t\t<\/div>\n\t\t\t\t<\/div>\n\t\t\t\t<div class=\"elementor-element elementor-element-75cd88a elementor-widget-divider--view-line elementor-widget elementor-widget-divider\" data-id=\"75cd88a\" data-element_type=\"widget\" data-widget_type=\"divider.default\">\n\t\t\t\t<div class=\"elementor-widget-container\">\n\t\t\t\t\t\t\t<div class=\"elementor-divider\">\n\t\t\t<span class=\"elementor-divider-separator\">\n\t\t\t\t\t\t<\/span>\n\t\t<\/div>\n\t\t\t\t\t\t<\/div>\n\t\t\t\t<\/div>\n\t\t\t\t<div class=\"elementor-element elementor-element-5605186 elementor-widget elementor-widget-spacer\" data-id=\"5605186\" data-element_type=\"widget\" data-widget_type=\"spacer.default\">\n\t\t\t\t<div class=\"elementor-widget-container\">\n\t\t\t\t\t\t\t<div class=\"elementor-spacer\">\n\t\t\t<div class=\"elementor-spacer-inner\"><\/div>\n\t\t<\/div>\n\t\t\t\t\t\t<\/div>\n\t\t\t\t<\/div>\n\t\t\t\t\t<\/div>\n\t\t<\/div>\n\t\t\t\t\t<\/div>\n\t\t<\/section>\n\t\t\t\t<section data-particle_enable=\"false\" data-particle-mobile-disabled=\"false\" class=\"elementor-section elementor-top-section elementor-element elementor-element-a9cb249 elementor-section-boxed elementor-section-height-default elementor-section-height-default\" data-id=\"a9cb249\" data-element_type=\"section\">\n\t\t\t\t\t\t<div class=\"elementor-container elementor-column-gap-default\">\n\t\t\t\t\t<div class=\"elementor-column elementor-col-100 elementor-top-column elementor-element elementor-element-9e9d514\" data-id=\"9e9d514\" data-element_type=\"column\">\n\t\t\t<div class=\"elementor-widget-wrap elementor-element-populated\">\n\t\t\t\t\t\t<div class=\"elementor-element elementor-element-b880651 elementor-widget elementor-widget-text-editor\" data-id=\"b880651\" data-element_type=\"widget\" data-widget_type=\"text-editor.default\">\n\t\t\t\t<div class=\"elementor-widget-container\">\n\t\t\t\t\t\t\t\t\t<p><b><strong>\u00c9diteur &amp; prestataire de services<\/strong><\/b><\/p><p>Ce site Internet est une offre d&#8217;information de la soci\u00e9t\u00e9<\/p><p><b><strong>H\u00f4tel Highway<\/strong><\/b><\/p><p>K.H. Schneider Rasthof GmbH<\/p><p>Repr\u00e9sent\u00e9e par les g\u00e9rants : Karl-Heinz Schneider<\/p><p>Breisgauallee 6<\/p><p>T\u00e9l\u00e9phone : 07643\/935-0<\/p><p>T\u00e9l\u00e9copieur : 07643\/935-1380<\/p><p>Courrier \u00e9lectronique : <a href=\"mailto:info@highway-hotel.com\">info@highway-hotel.com<\/a><\/p><p><strong>Inscription au registre<\/strong><\/p><p>Inscription au registre du commerce.<\/p><p>Tribunal d&#8217;enregistrement : Tribunal d&#8217;instance de Fribourg<\/p><p>Num\u00e9ro d&#8217;enregistrement : HRB &#8211; FUR 255<\/p><p><strong>Taxe sur le chiffre d&#8217;affaires<\/strong><\/p><p>Administration fiscale : Emmendingen<\/p><p>Num\u00e9ro d&#8217;identification de la taxe sur le chiffre d&#8217;affaires : DE 178 920 421<\/p><p>(conform\u00e9ment au \u00a7 27a de la loi sur la taxe sur le chiffre d&#8217;affaires)<\/p><p><strong>Responsable des contributions r\u00e9dactionnelles journalistiques conform\u00e9ment au \u00a7 55 alin\u00e9a 2 du trait\u00e9 d&#8217;\u00c9tat sur la radiodiffusion et les t\u00e9l\u00e9m\u00e9dias (RStV)<\/strong><\/p><p>Karl-Heinz Schneider<\/p><p><strong>R\u00e8glement des litiges<\/strong><\/p><p>La Commission europ\u00e9enne met \u00e0 disposition une plateforme de r\u00e8glement en ligne des litiges (OS) <a href=\"https:\/\/ec.europa.eu\/consumers\/odr.\">: https:\/\/ec.europa.eu\/consumers\/odr.<\/a><\/p><p>Nous ne sommes pas pr\u00eats ou oblig\u00e9s de participer \u00e0 des proc\u00e9dures de r\u00e8glement des litiges devant un organisme de conciliation des consommateurs.<\/p><p><b><strong>Responsabilit\u00e9 pour les contenus<\/strong><\/b><\/p><p>En tant que prestataire de services, nous sommes responsables de nos propres contenus sur ces pages conform\u00e9ment \u00e0 la l\u00e9gislation g\u00e9n\u00e9rale. En tant que prestataire de services, nous ne sommes toutefois pas tenus de surveiller les informations externes transmises ou enregistr\u00e9es ou de rechercher des circonstances indiquant une activit\u00e9 ill\u00e9gale.<\/p><p>L&#8217;obligation de supprimer ou de bloquer l&#8217;utilisation d&#8217;informations conform\u00e9ment aux lois g\u00e9n\u00e9rales n&#8217;est pas affect\u00e9e par cette disposition. Une responsabilit\u00e9 \u00e0 cet \u00e9gard n&#8217;est toutefois possible qu&#8217;\u00e0 partir du moment o\u00f9 une violation concr\u00e8te de la loi est connue. D\u00e8s la prise de connaissance d&#8217;une telle violation, nous supprimerons imm\u00e9diatement les contenus concern\u00e9s.<\/p><p><strong>Responsabilit\u00e9 pour les liens<\/strong><\/p><p>Notre offre contient des liens vers des sites web externes de tiers, sur lesquels nous n&#8217;avons aucune influence. C&#8217;est pourquoi nous ne pouvons pas non plus nous porter garants de ces contenus externes. Le fournisseur ou l&#8217;exploitant des pages li\u00e9es est toujours responsable de leur contenu. Les pages li\u00e9es ont \u00e9t\u00e9 contr\u00f4l\u00e9es au moment de la cr\u00e9ation du lien afin de v\u00e9rifier qu&#8217;elles ne pr\u00e9sentaient pas d&#8217;infraction \u00e0 la loi. Aucun contenu ill\u00e9gal n&#8217;a \u00e9t\u00e9 identifi\u00e9 au moment de la cr\u00e9ation du lien.<\/p><p>Un contr\u00f4le permanent du contenu des pages li\u00e9es n&#8217;est toutefois pas exigible sans indices concrets d&#8217;une violation de la loi. D\u00e8s que nous aurons connaissance d&#8217;une violation de la loi, nous supprimerons imm\u00e9diatement les liens concern\u00e9s.<\/p><p><strong>Droit d&#8217;auteur<\/strong><\/p><p>Les contenus et les \u0153uvres cr\u00e9\u00e9s par les exploitants de ces pages sont soumis au droit d&#8217;auteur allemand. La reproduction, le traitement, la diffusion et toute forme d&#8217;exploitation en dehors des limites du droit d&#8217;auteur requi\u00e8rent l&#8217;accord \u00e9crit de l&#8217;auteur ou du cr\u00e9ateur concern\u00e9. Les t\u00e9l\u00e9chargements et les copies de ce site ne sont autoris\u00e9s que pour un usage priv\u00e9 et non commercial.<\/p><p>Dans la mesure o\u00f9 les contenus de ce site n&#8217;ont pas \u00e9t\u00e9 cr\u00e9\u00e9s par l&#8217;exploitant, les droits d&#8217;auteur de tiers sont respect\u00e9s. Les contenus de tiers sont notamment identifi\u00e9s comme tels. Si vous deviez n\u00e9anmoins constater une violation des droits d&#8217;auteur, nous vous prions de nous en informer. D\u00e8s que nous aurons connaissance d&#8217;une violation de la loi, nous supprimerons imm\u00e9diatement les contenus concern\u00e9s.<\/p><p><strong>Cr\u00e9dit photo<\/strong><\/p><p>H\u00f4tel Highway, <a href=\"https:\/\/de.freepik.com\/\">Freepik<\/a><\/p><p><strong>Conception, design et assistance technique<\/strong><\/p><p>2024 \u00a9 SoftTec GmbH<\/p><p>Service web SoftTec<\/p><p>Hindelanger Str. 35<\/p><p>87527 Sonthofen<\/p><p>T\u00e9l. +49 (0) 08321 \/ 6749 70<\/p><p>Web <a href=\"https:\/\/softtec.de\/\">: https:\/\/softtec.de\/<\/a><\/p><p>Courrier \u00e9lectronique : <a href=\"https:\/\/highway-hotel.com\/de\/impressum\/webservice@softtec.de\">webservice@softtec.de<\/a><\/p><p><strong>\u00a9 2024 &#8211; K.H. Schneider Rasthof GmbH, tous droits r\u00e9serv\u00e9s.<\/strong><\/p>\t\t\t\t\t\t\t\t<\/div>\n\t\t\t\t<\/div>\n\t\t\t\t\t<\/div>\n\t\t<\/div>\n\t\t\t\t\t<\/div>\n\t\t<\/section>\n\t\t\t\t<section data-particle_enable=\"false\" data-particle-mobile-disabled=\"false\" class=\"elementor-section elementor-top-section elementor-element elementor-element-2043642 elementor-section-full_width elementor-hidden-tablet elementor-hidden-mobile elementor-section-height-default elementor-section-height-default\" data-id=\"2043642\" data-element_type=\"section\">\n\t\t\t\t\t\t<div class=\"elementor-container elementor-column-gap-default\">\n\t\t\t\t\t<div class=\"elementor-column elementor-col-100 elementor-top-column elementor-element elementor-element-fd1bc5f\" data-id=\"fd1bc5f\" data-element_type=\"column\">\n\t\t\t<div class=\"elementor-widget-wrap elementor-element-populated\">\n\t\t\t\t\t\t<div class=\"elementor-element elementor-element-d542ce1 elementor-widget elementor-widget-shortcode\" data-id=\"d542ce1\" data-element_type=\"widget\" data-widget_type=\"shortcode.default\">\n\t\t\t\t<div class=\"elementor-widget-container\">\n\t\t\t\t\t\t\t<div class=\"elementor-shortcode\">\t\t<div data-elementor-type=\"section\" data-elementor-id=\"22037\" class=\"elementor elementor-22037 elementor-788\" data-elementor-post-type=\"elementor_library\">\n\t\t\t\t\t<section data-particle_enable=\"false\" data-particle-mobile-disabled=\"false\" class=\"elementor-section elementor-top-section elementor-element elementor-element-94bfb7e elementor-section-boxed elementor-section-height-default elementor-section-height-default\" data-id=\"94bfb7e\" data-element_type=\"section\" data-settings=\"{&quot;background_background&quot;:&quot;classic&quot;}\">\n\t\t\t\t\t\t<div class=\"elementor-container elementor-column-gap-default\">\n\t\t\t\t\t<div class=\"elementor-column elementor-col-100 elementor-top-column elementor-element elementor-element-0186d69\" data-id=\"0186d69\" data-element_type=\"column\">\n\t\t\t<div class=\"elementor-widget-wrap elementor-element-populated\">\n\t\t\t\t\t\t<section data-particle_enable=\"false\" data-particle-mobile-disabled=\"false\" class=\"elementor-section elementor-inner-section elementor-element elementor-element-c88e1cb elementor-section-boxed elementor-section-height-default elementor-section-height-default\" data-id=\"c88e1cb\" data-element_type=\"section\" data-settings=\"{&quot;background_background&quot;:&quot;classic&quot;}\">\n\t\t\t\t\t\t<div class=\"elementor-container elementor-column-gap-default\">\n\t\t\t\t\t<div class=\"elementor-column elementor-col-25 elementor-inner-column elementor-element elementor-element-eea3064 elementor-invisible\" data-id=\"eea3064\" data-element_type=\"column\" data-settings=\"{&quot;animation&quot;:&quot;slideInLeft&quot;}\">\n\t\t\t<div class=\"elementor-widget-wrap elementor-element-populated\">\n\t\t\t\t\t\t<div class=\"elementor-element elementor-element-4d75c0d elementor-widget elementor-widget-image\" data-id=\"4d75c0d\" data-element_type=\"widget\" data-widget_type=\"image.default\">\n\t\t\t\t<div class=\"elementor-widget-container\">\n\t\t\t\t\t\t\t\t\t\t\t\t\t\t\t<img decoding=\"async\" width=\"179\" height=\"98\" src=\"https:\/\/highway-hotel.com\/wp-content\/uploads\/sites\/26\/2022\/06\/Highway-Hotel_Logo.png\" class=\"attachment-full size-full wp-image-12969\" alt=\"Logo de l&#039;h\u00f4tel Highway \u00e0 Herbolzheim\" \/>\t\t\t\t\t\t\t\t\t\t\t\t\t\t\t<\/div>\n\t\t\t\t<\/div>\n\t\t\t\t\t<\/div>\n\t\t<\/div>\n\t\t\t\t<div class=\"elementor-column elementor-col-25 elementor-inner-column elementor-element elementor-element-ca4cd6d elementor-invisible\" data-id=\"ca4cd6d\" data-element_type=\"column\" data-settings=\"{&quot;animation&quot;:&quot;slideInUp&quot;}\">\n\t\t\t<div class=\"elementor-widget-wrap elementor-element-populated\">\n\t\t\t\t\t\t<div class=\"elementor-element elementor-element-16fa6d2 elementor-widget elementor-widget-heading\" data-id=\"16fa6d2\" data-element_type=\"widget\" data-widget_type=\"heading.default\">\n\t\t\t\t<div class=\"elementor-widget-container\">\n\t\t\t\t\t<h5 class=\"elementor-heading-title elementor-size-default\">Contactez-nous<\/h5>\t\t\t\t<\/div>\n\t\t\t\t<\/div>\n\t\t\t\t<div class=\"elementor-element elementor-element-88150aa elementor-widget elementor-widget-text-editor\" data-id=\"88150aa\" data-element_type=\"widget\" data-widget_type=\"text-editor.default\">\n\t\t\t\t<div class=\"elementor-widget-container\">\n\t\t\t\t\t\t\t\t\t<p>Highway-Hotel<br>Breisgauallee 6<br>79336 Herbolzheim<\/p><p>T\u00e9l\u00e9phone : <a href=\"tel:+4976439350\">+49 (0) 7643 \/ 935-0<\/a><br>E-mail : <a href=\"mailto:info@highway-hotel.com\">info@highway-hotel.com<\/a><\/p>\t\t\t\t\t\t\t\t<\/div>\n\t\t\t\t<\/div>\n\t\t\t\t\t<\/div>\n\t\t<\/div>\n\t\t\t\t<div class=\"elementor-column elementor-col-25 elementor-inner-column elementor-element elementor-element-764299d elementor-invisible\" data-id=\"764299d\" data-element_type=\"column\" data-settings=\"{&quot;animation&quot;:&quot;slideInRight&quot;}\">\n\t\t\t<div class=\"elementor-widget-wrap elementor-element-populated\">\n\t\t\t\t\t\t<div class=\"elementor-element elementor-element-8fa182e elementor-widget elementor-widget-image\" data-id=\"8fa182e\" data-element_type=\"widget\" data-widget_type=\"image.default\">\n\t\t\t\t<div class=\"elementor-widget-container\">\n\t\t\t\t\t\t\t\t\t\t\t\t\t\t\t<img decoding=\"async\" src=\"https:\/\/highway-hotel.com\/wp-content\/uploads\/sites\/26\/elementor\/thumbs\/Urkunde-Hotel-Highway-rjbycwbx6qlbq3gi2gibxn7758g56bfmxhkx6wdsm0.jpg\" title=\"Certificat H\u00f4tel Highway\" alt=\"Certificat H\u00f4tel Highway\" loading=\"lazy\" \/>\t\t\t\t\t\t\t\t\t\t\t\t\t\t\t<\/div>\n\t\t\t\t<\/div>\n\t\t\t\t\t<\/div>\n\t\t<\/div>\n\t\t\t\t<div class=\"elementor-column elementor-col-25 elementor-inner-column elementor-element elementor-element-7768a2e elementor-invisible\" data-id=\"7768a2e\" data-element_type=\"column\" data-settings=\"{&quot;animation&quot;:&quot;slideInRight&quot;}\">\n\t\t\t<div class=\"elementor-widget-wrap elementor-element-populated\">\n\t\t\t\t\t\t<div class=\"elementor-element elementor-element-77b1c6b elementor-widget elementor-widget-html\" data-id=\"77b1c6b\" data-element_type=\"widget\" data-widget_type=\"html.default\">\n\t\t\t\t<div class=\"elementor-widget-container\">\n\t\t\t\t\t<iframe src=\"https:\/\/hotelclass.info\/ws\/d4f2d798-046f-4b9a-bf09-69f560f4c08a?lang=de\" width=\"160\" height=\"164\" align=\"left\" scrolling=\"no\" marginheight=\"0\" marginwidth=\"0\" frameborder=\"0\"><\/iframe>\t\t\t\t<\/div>\n\t\t\t\t<\/div>\n\t\t\t\t\t<\/div>\n\t\t<\/div>\n\t\t\t\t\t<\/div>\n\t\t<\/section>\n\t\t\t\t\t<\/div>\n\t\t<\/div>\n\t\t\t\t\t<\/div>\n\t\t<\/section>\n\t\t\t\t<section data-particle_enable=\"false\" data-particle-mobile-disabled=\"false\" class=\"elementor-section elementor-top-section elementor-element elementor-element-ea08871 elementor-section-boxed elementor-section-height-default elementor-section-height-default\" data-id=\"ea08871\" data-element_type=\"section\">\n\t\t\t\t\t\t<div class=\"elementor-container elementor-column-gap-default\">\n\t\t\t\t\t<div class=\"elementor-column elementor-col-100 elementor-top-column elementor-element elementor-element-de5cdb1\" data-id=\"de5cdb1\" data-element_type=\"column\">\n\t\t\t<div class=\"elementor-widget-wrap\">\n\t\t\t\t\t\t\t<\/div>\n\t\t<\/div>\n\t\t\t\t\t<\/div>\n\t\t<\/section>\n\t\t\t\t<\/div>\n\t\t<\/div>\n\t\t\t\t\t\t<\/div>\n\t\t\t\t<\/div>\n\t\t\t\t\t<\/div>\n\t\t<\/div>\n\t\t\t\t\t<\/div>\n\t\t<\/section>\n\t\t\t\t<\/div>\n\t\t","protected":false},"excerpt":{"rendered":"<p>Mentions l\u00e9gales \u00c9diteur &amp; prestataire de services Ce site Internet est une offre d&#8217;information de la soci\u00e9t\u00e9 H\u00f4tel Highway K.H. Schneider Rasthof GmbH Repr\u00e9sent\u00e9e par les g\u00e9rants : Karl-Heinz Schneider Breisgauallee 6 T\u00e9l\u00e9phone : 07643\/935-0 T\u00e9l\u00e9copieur : 07643\/935-1380 Courrier \u00e9lectronique : info@highway-hotel.com Inscription au registre Inscription au registre du commerce. Tribunal d&#8217;enregistrement : Tribunal d&#8217;instance [&hellip;]<\/p>\n","protected":false},"author":1,"featured_media":13201,"parent":0,"menu_order":0,"comment_status":"closed","ping_status":"closed","template":"","meta":{"iawp_total_views":6,"footnotes":""},"class_list":["post-21723","page","type-page","status-publish","has-post-thumbnail","hentry"],"yoast_head":"<!-- This site is optimized with the Yoast SEO plugin v26.7 - https:\/\/yoast.com\/wordpress\/plugins\/seo\/ -->\n<title>H\u00f4tel Highway \u00e0 Herbolzheim | Mentions l\u00e9gales<\/title>\n<meta name=\"description\" content=\"Bienvenue au Highway Hotel \u00e0 Herbolzheim. R\u00e9servez maintenant directement en ligne - au meilleur prix. Vous trouverez ici les mentions l\u00e9gales\" \/>\n<meta name=\"robots\" content=\"index, follow, max-snippet:-1, max-image-preview:large, max-video-preview:-1\" \/>\n<link rel=\"canonical\" href=\"https:\/\/highway-hotel.com\/fr\/de\/mentions-legales\/\" \/>\n<meta property=\"og:locale\" content=\"fr_FR\" \/>\n<meta property=\"og:type\" content=\"article\" \/>\n<meta property=\"og:title\" content=\"H\u00f4tel Highway \u00e0 Herbolzheim | Mentions l\u00e9gales\" \/>\n<meta property=\"og:description\" content=\"Bienvenue au Highway Hotel \u00e0 Herbolzheim. R\u00e9servez maintenant directement en ligne - au meilleur prix. Vous trouverez ici les mentions l\u00e9gales\" \/>\n<meta property=\"og:url\" content=\"https:\/\/highway-hotel.com\/fr\/de\/mentions-legales\/\" \/>\n<meta property=\"og:site_name\" content=\"Highway Hotel\" \/>\n<meta property=\"article:modified_time\" content=\"2026-03-31T06:49:24+00:00\" \/>\n<meta property=\"og:image\" content=\"https:\/\/highway-hotel.com\/wp-content\/uploads\/sites\/26\/2022\/10\/Highway_Hotel_Aussenansicht-3.jpg\" \/>\n\t<meta property=\"og:image:width\" content=\"1600\" \/>\n\t<meta property=\"og:image:height\" content=\"1067\" \/>\n\t<meta property=\"og:image:type\" content=\"image\/jpeg\" \/>\n<meta name=\"twitter:card\" content=\"summary_large_image\" \/>\n<meta name=\"twitter:label1\" content=\"Est. reading time\" \/>\n\t<meta name=\"twitter:data1\" content=\"4 minutes\" \/>\n<script type=\"application\/ld+json\" class=\"yoast-schema-graph\">{\"@context\":\"https:\/\/schema.org\",\"@graph\":[{\"@type\":\"WebPage\",\"@id\":\"https:\/\/highway-hotel.com\/fr\/de\/mentions-legales\/\",\"url\":\"https:\/\/highway-hotel.com\/fr\/de\/mentions-legales\/\",\"name\":\"H\u00f4tel Highway \u00e0 Herbolzheim | Mentions l\u00e9gales\",\"isPartOf\":{\"@id\":\"https:\/\/highway-hotel.com\/fr\/de\/#website\"},\"primaryImageOfPage\":{\"@id\":\"https:\/\/highway-hotel.com\/fr\/de\/mentions-legales\/#primaryimage\"},\"image\":{\"@id\":\"https:\/\/highway-hotel.com\/fr\/de\/mentions-legales\/#primaryimage\"},\"thumbnailUrl\":\"https:\/\/highway-hotel.com\/wp-content\/uploads\/sites\/26\/2022\/10\/Highway_Hotel_Aussenansicht-3.jpg\",\"datePublished\":\"2020-01-27T13:47:11+00:00\",\"dateModified\":\"2026-03-31T06:49:24+00:00\",\"description\":\"Bienvenue au Highway Hotel \u00e0 Herbolzheim. R\u00e9servez maintenant directement en ligne - au meilleur prix. Vous trouverez ici les mentions l\u00e9gales\",\"breadcrumb\":{\"@id\":\"https:\/\/highway-hotel.com\/fr\/de\/mentions-legales\/#breadcrumb\"},\"inLanguage\":\"fr-FR\",\"potentialAction\":[{\"@type\":\"ReadAction\",\"target\":[\"https:\/\/highway-hotel.com\/fr\/de\/mentions-legales\/\"]}]},{\"@type\":\"ImageObject\",\"inLanguage\":\"fr-FR\",\"@id\":\"https:\/\/highway-hotel.com\/fr\/de\/mentions-legales\/#primaryimage\",\"url\":\"https:\/\/highway-hotel.com\/wp-content\/uploads\/sites\/26\/2022\/10\/Highway_Hotel_Aussenansicht-3.jpg\",\"contentUrl\":\"https:\/\/highway-hotel.com\/wp-content\/uploads\/sites\/26\/2022\/10\/Highway_Hotel_Aussenansicht-3.jpg\",\"width\":1600,\"height\":1067,\"caption\":\"Vue ext\u00e9rieure du Highway Hotel \u00e0 Herbolzheim\"},{\"@type\":\"BreadcrumbList\",\"@id\":\"https:\/\/highway-hotel.com\/fr\/de\/mentions-legales\/#breadcrumb\",\"itemListElement\":[{\"@type\":\"ListItem\",\"position\":1,\"name\":\"Startseite\",\"item\":\"https:\/\/highway-hotel.com\/fr\/de\/\"},{\"@type\":\"ListItem\",\"position\":2,\"name\":\"Mentions l\u00e9gales\"}]},{\"@type\":\"WebSite\",\"@id\":\"https:\/\/highway-hotel.com\/fr\/de\/#website\",\"url\":\"https:\/\/highway-hotel.com\/fr\/de\/\",\"name\":\"Highway Hotel\",\"description\":\"Highway Hotel\",\"publisher\":{\"@id\":\"https:\/\/highway-hotel.com\/fr\/de\/#organization\"},\"potentialAction\":[{\"@type\":\"SearchAction\",\"target\":{\"@type\":\"EntryPoint\",\"urlTemplate\":\"https:\/\/highway-hotel.com\/fr\/de\/?s={search_term_string}\"},\"query-input\":{\"@type\":\"PropertyValueSpecification\",\"valueRequired\":true,\"valueName\":\"search_term_string\"}}],\"inLanguage\":\"fr-FR\"},{\"@type\":\"Organization\",\"@id\":\"https:\/\/highway-hotel.com\/fr\/de\/#organization\",\"name\":\"Highway Hotel\",\"url\":\"https:\/\/highway-hotel.com\/fr\/de\/\",\"logo\":{\"@type\":\"ImageObject\",\"inLanguage\":\"fr-FR\",\"@id\":\"https:\/\/highway-hotel.com\/fr\/de\/#\/schema\/logo\/image\/\",\"url\":\"https:\/\/highway-hotel.com\/wp-content\/uploads\/sites\/26\/2022\/06\/Highway-Hotel_Logo_Favicon-1.png\",\"contentUrl\":\"https:\/\/highway-hotel.com\/wp-content\/uploads\/sites\/26\/2022\/06\/Highway-Hotel_Logo_Favicon-1.png\",\"width\":158,\"height\":127,\"caption\":\"Highway Hotel\"},\"image\":{\"@id\":\"https:\/\/highway-hotel.com\/fr\/de\/#\/schema\/logo\/image\/\"}}]}<\/script>\n<!-- \/ Yoast SEO plugin. -->","yoast_head_json":{"title":"H\u00f4tel Highway \u00e0 Herbolzheim | Mentions l\u00e9gales","description":"Bienvenue au Highway Hotel \u00e0 Herbolzheim. R\u00e9servez maintenant directement en ligne - au meilleur prix. Vous trouverez ici les mentions l\u00e9gales","robots":{"index":"index","follow":"follow","max-snippet":"max-snippet:-1","max-image-preview":"max-image-preview:large","max-video-preview":"max-video-preview:-1"},"canonical":"https:\/\/highway-hotel.com\/fr\/de\/mentions-legales\/","og_locale":"fr_FR","og_type":"article","og_title":"H\u00f4tel Highway \u00e0 Herbolzheim | Mentions l\u00e9gales","og_description":"Bienvenue au Highway Hotel \u00e0 Herbolzheim. R\u00e9servez maintenant directement en ligne - au meilleur prix. Vous trouverez ici les mentions l\u00e9gales","og_url":"https:\/\/highway-hotel.com\/fr\/de\/mentions-legales\/","og_site_name":"Highway Hotel","article_modified_time":"2026-03-31T06:49:24+00:00","og_image":[{"width":1600,"height":1067,"url":"https:\/\/highway-hotel.com\/wp-content\/uploads\/sites\/26\/2022\/10\/Highway_Hotel_Aussenansicht-3.jpg","type":"image\/jpeg"}],"twitter_card":"summary_large_image","twitter_misc":{"Est. reading time":"4 minutes"},"schema":{"@context":"https:\/\/schema.org","@graph":[{"@type":"WebPage","@id":"https:\/\/highway-hotel.com\/fr\/de\/mentions-legales\/","url":"https:\/\/highway-hotel.com\/fr\/de\/mentions-legales\/","name":"H\u00f4tel Highway \u00e0 Herbolzheim | Mentions l\u00e9gales","isPartOf":{"@id":"https:\/\/highway-hotel.com\/fr\/de\/#website"},"primaryImageOfPage":{"@id":"https:\/\/highway-hotel.com\/fr\/de\/mentions-legales\/#primaryimage"},"image":{"@id":"https:\/\/highway-hotel.com\/fr\/de\/mentions-legales\/#primaryimage"},"thumbnailUrl":"https:\/\/highway-hotel.com\/wp-content\/uploads\/sites\/26\/2022\/10\/Highway_Hotel_Aussenansicht-3.jpg","datePublished":"2020-01-27T13:47:11+00:00","dateModified":"2026-03-31T06:49:24+00:00","description":"Bienvenue au Highway Hotel \u00e0 Herbolzheim. R\u00e9servez maintenant directement en ligne - au meilleur prix. Vous trouverez ici les mentions l\u00e9gales","breadcrumb":{"@id":"https:\/\/highway-hotel.com\/fr\/de\/mentions-legales\/#breadcrumb"},"inLanguage":"fr-FR","potentialAction":[{"@type":"ReadAction","target":["https:\/\/highway-hotel.com\/fr\/de\/mentions-legales\/"]}]},{"@type":"ImageObject","inLanguage":"fr-FR","@id":"https:\/\/highway-hotel.com\/fr\/de\/mentions-legales\/#primaryimage","url":"https:\/\/highway-hotel.com\/wp-content\/uploads\/sites\/26\/2022\/10\/Highway_Hotel_Aussenansicht-3.jpg","contentUrl":"https:\/\/highway-hotel.com\/wp-content\/uploads\/sites\/26\/2022\/10\/Highway_Hotel_Aussenansicht-3.jpg","width":1600,"height":1067,"caption":"Vue ext\u00e9rieure du Highway Hotel \u00e0 Herbolzheim"},{"@type":"BreadcrumbList","@id":"https:\/\/highway-hotel.com\/fr\/de\/mentions-legales\/#breadcrumb","itemListElement":[{"@type":"ListItem","position":1,"name":"Startseite","item":"https:\/\/highway-hotel.com\/fr\/de\/"},{"@type":"ListItem","position":2,"name":"Mentions l\u00e9gales"}]},{"@type":"WebSite","@id":"https:\/\/highway-hotel.com\/fr\/de\/#website","url":"https:\/\/highway-hotel.com\/fr\/de\/","name":"Highway Hotel","description":"Highway Hotel","publisher":{"@id":"https:\/\/highway-hotel.com\/fr\/de\/#organization"},"potentialAction":[{"@type":"SearchAction","target":{"@type":"EntryPoint","urlTemplate":"https:\/\/highway-hotel.com\/fr\/de\/?s={search_term_string}"},"query-input":{"@type":"PropertyValueSpecification","valueRequired":true,"valueName":"search_term_string"}}],"inLanguage":"fr-FR"},{"@type":"Organization","@id":"https:\/\/highway-hotel.com\/fr\/de\/#organization","name":"Highway Hotel","url":"https:\/\/highway-hotel.com\/fr\/de\/","logo":{"@type":"ImageObject","inLanguage":"fr-FR","@id":"https:\/\/highway-hotel.com\/fr\/de\/#\/schema\/logo\/image\/","url":"https:\/\/highway-hotel.com\/wp-content\/uploads\/sites\/26\/2022\/06\/Highway-Hotel_Logo_Favicon-1.png","contentUrl":"https:\/\/highway-hotel.com\/wp-content\/uploads\/sites\/26\/2022\/06\/Highway-Hotel_Logo_Favicon-1.png","width":158,"height":127,"caption":"Highway Hotel"},"image":{"@id":"https:\/\/highway-hotel.com\/fr\/de\/#\/schema\/logo\/image\/"}}]}},"_links":{"self":[{"href":"https:\/\/highway-hotel.com\/fr\/de\/wp-json\/wp\/v2\/pages\/21723","targetHints":{"allow":["GET"]}}],"collection":[{"href":"https:\/\/highway-hotel.com\/fr\/de\/wp-json\/wp\/v2\/pages"}],"about":[{"href":"https:\/\/highway-hotel.com\/fr\/de\/wp-json\/wp\/v2\/types\/page"}],"author":[{"embeddable":true,"href":"https:\/\/highway-hotel.com\/fr\/de\/wp-json\/wp\/v2\/users\/1"}],"replies":[{"embeddable":true,"href":"https:\/\/highway-hotel.com\/fr\/de\/wp-json\/wp\/v2\/comments?post=21723"}],"version-history":[{"count":3,"href":"https:\/\/highway-hotel.com\/fr\/de\/wp-json\/wp\/v2\/pages\/21723\/revisions"}],"predecessor-version":[{"id":28875,"href":"https:\/\/highway-hotel.com\/fr\/de\/wp-json\/wp\/v2\/pages\/21723\/revisions\/28875"}],"wp:featuredmedia":[{"embeddable":true,"href":"https:\/\/highway-hotel.com\/fr\/de\/wp-json\/wp\/v2\/media\/13201"}],"wp:attachment":[{"href":"https:\/\/highway-hotel.com\/fr\/de\/wp-json\/wp\/v2\/media?parent=21723"}],"curies":[{"name":"wp","href":"https:\/\/api.w.org\/{rel}","templated":true}]}}