
{"id":802,"date":"2020-01-27T14:47:11","date_gmt":"2020-01-27T13:47:11","guid":{"rendered":"https:\/\/dormotel.de\/?page_id=802"},"modified":"2025-07-21T22:21:04","modified_gmt":"2025-07-21T20:21:04","slug":"impressum","status":"publish","type":"page","link":"https:\/\/highway-hotel.com\/de\/impressum\/","title":{"rendered":"Impressum"},"content":{"rendered":"\t\t<div data-elementor-type=\"wp-page\" data-elementor-id=\"802\" class=\"elementor elementor-802\" data-elementor-post-type=\"page\">\n\t\t\t\t\t\t<section data-particle_enable=\"false\" data-particle-mobile-disabled=\"false\" class=\"elementor-section elementor-top-section elementor-element elementor-element-394c735 elementor-section-boxed elementor-section-height-default elementor-section-height-default\" data-id=\"394c735\" data-element_type=\"section\">\n\t\t\t\t\t\t<div class=\"elementor-container elementor-column-gap-default\">\n\t\t\t\t\t<div class=\"elementor-column elementor-col-100 elementor-top-column elementor-element elementor-element-08eb89b\" data-id=\"08eb89b\" data-element_type=\"column\">\n\t\t\t<div class=\"elementor-widget-wrap elementor-element-populated\">\n\t\t\t\t\t\t<div class=\"elementor-element elementor-element-174b9e4 elementor-widget elementor-widget-heading\" data-id=\"174b9e4\" data-element_type=\"widget\" data-widget_type=\"heading.default\">\n\t\t\t\t<div class=\"elementor-widget-container\">\n\t\t\t\t\t<h1 class=\"elementor-heading-title elementor-size-default\">Impressum<\/h1>\t\t\t\t<\/div>\n\t\t\t\t<\/div>\n\t\t\t\t<div class=\"elementor-element elementor-element-c2b679d elementor-widget-divider--view-line elementor-widget elementor-widget-divider\" data-id=\"c2b679d\" data-element_type=\"widget\" data-widget_type=\"divider.default\">\n\t\t\t\t<div class=\"elementor-widget-container\">\n\t\t\t\t\t\t\t<div class=\"elementor-divider\">\n\t\t\t<span class=\"elementor-divider-separator\">\n\t\t\t\t\t\t<\/span>\n\t\t<\/div>\n\t\t\t\t\t\t<\/div>\n\t\t\t\t<\/div>\n\t\t\t\t<div class=\"elementor-element elementor-element-5605186 elementor-widget elementor-widget-spacer\" data-id=\"5605186\" data-element_type=\"widget\" data-widget_type=\"spacer.default\">\n\t\t\t\t<div class=\"elementor-widget-container\">\n\t\t\t\t\t\t\t<div class=\"elementor-spacer\">\n\t\t\t<div class=\"elementor-spacer-inner\"><\/div>\n\t\t<\/div>\n\t\t\t\t\t\t<\/div>\n\t\t\t\t<\/div>\n\t\t\t\t\t<\/div>\n\t\t<\/div>\n\t\t\t\t\t<\/div>\n\t\t<\/section>\n\t\t\t\t<section data-particle_enable=\"false\" data-particle-mobile-disabled=\"false\" class=\"elementor-section elementor-top-section elementor-element elementor-element-a9cb249 elementor-section-boxed elementor-section-height-default elementor-section-height-default\" data-id=\"a9cb249\" data-element_type=\"section\">\n\t\t\t\t\t\t<div class=\"elementor-container elementor-column-gap-default\">\n\t\t\t\t\t<div class=\"elementor-column elementor-col-100 elementor-top-column elementor-element elementor-element-9e9d514\" data-id=\"9e9d514\" data-element_type=\"column\">\n\t\t\t<div class=\"elementor-widget-wrap elementor-element-populated\">\n\t\t\t\t\t\t<div class=\"elementor-element elementor-element-b880651 elementor-widget elementor-widget-text-editor\" data-id=\"b880651\" data-element_type=\"widget\" data-widget_type=\"text-editor.default\">\n\t\t\t\t<div class=\"elementor-widget-container\">\n\t\t\t\t\t\t\t\t\t<p><strong>Herausgeber &amp; Dienstanbieter <\/strong><\/p><p>Diese Internetpr\u00e4senz ist ein Informationsangebot von der<\/p><p><strong>Highway-Hotel<\/strong><br \/>K.H. Schneider Rasthof GmbH<br \/>Vertreten durch die Gesch\u00e4ftsf\u00fchrer: Karl-Heinz Schneider<br \/>Breisgauallee 6<br \/>Telefon: <a href=\"tel:004976439350\">07643\/935-0<\/a><br \/>Telefax: 07643\/935-1380<br \/>E-Mail: <a href=\"mailto:info@highway-hotel.com\">info@highway-hotel.com<\/a><\/p><p><strong><br \/>Registereintrag<\/strong><br \/>Eintragung im Handelsregister.<br \/>Registergericht: Amtsgericht Freiburg <br \/>Registernummer: HRB &#8211; FUR 255<\/p><p><strong><br \/>Umsatzsteuer<br \/><\/strong>Finanzamt: Emmendingen<br \/>Umsatzsteuer-Identifikationsnummer: DE 178 920 421<br \/>(gem\u00e4\u00df \u00a7 27a Umsatzsteuergesetz)<\/p><p><strong>\u00a0<\/strong><\/p><p><strong>Verantwortlicher f\u00fcr journalistisch redaktionelle Beitr\u00e4ge gem\u00e4\u00df \u00a7 18 Absatz 2 Medienstaatsvertrag\u00a0 (MStV)<br \/><\/strong>Karl-Heinz Schneider<\/p><p><strong><br \/>Streitschlichtung<br \/><\/strong>Die Europ\u00e4ische Kommission stellt eine Plattform zur Online-Streitbeilegung (OS) bereit: <a href=\"https:\/\/ec.europa.eu\/consumers\/odr.\">https:\/\/ec.europa.eu\/consumers\/odr.<\/a><br \/>Wir sind nicht bereit oder verpflichtet, an Streitbeilegungsverfahren vor einer Verbraucherschlichtungsstelle teilzunehmen.<\/p><p><strong>Haftung f\u00fcr Inhalte<br \/><\/strong>Als Diensteanbieter sind wir f\u00fcr eigene Inhalte auf diesen Seiten nach den allgemeinen Gesetzen verantwortlich. Wir sind als Diensteanbieter jedoch nicht verpflichtet, \u00fcbermittelte oder gespeicherte fremde Informationen zu \u00fcberwachen oder nach Umst\u00e4nden zu forschen, die auf eine rechtswidrige T\u00e4tigkeit hinweisen.<br \/>Verpflichtungen zur Entfernung oder Sperrung der Nutzung von Informationen nach den allgemeinen Gesetzen bleiben hiervon unber\u00fchrt. Eine diesbez\u00fcgliche Haftung ist jedoch erst ab dem Zeitpunkt der Kenntnis einer konkreten Rechtsverletzung m\u00f6glich. Bei Bekanntwerden von entsprechenden Rechtsverletzungen werden wir diese Inhalte umgehend entfernen.<\/p><p><strong><br \/>Haftung f\u00fcr Links<br \/><\/strong>Unser Angebot enth\u00e4lt Links zu externen Websites Dritter, auf deren Inhalte wir keinen Einfluss haben. Deshalb k\u00f6nnen wir f\u00fcr diese fremden Inhalte auch keine Gew\u00e4hr \u00fcbernehmen. F\u00fcr die Inhalte der verlinkten Seiten ist stets der jeweilige Anbieter oder Betreiber der Seiten verantwortlich. Die verlinkten Seiten wurden zum Zeitpunkt der Verlinkung auf m\u00f6gliche Rechtsverst\u00f6\u00dfe \u00fcberpr\u00fcft. Rechtswidrige Inhalte waren zum Zeitpunkt der Verlinkung nicht erkennbar.<br \/>Eine permanente inhaltliche Kontrolle der verlinkten Seiten ist jedoch ohne konkrete Anhaltspunkte einer Rechtsverletzung nicht zumutbar. Bei Bekanntwerden von Rechtsverletzungen werden wir derartige Links umgehend entfernen.<\/p><p><strong><br \/>Urheberrecht<br \/><\/strong>Die durch die Seitenbetreiber erstellten Inhalte und Werke auf diesen Seiten unterliegen dem deutschen Urheberrecht. Die Vervielf\u00e4ltigung, Bearbeitung, Verbreitung und jede Art der Verwertung au\u00dferhalb der Grenzen des Urheberrechtes bed\u00fcrfen der schriftlichen Zustimmung des jeweiligen Autors bzw. Erstellers. Downloads und Kopien dieser Seite sind nur f\u00fcr den privaten, nicht kommerziellen Gebrauch gestattet.<br \/>Soweit die Inhalte auf dieser Seite nicht vom Betreiber erstellt wurden, werden die Urheberrechte Dritter beachtet. Insbesondere werden Inhalte Dritter als solche gekennzeichnet. Sollten Sie trotzdem auf eine Urheberrechtsverletzung aufmerksam werden, bitten wir um einen entsprechenden Hinweis. Bei Bekanntwerden von Rechtsverletzungen werden wir derartige Inhalte umgehend entfernen.<\/p><p><strong><br \/>Bildnachweis<br \/><\/strong>Highway-Hotel, <a href=\"https:\/\/de.freepik.com\/\" target=\"_blank\" rel=\"noopener\">Freepik<\/a><\/p><p><strong><br \/>Konzeption, Design und technische Betreuung <br \/><\/strong>2024 \u00a9 SoftTec GmbH<br \/>SoftTec Webservice <br \/>Hindelanger Str. 35<br \/>87527 Sonthofen<br \/>Tel. +49 (0) 08321 \/ 6749 70<br \/>Web: <a href=\"https:\/\/softtec.de\/\">https:\/\/softtec.de\/<\/a><br \/>E-Mail: <a href=\"webservice@softtec.de\">webservice@softtec.de<\/a><\/p><p><strong><br \/>\u00a9 2024 \u2013 K.H. Schneider Rasthof GmbH, alle Rechte vorbehalten.<\/strong><\/p>\t\t\t\t\t\t\t\t<\/div>\n\t\t\t\t<\/div>\n\t\t\t\t\t<\/div>\n\t\t<\/div>\n\t\t\t\t\t<\/div>\n\t\t<\/section>\n\t\t\t\t<section data-particle_enable=\"false\" data-particle-mobile-disabled=\"false\" class=\"elementor-section elementor-top-section elementor-element elementor-element-2043642 elementor-section-full_width elementor-hidden-tablet elementor-hidden-mobile elementor-section-height-default elementor-section-height-default\" data-id=\"2043642\" data-element_type=\"section\">\n\t\t\t\t\t\t<div class=\"elementor-container elementor-column-gap-default\">\n\t\t\t\t\t<div class=\"elementor-column elementor-col-100 elementor-top-column elementor-element elementor-element-fd1bc5f\" data-id=\"fd1bc5f\" data-element_type=\"column\">\n\t\t\t<div class=\"elementor-widget-wrap elementor-element-populated\">\n\t\t\t\t\t\t<div class=\"elementor-element elementor-element-d542ce1 elementor-widget elementor-widget-shortcode\" data-id=\"d542ce1\" data-element_type=\"widget\" data-widget_type=\"shortcode.default\">\n\t\t\t\t<div class=\"elementor-widget-container\">\n\t\t\t\t\t\t\t<div class=\"elementor-shortcode\">\t\t<div data-elementor-type=\"section\" data-elementor-id=\"788\" class=\"elementor elementor-788\" data-elementor-post-type=\"elementor_library\">\n\t\t\t\t\t<section data-particle_enable=\"false\" data-particle-mobile-disabled=\"false\" class=\"elementor-section elementor-top-section elementor-element elementor-element-94bfb7e elementor-section-boxed elementor-section-height-default elementor-section-height-default\" data-id=\"94bfb7e\" data-element_type=\"section\" data-settings=\"{&quot;background_background&quot;:&quot;classic&quot;}\">\n\t\t\t\t\t\t<div class=\"elementor-container elementor-column-gap-default\">\n\t\t\t\t\t<div class=\"elementor-column elementor-col-100 elementor-top-column elementor-element elementor-element-0186d69\" data-id=\"0186d69\" data-element_type=\"column\">\n\t\t\t<div class=\"elementor-widget-wrap elementor-element-populated\">\n\t\t\t\t\t\t<section data-particle_enable=\"false\" data-particle-mobile-disabled=\"false\" class=\"elementor-section elementor-inner-section elementor-element elementor-element-c88e1cb elementor-section-boxed elementor-section-height-default elementor-section-height-default\" data-id=\"c88e1cb\" data-element_type=\"section\" data-settings=\"{&quot;background_background&quot;:&quot;classic&quot;}\">\n\t\t\t\t\t\t<div class=\"elementor-container elementor-column-gap-default\">\n\t\t\t\t\t<div class=\"elementor-column elementor-col-25 elementor-inner-column elementor-element elementor-element-eea3064 elementor-invisible\" data-id=\"eea3064\" data-element_type=\"column\" data-settings=\"{&quot;animation&quot;:&quot;slideInLeft&quot;}\">\n\t\t\t<div class=\"elementor-widget-wrap elementor-element-populated\">\n\t\t\t\t\t\t<div class=\"elementor-element elementor-element-4d75c0d elementor-widget elementor-widget-image\" data-id=\"4d75c0d\" data-element_type=\"widget\" data-widget_type=\"image.default\">\n\t\t\t\t<div class=\"elementor-widget-container\">\n\t\t\t\t\t\t\t\t\t\t\t\t\t\t\t<img decoding=\"async\" width=\"179\" height=\"98\" src=\"https:\/\/highway-hotel.com\/wp-content\/uploads\/sites\/26\/2022\/06\/Highway-Hotel_Logo.png\" class=\"attachment-full size-full wp-image-10635\" alt=\"Logo Highway Hotel in Herbolzheim\" \/>\t\t\t\t\t\t\t\t\t\t\t\t\t\t\t<\/div>\n\t\t\t\t<\/div>\n\t\t\t\t\t<\/div>\n\t\t<\/div>\n\t\t\t\t<div class=\"elementor-column elementor-col-25 elementor-inner-column elementor-element elementor-element-ca4cd6d elementor-invisible\" data-id=\"ca4cd6d\" data-element_type=\"column\" data-settings=\"{&quot;animation&quot;:&quot;slideInUp&quot;}\">\n\t\t\t<div class=\"elementor-widget-wrap elementor-element-populated\">\n\t\t\t\t\t\t<div class=\"elementor-element elementor-element-16fa6d2 elementor-widget elementor-widget-heading\" data-id=\"16fa6d2\" data-element_type=\"widget\" data-widget_type=\"heading.default\">\n\t\t\t\t<div class=\"elementor-widget-container\">\n\t\t\t\t\t<h5 class=\"elementor-heading-title elementor-size-default\">Kontakt<\/h5>\t\t\t\t<\/div>\n\t\t\t\t<\/div>\n\t\t\t\t<div class=\"elementor-element elementor-element-88150aa elementor-widget elementor-widget-text-editor\" data-id=\"88150aa\" data-element_type=\"widget\" data-widget_type=\"text-editor.default\">\n\t\t\t\t<div class=\"elementor-widget-container\">\n\t\t\t\t\t\t\t\t\t<p>Highway-Hotel<br \/>Breisgauallee 6<br \/>79336 Herbolzheim<\/p><p>Telefon: <a href=\"tel:+4976439350\">+49 (0) 7643 \/ 935-0<\/a><br \/>E-Mail: <a href=\"mailto:info@highway-hotel.com\">info@highway-hotel.com<\/a><\/p>\t\t\t\t\t\t\t\t<\/div>\n\t\t\t\t<\/div>\n\t\t\t\t\t<\/div>\n\t\t<\/div>\n\t\t\t\t<div class=\"elementor-column elementor-col-25 elementor-inner-column elementor-element elementor-element-764299d elementor-invisible\" data-id=\"764299d\" data-element_type=\"column\" data-settings=\"{&quot;animation&quot;:&quot;slideInRight&quot;}\">\n\t\t\t<div class=\"elementor-widget-wrap elementor-element-populated\">\n\t\t\t\t\t\t<div class=\"elementor-element elementor-element-8fa182e elementor-widget elementor-widget-image\" data-id=\"8fa182e\" data-element_type=\"widget\" data-widget_type=\"image.default\">\n\t\t\t\t<div class=\"elementor-widget-container\">\n\t\t\t\t\t\t\t\t\t\t\t\t\t\t\t<img decoding=\"async\" src=\"https:\/\/highway-hotel.com\/wp-content\/uploads\/sites\/26\/elementor\/thumbs\/Urkunde-Hotel-Highway-rjbycwbx6qlbq3gi2gibxn7758g56bfmxhkx6wdsm0.jpg\" title=\"Urkunde Hotel Highway\" alt=\"Urkunde Hotel Highway\" loading=\"lazy\" \/>\t\t\t\t\t\t\t\t\t\t\t\t\t\t\t<\/div>\n\t\t\t\t<\/div>\n\t\t\t\t\t<\/div>\n\t\t<\/div>\n\t\t\t\t<div class=\"elementor-column elementor-col-25 elementor-inner-column elementor-element elementor-element-7768a2e elementor-invisible\" data-id=\"7768a2e\" data-element_type=\"column\" data-settings=\"{&quot;animation&quot;:&quot;slideInRight&quot;}\">\n\t\t\t<div class=\"elementor-widget-wrap elementor-element-populated\">\n\t\t\t\t\t\t<div class=\"elementor-element elementor-element-77b1c6b elementor-widget elementor-widget-html\" data-id=\"77b1c6b\" data-element_type=\"widget\" data-widget_type=\"html.default\">\n\t\t\t\t<div class=\"elementor-widget-container\">\n\t\t\t\t\t <div class=\"brlbs-cmpnt-container brlbs-cmpnt-content-blocker brlbs-cmpnt-with-individual-styles\" data-borlabs-cookie-content-blocker-id=\"default\" data-borlabs-cookie-content=\"PGlmcmFtZSBzcmM9Imh0dHBzOi8vaG90ZWxjbGFzcy5pbmZvL3dzL2Q0ZjJkNzk4LTA0NmYtNGI5YS1iZjA5LTY5ZjU2MGY0YzA4YT9sYW5nPWRlIiB3aWR0aD0iMTYwIiBoZWlnaHQ9IjE2NCIgYWxpZ249ImxlZnQiIHNjcm9sbGluZz0ibm8iIG1hcmdpbmhlaWdodD0iMCIgbWFyZ2lud2lkdGg9IjAiIGZyYW1lYm9yZGVyPSIwIj48L2lmcmFtZT4=\"><div class=\"brlbs-cmpnt-cb-preset-a\"> <p class=\"brlbs-cmpnt-cb-description\">Sie sehen gerade einen Platzhalterinhalt von <strong>Standard<\/strong>. Um auf den eigentlichen Inhalt zuzugreifen, klicken Sie auf den Button unten. Bitte beachten Sie, dass dabei Daten an Drittanbieter weitergegeben werden.<\/p> <div class=\"brlbs-cmpnt-cb-buttons\"> <a class=\"brlbs-cmpnt-cb-btn\" href=\"#\" data-borlabs-cookie-unblock role=\"button\">Inhalt entsperren<\/a> <a class=\"brlbs-cmpnt-cb-btn\" href=\"#\" data-borlabs-cookie-accept-service role=\"button\" style=\"display: none\">Erforderlichen Service akzeptieren und Inhalte entsperren<\/a> <\/div> <a class=\"brlbs-cmpnt-cb-provider-toggle\" href=\"#\" data-borlabs-cookie-show-provider-information role=\"button\">Weitere Informationen<\/a> <\/div><\/div>\t\t\t\t<\/div>\n\t\t\t\t<\/div>\n\t\t\t\t\t<\/div>\n\t\t<\/div>\n\t\t\t\t\t<\/div>\n\t\t<\/section>\n\t\t\t\t\t<\/div>\n\t\t<\/div>\n\t\t\t\t\t<\/div>\n\t\t<\/section>\n\t\t\t\t<section data-particle_enable=\"false\" data-particle-mobile-disabled=\"false\" class=\"elementor-section elementor-top-section elementor-element elementor-element-ea08871 elementor-section-boxed elementor-section-height-default elementor-section-height-default\" data-id=\"ea08871\" data-element_type=\"section\">\n\t\t\t\t\t\t<div class=\"elementor-container elementor-column-gap-default\">\n\t\t\t\t\t<div class=\"elementor-column elementor-col-100 elementor-top-column elementor-element elementor-element-de5cdb1\" data-id=\"de5cdb1\" data-element_type=\"column\">\n\t\t\t<div class=\"elementor-widget-wrap\">\n\t\t\t\t\t\t\t<\/div>\n\t\t<\/div>\n\t\t\t\t\t<\/div>\n\t\t<\/section>\n\t\t\t\t<\/div>\n\t\t<\/div>\n\t\t\t\t\t\t<\/div>\n\t\t\t\t<\/div>\n\t\t\t\t\t<\/div>\n\t\t<\/div>\n\t\t\t\t\t<\/div>\n\t\t<\/section>\n\t\t\t\t<\/div>\n\t\t","protected":false},"excerpt":{"rendered":"<p>Impressum Herausgeber &amp; Dienstanbieter Diese Internetpr\u00e4senz ist ein Informationsangebot von der Highway-HotelK.H. Schneider Rasthof GmbHVertreten durch die Gesch\u00e4ftsf\u00fchrer: Karl-Heinz SchneiderBreisgauallee 6Telefon: 07643\/935-0Telefax: 07643\/935-1380E-Mail: info@highway-hotel.com RegistereintragEintragung im Handelsregister.Registergericht: Amtsgericht Freiburg Registernummer: HRB &#8211; FUR 255 UmsatzsteuerFinanzamt: EmmendingenUmsatzsteuer-Identifikationsnummer: DE 178 920 421(gem\u00e4\u00df \u00a7 27a Umsatzsteuergesetz) \u00a0 Verantwortlicher f\u00fcr journalistisch redaktionelle Beitr\u00e4ge gem\u00e4\u00df \u00a7 18 Absatz 2 Medienstaatsvertrag\u00a0 [&hellip;]<\/p>\n","protected":false},"author":1,"featured_media":13199,"parent":0,"menu_order":0,"comment_status":"closed","ping_status":"closed","template":"","meta":{"iawp_total_views":677,"footnotes":""},"class_list":["post-802","page","type-page","status-publish","has-post-thumbnail","hentry"],"yoast_head":"<!-- This site is optimized with the Yoast SEO plugin v26.7 - https:\/\/yoast.com\/wordpress\/plugins\/seo\/ -->\n<title>Highway Hotel in Herbolzheim | Impressum<\/title>\n<meta name=\"description\" content=\"Willkommen im Highway Hotel in Herbolzheim. Buchen Sie jetzt direkt online - zum besten Preis. Hier finden Sie das Impressum\" \/>\n<meta name=\"robots\" content=\"index, follow, max-snippet:-1, max-image-preview:large, max-video-preview:-1\" \/>\n<link rel=\"canonical\" href=\"https:\/\/highway-hotel.com\/de\/impressum\/\" \/>\n<meta property=\"og:locale\" content=\"de_DE\" \/>\n<meta property=\"og:type\" content=\"article\" \/>\n<meta property=\"og:title\" content=\"Highway Hotel in Herbolzheim | Impressum\" \/>\n<meta property=\"og:description\" content=\"Willkommen im Highway Hotel in Herbolzheim. Buchen Sie jetzt direkt online - zum besten Preis. Hier finden Sie das Impressum\" \/>\n<meta property=\"og:url\" content=\"https:\/\/highway-hotel.com\/de\/impressum\/\" \/>\n<meta property=\"og:site_name\" content=\"Highway Hotel\" \/>\n<meta property=\"article:modified_time\" content=\"2025-07-21T20:21:04+00:00\" \/>\n<meta property=\"og:image\" content=\"https:\/\/highway-hotel.com\/wp-content\/uploads\/sites\/26\/2022\/10\/Highway_Hotel_Aussenansicht-3.jpg\" \/>\n\t<meta property=\"og:image:width\" content=\"1600\" \/>\n\t<meta property=\"og:image:height\" content=\"1067\" \/>\n\t<meta property=\"og:image:type\" content=\"image\/jpeg\" \/>\n<meta name=\"twitter:card\" content=\"summary_large_image\" \/>\n<meta name=\"twitter:label1\" content=\"Gesch\u00e4tzte Lesezeit\" \/>\n\t<meta name=\"twitter:data1\" content=\"3\u00a0Minuten\" \/>\n<script type=\"application\/ld+json\" class=\"yoast-schema-graph\">{\"@context\":\"https:\/\/schema.org\",\"@graph\":[{\"@type\":\"WebPage\",\"@id\":\"https:\/\/highway-hotel.com\/de\/impressum\/\",\"url\":\"https:\/\/highway-hotel.com\/de\/impressum\/\",\"name\":\"Highway Hotel in Herbolzheim | Impressum\",\"isPartOf\":{\"@id\":\"https:\/\/highway-hotel.com\/de\/#website\"},\"primaryImageOfPage\":{\"@id\":\"https:\/\/highway-hotel.com\/de\/impressum\/#primaryimage\"},\"image\":{\"@id\":\"https:\/\/highway-hotel.com\/de\/impressum\/#primaryimage\"},\"thumbnailUrl\":\"https:\/\/highway-hotel.com\/wp-content\/uploads\/sites\/26\/2022\/10\/Highway_Hotel_Aussenansicht-3.jpg\",\"datePublished\":\"2020-01-27T13:47:11+00:00\",\"dateModified\":\"2025-07-21T20:21:04+00:00\",\"description\":\"Willkommen im Highway Hotel in Herbolzheim. Buchen Sie jetzt direkt online - zum besten Preis. Hier finden Sie das Impressum\",\"breadcrumb\":{\"@id\":\"https:\/\/highway-hotel.com\/de\/impressum\/#breadcrumb\"},\"inLanguage\":\"de\",\"potentialAction\":[{\"@type\":\"ReadAction\",\"target\":[\"https:\/\/highway-hotel.com\/de\/impressum\/\"]}]},{\"@type\":\"ImageObject\",\"inLanguage\":\"de\",\"@id\":\"https:\/\/highway-hotel.com\/de\/impressum\/#primaryimage\",\"url\":\"https:\/\/highway-hotel.com\/wp-content\/uploads\/sites\/26\/2022\/10\/Highway_Hotel_Aussenansicht-3.jpg\",\"contentUrl\":\"https:\/\/highway-hotel.com\/wp-content\/uploads\/sites\/26\/2022\/10\/Highway_Hotel_Aussenansicht-3.jpg\",\"width\":1600,\"height\":1067,\"caption\":\"Au\u00dfenansicht Highway Hotel in Herbolzheim\"},{\"@type\":\"BreadcrumbList\",\"@id\":\"https:\/\/highway-hotel.com\/de\/impressum\/#breadcrumb\",\"itemListElement\":[{\"@type\":\"ListItem\",\"position\":1,\"name\":\"Startseite\",\"item\":\"https:\/\/highway-hotel.com\/de\/\"},{\"@type\":\"ListItem\",\"position\":2,\"name\":\"Impressum\"}]},{\"@type\":\"WebSite\",\"@id\":\"https:\/\/highway-hotel.com\/de\/#website\",\"url\":\"https:\/\/highway-hotel.com\/de\/\",\"name\":\"Highway Hotel\",\"description\":\"Highway Hotel\",\"publisher\":{\"@id\":\"https:\/\/highway-hotel.com\/de\/#organization\"},\"potentialAction\":[{\"@type\":\"SearchAction\",\"target\":{\"@type\":\"EntryPoint\",\"urlTemplate\":\"https:\/\/highway-hotel.com\/de\/?s={search_term_string}\"},\"query-input\":{\"@type\":\"PropertyValueSpecification\",\"valueRequired\":true,\"valueName\":\"search_term_string\"}}],\"inLanguage\":\"de\"},{\"@type\":\"Organization\",\"@id\":\"https:\/\/highway-hotel.com\/de\/#organization\",\"name\":\"Highway Hotel\",\"url\":\"https:\/\/highway-hotel.com\/de\/\",\"logo\":{\"@type\":\"ImageObject\",\"inLanguage\":\"de\",\"@id\":\"https:\/\/highway-hotel.com\/de\/#\/schema\/logo\/image\/\",\"url\":\"https:\/\/highway-hotel.com\/wp-content\/uploads\/sites\/26\/2022\/06\/Highway-Hotel_Logo_Favicon-1.png\",\"contentUrl\":\"https:\/\/highway-hotel.com\/wp-content\/uploads\/sites\/26\/2022\/06\/Highway-Hotel_Logo_Favicon-1.png\",\"width\":158,\"height\":127,\"caption\":\"Highway Hotel\"},\"image\":{\"@id\":\"https:\/\/highway-hotel.com\/de\/#\/schema\/logo\/image\/\"}}]}<\/script>\n<!-- \/ Yoast SEO plugin. -->","yoast_head_json":{"title":"Highway Hotel in Herbolzheim | Impressum","description":"Willkommen im Highway Hotel in Herbolzheim. Buchen Sie jetzt direkt online - zum besten Preis. Hier finden Sie das Impressum","robots":{"index":"index","follow":"follow","max-snippet":"max-snippet:-1","max-image-preview":"max-image-preview:large","max-video-preview":"max-video-preview:-1"},"canonical":"https:\/\/highway-hotel.com\/de\/impressum\/","og_locale":"de_DE","og_type":"article","og_title":"Highway Hotel in Herbolzheim | Impressum","og_description":"Willkommen im Highway Hotel in Herbolzheim. Buchen Sie jetzt direkt online - zum besten Preis. Hier finden Sie das Impressum","og_url":"https:\/\/highway-hotel.com\/de\/impressum\/","og_site_name":"Highway Hotel","article_modified_time":"2025-07-21T20:21:04+00:00","og_image":[{"width":1600,"height":1067,"url":"https:\/\/highway-hotel.com\/wp-content\/uploads\/sites\/26\/2022\/10\/Highway_Hotel_Aussenansicht-3.jpg","type":"image\/jpeg"}],"twitter_card":"summary_large_image","twitter_misc":{"Gesch\u00e4tzte Lesezeit":"3\u00a0Minuten"},"schema":{"@context":"https:\/\/schema.org","@graph":[{"@type":"WebPage","@id":"https:\/\/highway-hotel.com\/de\/impressum\/","url":"https:\/\/highway-hotel.com\/de\/impressum\/","name":"Highway Hotel in Herbolzheim | Impressum","isPartOf":{"@id":"https:\/\/highway-hotel.com\/de\/#website"},"primaryImageOfPage":{"@id":"https:\/\/highway-hotel.com\/de\/impressum\/#primaryimage"},"image":{"@id":"https:\/\/highway-hotel.com\/de\/impressum\/#primaryimage"},"thumbnailUrl":"https:\/\/highway-hotel.com\/wp-content\/uploads\/sites\/26\/2022\/10\/Highway_Hotel_Aussenansicht-3.jpg","datePublished":"2020-01-27T13:47:11+00:00","dateModified":"2025-07-21T20:21:04+00:00","description":"Willkommen im Highway Hotel in Herbolzheim. Buchen Sie jetzt direkt online - zum besten Preis. Hier finden Sie das Impressum","breadcrumb":{"@id":"https:\/\/highway-hotel.com\/de\/impressum\/#breadcrumb"},"inLanguage":"de","potentialAction":[{"@type":"ReadAction","target":["https:\/\/highway-hotel.com\/de\/impressum\/"]}]},{"@type":"ImageObject","inLanguage":"de","@id":"https:\/\/highway-hotel.com\/de\/impressum\/#primaryimage","url":"https:\/\/highway-hotel.com\/wp-content\/uploads\/sites\/26\/2022\/10\/Highway_Hotel_Aussenansicht-3.jpg","contentUrl":"https:\/\/highway-hotel.com\/wp-content\/uploads\/sites\/26\/2022\/10\/Highway_Hotel_Aussenansicht-3.jpg","width":1600,"height":1067,"caption":"Au\u00dfenansicht Highway Hotel in Herbolzheim"},{"@type":"BreadcrumbList","@id":"https:\/\/highway-hotel.com\/de\/impressum\/#breadcrumb","itemListElement":[{"@type":"ListItem","position":1,"name":"Startseite","item":"https:\/\/highway-hotel.com\/de\/"},{"@type":"ListItem","position":2,"name":"Impressum"}]},{"@type":"WebSite","@id":"https:\/\/highway-hotel.com\/de\/#website","url":"https:\/\/highway-hotel.com\/de\/","name":"Highway Hotel","description":"Highway Hotel","publisher":{"@id":"https:\/\/highway-hotel.com\/de\/#organization"},"potentialAction":[{"@type":"SearchAction","target":{"@type":"EntryPoint","urlTemplate":"https:\/\/highway-hotel.com\/de\/?s={search_term_string}"},"query-input":{"@type":"PropertyValueSpecification","valueRequired":true,"valueName":"search_term_string"}}],"inLanguage":"de"},{"@type":"Organization","@id":"https:\/\/highway-hotel.com\/de\/#organization","name":"Highway Hotel","url":"https:\/\/highway-hotel.com\/de\/","logo":{"@type":"ImageObject","inLanguage":"de","@id":"https:\/\/highway-hotel.com\/de\/#\/schema\/logo\/image\/","url":"https:\/\/highway-hotel.com\/wp-content\/uploads\/sites\/26\/2022\/06\/Highway-Hotel_Logo_Favicon-1.png","contentUrl":"https:\/\/highway-hotel.com\/wp-content\/uploads\/sites\/26\/2022\/06\/Highway-Hotel_Logo_Favicon-1.png","width":158,"height":127,"caption":"Highway Hotel"},"image":{"@id":"https:\/\/highway-hotel.com\/de\/#\/schema\/logo\/image\/"}}]}},"_links":{"self":[{"href":"https:\/\/highway-hotel.com\/de\/wp-json\/wp\/v2\/pages\/802","targetHints":{"allow":["GET"]}}],"collection":[{"href":"https:\/\/highway-hotel.com\/de\/wp-json\/wp\/v2\/pages"}],"about":[{"href":"https:\/\/highway-hotel.com\/de\/wp-json\/wp\/v2\/types\/page"}],"author":[{"embeddable":true,"href":"https:\/\/highway-hotel.com\/de\/wp-json\/wp\/v2\/users\/1"}],"replies":[{"embeddable":true,"href":"https:\/\/highway-hotel.com\/de\/wp-json\/wp\/v2\/comments?post=802"}],"version-history":[{"count":6,"href":"https:\/\/highway-hotel.com\/de\/wp-json\/wp\/v2\/pages\/802\/revisions"}],"predecessor-version":[{"id":29078,"href":"https:\/\/highway-hotel.com\/de\/wp-json\/wp\/v2\/pages\/802\/revisions\/29078"}],"wp:featuredmedia":[{"embeddable":true,"href":"https:\/\/highway-hotel.com\/de\/wp-json\/wp\/v2\/media\/13199"}],"wp:attachment":[{"href":"https:\/\/highway-hotel.com\/de\/wp-json\/wp\/v2\/media?parent=802"}],"curies":[{"name":"wp","href":"https:\/\/api.w.org\/{rel}","templated":true}]}}