
{"id":29068,"date":"2025-07-21T22:19:18","date_gmt":"2025-07-21T20:19:18","guid":{"rendered":"https:\/\/highway-hotel.com\/de\/?page_id=29068"},"modified":"2025-07-22T16:07:49","modified_gmt":"2025-07-22T14:07:49","slug":"barrierefreiheit","status":"publish","type":"page","link":"https:\/\/highway-hotel.com\/de\/barrierefreiheit\/","title":{"rendered":"Barrierefreiheit"},"content":{"rendered":"\t\t<div data-elementor-type=\"wp-page\" data-elementor-id=\"29068\" class=\"elementor elementor-29068\" data-elementor-post-type=\"page\">\n\t\t\t\t\t\t<section data-particle_enable=\"false\" data-particle-mobile-disabled=\"false\" class=\"elementor-section elementor-top-section elementor-element elementor-element-809aaab elementor-section-boxed elementor-section-height-default elementor-section-height-default\" data-id=\"809aaab\" data-element_type=\"section\">\n\t\t\t\t\t\t<div class=\"elementor-container elementor-column-gap-default\">\n\t\t\t\t\t<div class=\"elementor-column elementor-col-100 elementor-top-column elementor-element elementor-element-fb72415\" data-id=\"fb72415\" data-element_type=\"column\">\n\t\t\t<div class=\"elementor-widget-wrap elementor-element-populated\">\n\t\t\t\t\t\t<div class=\"elementor-element elementor-element-3972fc8 elementor-widget elementor-widget-heading\" data-id=\"3972fc8\" data-element_type=\"widget\" data-widget_type=\"heading.default\">\n\t\t\t\t<div class=\"elementor-widget-container\">\n\t\t\t\t\t<h1 class=\"elementor-heading-title elementor-size-default\">Barrierefreiheit<\/h1>\t\t\t\t<\/div>\n\t\t\t\t<\/div>\n\t\t\t\t<div class=\"elementor-element elementor-element-60fc16e elementor-widget-divider--view-line elementor-widget elementor-widget-divider\" data-id=\"60fc16e\" data-element_type=\"widget\" data-widget_type=\"divider.default\">\n\t\t\t\t<div class=\"elementor-widget-container\">\n\t\t\t\t\t\t\t<div class=\"elementor-divider\">\n\t\t\t<span class=\"elementor-divider-separator\">\n\t\t\t\t\t\t<\/span>\n\t\t<\/div>\n\t\t\t\t\t\t<\/div>\n\t\t\t\t<\/div>\n\t\t\t\t<div class=\"elementor-element elementor-element-90de01d elementor-widget elementor-widget-spacer\" data-id=\"90de01d\" data-element_type=\"widget\" data-widget_type=\"spacer.default\">\n\t\t\t\t<div class=\"elementor-widget-container\">\n\t\t\t\t\t\t\t<div class=\"elementor-spacer\">\n\t\t\t<div class=\"elementor-spacer-inner\"><\/div>\n\t\t<\/div>\n\t\t\t\t\t\t<\/div>\n\t\t\t\t<\/div>\n\t\t\t\t\t<\/div>\n\t\t<\/div>\n\t\t\t\t\t<\/div>\n\t\t<\/section>\n\t\t\t\t<section data-particle_enable=\"false\" data-particle-mobile-disabled=\"false\" class=\"elementor-section elementor-top-section elementor-element elementor-element-6034350 elementor-section-boxed elementor-section-height-default elementor-section-height-default\" data-id=\"6034350\" data-element_type=\"section\">\n\t\t\t\t\t\t<div class=\"elementor-container elementor-column-gap-default\">\n\t\t\t\t\t<div class=\"elementor-column elementor-col-100 elementor-top-column elementor-element elementor-element-cafde9b\" data-id=\"cafde9b\" data-element_type=\"column\">\n\t\t\t<div class=\"elementor-widget-wrap elementor-element-populated\">\n\t\t\t\t\t\t<div class=\"elementor-element elementor-element-b12d89c elementor-widget elementor-widget-text-editor\" data-id=\"b12d89c\" data-element_type=\"widget\" data-widget_type=\"text-editor.default\">\n\t\t\t\t<div class=\"elementor-widget-container\">\n\t\t\t\t\t\t\t\t\t<h2><strong>Erkl\u00e4rung zur Barrierefreiheit<\/strong><\/h2><p>Wir sind bem\u00fcht, unsere Website im Einklang mit dem Barrierefreiheitsst\u00e4rkungsgesetz (BFSG) sowie der EU-Richtlinie 2019\/882 barrierefrei zug\u00e4nglich zu machen. Unser Ziel ist es, allen Nutzerinnen und Nutzern \u2013 unabh\u00e4ngig von k\u00f6rperlichen oder technischen Einschr\u00e4nkungen \u2013 einen gleichberechtigten Zugang zu Informationen, Services und Funktionen unserer Website zu erm\u00f6glichen.<\/p><p>Aus Gr\u00fcnden der besseren Lesbarkeit verzichten wir teilweise auf die gleichzeitige Verwendung m\u00e4nnlicher und weiblicher Sprachformen. S\u00e4mtliche Personenbezeichnungen gelten f\u00fcr alle Geschlechter (m\/w\/d).<\/p><h2><strong>Stand der Vereinbarkeit mit den Anforderungen<\/strong><\/h2><p>Diese Webseite ist unter anderem wegen nachstehender Unvereinbarkeiten und Ausnahmen gr\u00f6\u00dftenteils barrierefrei, mit folgenden Ausnahmen:<\/p><ul><li>Das Kontrastverh\u00e4ltnis von Hintergrund- und Vordergrundfarben ist teilweise noch nicht ausreichend.<\/li><li>Eingebundene PDF-Dokumente k\u00f6nnen teilweise noch nicht vollst\u00e4ndig barrierefrei sein.<\/li><li>&lt;html&gt;-Elemente enthalten noch nicht vollst\u00e4ndig [lang]-Attribut.<\/li><li>\u00dcberschriftenelemente sind teilweise noch nicht in einer fortlaufenden absteigenden Reihenfolge angeordnet<\/li><li>Die Tastaturnavigation bestimmter interaktiver Elemente kann in Einzelf\u00e4llen eingeschr\u00e4nkt sein<\/li><\/ul><p>Wir sind bem\u00fcht, diese M\u00e4ngel schnellstm\u00f6glich zu beseitigen, um ein hohes Ma\u00df an Barrierefreiheit zu erreichen.<\/p><h2><strong>Erstellung dieser Erkl\u00e4rung zur Barrierefreiheit<\/strong><\/h2><p>Die Einsch\u00e4tzung basiert auf einer Selbstbewertung mithilfe von Google Lighthouse Accessibility- und WCAG-Tests.<\/p><h2><strong>Feedback und Kontakt<\/strong><\/h2><p>Die gesamte Website ist m\u00f6glichst barrierearm gehalten. Sollten Sie Inhalte finden, die schwer verst\u00e4ndlich oder wenn Sie Schwierigkeiten haben, Inhalte zu nutzen, melden Sie uns \u00fcber unser\u00a0<a href=\"https:\/\/highway-hotel.com\/de\/kontakt\/\">Kontaktformular<\/a>\u00a0gerne die entsprechende Stelle.<\/p><h2><strong>Schlichtungsverfahren<\/strong><\/h2><p>Wenn Sie innerhalb von sechs Wochen keine zufriedenstellende Antwort auf Ihre Anfrage zur Barrierefreiheit erhalten haben, k\u00f6nnen Sie sich an die\u00a0<strong>Schlichtungsstelle nach \u00a7 16 BGG<\/strong>\u00a0wenden. Diese dient der au\u00dfergerichtlichen Streitbeilegung.<\/p><p><strong>Kontakt zur Schlichtungsstelle BGG:<\/strong><br \/>Schlichtungsstelle BGG<br \/>Mauerstra\u00dfe 53, 10117 Berlin<br \/>Telefon: 030 18 527-2805<br \/>E-Mail:\u00a0<a href=\"mailto:info@schlichtungsstelle-bgg.de\">info@schlichtungsstelle-bgg.de<\/a><br \/>Website:\u00a0<a href=\"https:\/\/www.schlichtungsstelle-bgg.de\/\">www.schlichtungsstelle-bgg.de<\/a><\/p><p><em>Stand 19.06.2025<\/em><br \/><em>G\u00fcltig f\u00fcr diese Website: <a href=\"https:\/\/highway-hotel.com\/\">https:\/\/highway-hotel.com\/<\/a><\/em><br \/><em>Verantwortlich: <strong>Highway-Hotel, <\/strong>K.H. Schneider Rasthof GmbH<br \/>Vertreten durch die Gesch\u00e4ftsf\u00fchrer: Karl-Heinz Schneider<\/em><\/p>\t\t\t\t\t\t\t\t<\/div>\n\t\t\t\t<\/div>\n\t\t\t\t\t<\/div>\n\t\t<\/div>\n\t\t\t\t\t<\/div>\n\t\t<\/section>\n\t\t\t\t<section data-particle_enable=\"false\" data-particle-mobile-disabled=\"false\" class=\"elementor-section elementor-top-section elementor-element elementor-element-8d50619 elementor-section-full_width elementor-section-height-default elementor-section-height-default\" data-id=\"8d50619\" data-element_type=\"section\">\n\t\t\t\t\t\t<div class=\"elementor-container elementor-column-gap-default\">\n\t\t\t\t\t<div class=\"elementor-column elementor-col-100 elementor-top-column elementor-element elementor-element-cfb02f9\" data-id=\"cfb02f9\" data-element_type=\"column\">\n\t\t\t<div class=\"elementor-widget-wrap elementor-element-populated\">\n\t\t\t\t\t\t<div class=\"elementor-element elementor-element-c8265d1 elementor-widget elementor-widget-shortcode\" data-id=\"c8265d1\" data-element_type=\"widget\" data-widget_type=\"shortcode.default\">\n\t\t\t\t<div class=\"elementor-widget-container\">\n\t\t\t\t\t\t\t<div class=\"elementor-shortcode\">\t\t<div data-elementor-type=\"section\" data-elementor-id=\"788\" class=\"elementor elementor-788\" data-elementor-post-type=\"elementor_library\">\n\t\t\t\t\t<section data-particle_enable=\"false\" data-particle-mobile-disabled=\"false\" class=\"elementor-section elementor-top-section elementor-element elementor-element-94bfb7e elementor-section-boxed elementor-section-height-default elementor-section-height-default\" data-id=\"94bfb7e\" data-element_type=\"section\" data-settings=\"{&quot;background_background&quot;:&quot;classic&quot;}\">\n\t\t\t\t\t\t<div class=\"elementor-container elementor-column-gap-default\">\n\t\t\t\t\t<div class=\"elementor-column elementor-col-100 elementor-top-column elementor-element elementor-element-0186d69\" data-id=\"0186d69\" data-element_type=\"column\">\n\t\t\t<div class=\"elementor-widget-wrap elementor-element-populated\">\n\t\t\t\t\t\t<section data-particle_enable=\"false\" data-particle-mobile-disabled=\"false\" class=\"elementor-section elementor-inner-section elementor-element elementor-element-c88e1cb elementor-section-boxed elementor-section-height-default elementor-section-height-default\" data-id=\"c88e1cb\" data-element_type=\"section\" data-settings=\"{&quot;background_background&quot;:&quot;classic&quot;}\">\n\t\t\t\t\t\t<div class=\"elementor-container elementor-column-gap-default\">\n\t\t\t\t\t<div class=\"elementor-column elementor-col-25 elementor-inner-column elementor-element elementor-element-eea3064 elementor-invisible\" data-id=\"eea3064\" data-element_type=\"column\" data-settings=\"{&quot;animation&quot;:&quot;slideInLeft&quot;}\">\n\t\t\t<div class=\"elementor-widget-wrap elementor-element-populated\">\n\t\t\t\t\t\t<div class=\"elementor-element elementor-element-4d75c0d elementor-widget elementor-widget-image\" data-id=\"4d75c0d\" data-element_type=\"widget\" data-widget_type=\"image.default\">\n\t\t\t\t<div class=\"elementor-widget-container\">\n\t\t\t\t\t\t\t\t\t\t\t\t\t\t\t<img decoding=\"async\" width=\"179\" height=\"98\" src=\"https:\/\/highway-hotel.com\/wp-content\/uploads\/sites\/26\/2022\/06\/Highway-Hotel_Logo.png\" class=\"attachment-full size-full wp-image-10635\" alt=\"Logo Highway Hotel in Herbolzheim\" \/>\t\t\t\t\t\t\t\t\t\t\t\t\t\t\t<\/div>\n\t\t\t\t<\/div>\n\t\t\t\t\t<\/div>\n\t\t<\/div>\n\t\t\t\t<div class=\"elementor-column elementor-col-25 elementor-inner-column elementor-element elementor-element-ca4cd6d elementor-invisible\" data-id=\"ca4cd6d\" data-element_type=\"column\" data-settings=\"{&quot;animation&quot;:&quot;slideInUp&quot;}\">\n\t\t\t<div class=\"elementor-widget-wrap elementor-element-populated\">\n\t\t\t\t\t\t<div class=\"elementor-element elementor-element-16fa6d2 elementor-widget elementor-widget-heading\" data-id=\"16fa6d2\" data-element_type=\"widget\" data-widget_type=\"heading.default\">\n\t\t\t\t<div class=\"elementor-widget-container\">\n\t\t\t\t\t<h5 class=\"elementor-heading-title elementor-size-default\">Kontakt<\/h5>\t\t\t\t<\/div>\n\t\t\t\t<\/div>\n\t\t\t\t<div class=\"elementor-element elementor-element-88150aa elementor-widget elementor-widget-text-editor\" data-id=\"88150aa\" data-element_type=\"widget\" data-widget_type=\"text-editor.default\">\n\t\t\t\t<div class=\"elementor-widget-container\">\n\t\t\t\t\t\t\t\t\t<p>Highway-Hotel<br \/>Breisgauallee 6<br \/>79336 Herbolzheim<\/p><p>Telefon: <a href=\"tel:+4976439350\">+49 (0) 7643 \/ 935-0<\/a><br \/>E-Mail: <a href=\"mailto:info@highway-hotel.com\">info@highway-hotel.com<\/a><\/p>\t\t\t\t\t\t\t\t<\/div>\n\t\t\t\t<\/div>\n\t\t\t\t\t<\/div>\n\t\t<\/div>\n\t\t\t\t<div class=\"elementor-column elementor-col-25 elementor-inner-column elementor-element elementor-element-764299d elementor-invisible\" data-id=\"764299d\" data-element_type=\"column\" data-settings=\"{&quot;animation&quot;:&quot;slideInRight&quot;}\">\n\t\t\t<div class=\"elementor-widget-wrap elementor-element-populated\">\n\t\t\t\t\t\t<div class=\"elementor-element elementor-element-8fa182e elementor-widget elementor-widget-image\" data-id=\"8fa182e\" data-element_type=\"widget\" data-widget_type=\"image.default\">\n\t\t\t\t<div class=\"elementor-widget-container\">\n\t\t\t\t\t\t\t\t\t\t\t\t\t\t\t<img decoding=\"async\" src=\"https:\/\/highway-hotel.com\/wp-content\/uploads\/sites\/26\/elementor\/thumbs\/Urkunde-Hotel-Highway-rjbycwbx6qlbq3gi2gibxn7758g56bfmxhkx6wdsm0.jpg\" title=\"Urkunde Hotel Highway\" alt=\"Urkunde Hotel Highway\" loading=\"lazy\" \/>\t\t\t\t\t\t\t\t\t\t\t\t\t\t\t<\/div>\n\t\t\t\t<\/div>\n\t\t\t\t\t<\/div>\n\t\t<\/div>\n\t\t\t\t<div class=\"elementor-column elementor-col-25 elementor-inner-column elementor-element elementor-element-7768a2e elementor-invisible\" data-id=\"7768a2e\" data-element_type=\"column\" data-settings=\"{&quot;animation&quot;:&quot;slideInRight&quot;}\">\n\t\t\t<div class=\"elementor-widget-wrap elementor-element-populated\">\n\t\t\t\t\t\t<div class=\"elementor-element elementor-element-77b1c6b elementor-widget elementor-widget-html\" data-id=\"77b1c6b\" data-element_type=\"widget\" data-widget_type=\"html.default\">\n\t\t\t\t<div class=\"elementor-widget-container\">\n\t\t\t\t\t <div class=\"brlbs-cmpnt-container brlbs-cmpnt-content-blocker brlbs-cmpnt-with-individual-styles\" data-borlabs-cookie-content-blocker-id=\"default\" data-borlabs-cookie-content=\"PGlmcmFtZSBzcmM9Imh0dHBzOi8vaG90ZWxjbGFzcy5pbmZvL3dzL2Q0ZjJkNzk4LTA0NmYtNGI5YS1iZjA5LTY5ZjU2MGY0YzA4YT9sYW5nPWRlIiB3aWR0aD0iMTYwIiBoZWlnaHQ9IjE2NCIgYWxpZ249ImxlZnQiIHNjcm9sbGluZz0ibm8iIG1hcmdpbmhlaWdodD0iMCIgbWFyZ2lud2lkdGg9IjAiIGZyYW1lYm9yZGVyPSIwIj48L2lmcmFtZT4=\"><div class=\"brlbs-cmpnt-cb-preset-a\"> <p class=\"brlbs-cmpnt-cb-description\">Sie sehen gerade einen Platzhalterinhalt von <strong>Standard<\/strong>. Um auf den eigentlichen Inhalt zuzugreifen, klicken Sie auf den Button unten. Bitte beachten Sie, dass dabei Daten an Drittanbieter weitergegeben werden.<\/p> <div class=\"brlbs-cmpnt-cb-buttons\"> <a class=\"brlbs-cmpnt-cb-btn\" href=\"#\" data-borlabs-cookie-unblock role=\"button\">Inhalt entsperren<\/a> <a class=\"brlbs-cmpnt-cb-btn\" href=\"#\" data-borlabs-cookie-accept-service role=\"button\" style=\"display: none\">Erforderlichen Service akzeptieren und Inhalte entsperren<\/a> <\/div> <a class=\"brlbs-cmpnt-cb-provider-toggle\" href=\"#\" data-borlabs-cookie-show-provider-information role=\"button\">Weitere Informationen<\/a> <\/div><\/div>\t\t\t\t<\/div>\n\t\t\t\t<\/div>\n\t\t\t\t\t<\/div>\n\t\t<\/div>\n\t\t\t\t\t<\/div>\n\t\t<\/section>\n\t\t\t\t\t<\/div>\n\t\t<\/div>\n\t\t\t\t\t<\/div>\n\t\t<\/section>\n\t\t\t\t<section data-particle_enable=\"false\" data-particle-mobile-disabled=\"false\" class=\"elementor-section elementor-top-section elementor-element elementor-element-ea08871 elementor-section-boxed elementor-section-height-default elementor-section-height-default\" data-id=\"ea08871\" data-element_type=\"section\">\n\t\t\t\t\t\t<div class=\"elementor-container elementor-column-gap-default\">\n\t\t\t\t\t<div class=\"elementor-column elementor-col-100 elementor-top-column elementor-element elementor-element-de5cdb1\" data-id=\"de5cdb1\" data-element_type=\"column\">\n\t\t\t<div class=\"elementor-widget-wrap\">\n\t\t\t\t\t\t\t<\/div>\n\t\t<\/div>\n\t\t\t\t\t<\/div>\n\t\t<\/section>\n\t\t\t\t<\/div>\n\t\t<\/div>\n\t\t\t\t\t\t<\/div>\n\t\t\t\t<\/div>\n\t\t\t\t\t<\/div>\n\t\t<\/div>\n\t\t\t\t\t<\/div>\n\t\t<\/section>\n\t\t\t\t<\/div>\n\t\t","protected":false},"excerpt":{"rendered":"<p>Barrierefreiheit Erkl\u00e4rung zur Barrierefreiheit Wir sind bem\u00fcht, unsere Website im Einklang mit dem Barrierefreiheitsst\u00e4rkungsgesetz (BFSG) sowie der EU-Richtlinie 2019\/882 barrierefrei zug\u00e4nglich zu machen. Unser Ziel ist es, allen Nutzerinnen und Nutzern \u2013 unabh\u00e4ngig von k\u00f6rperlichen oder technischen Einschr\u00e4nkungen \u2013 einen gleichberechtigten Zugang zu Informationen, Services und Funktionen unserer Website zu erm\u00f6glichen. Aus Gr\u00fcnden der besseren [&hellip;]<\/p>\n","protected":false},"author":25,"featured_media":13199,"parent":0,"menu_order":0,"comment_status":"closed","ping_status":"closed","template":"","meta":{"iawp_total_views":26,"footnotes":""},"class_list":["post-29068","page","type-page","status-publish","has-post-thumbnail","hentry"],"yoast_head":"<!-- This site is optimized with the Yoast SEO plugin v26.7 - https:\/\/yoast.com\/wordpress\/plugins\/seo\/ -->\n<title>Highway Hotel in Herbolzheim | Barrierefreiheit<\/title>\n<meta name=\"description\" content=\"Willkommen im Highway Hotel in Herbolzheim. Hier finden Sie alle Informationen zum Thema Barrierefreiheit der Website.\" \/>\n<meta name=\"robots\" content=\"index, follow, max-snippet:-1, max-image-preview:large, max-video-preview:-1\" \/>\n<link rel=\"canonical\" href=\"https:\/\/highway-hotel.com\/de\/barrierefreiheit\/\" \/>\n<meta property=\"og:locale\" content=\"de_DE\" \/>\n<meta property=\"og:type\" content=\"article\" \/>\n<meta property=\"og:title\" content=\"Highway Hotel in Herbolzheim | Barrierefreiheit\" \/>\n<meta property=\"og:description\" content=\"Willkommen im Highway Hotel in Herbolzheim. Hier finden Sie alle Informationen zum Thema Barrierefreiheit der Website.\" \/>\n<meta property=\"og:url\" content=\"https:\/\/highway-hotel.com\/de\/barrierefreiheit\/\" \/>\n<meta property=\"og:site_name\" content=\"Highway Hotel\" \/>\n<meta property=\"article:modified_time\" content=\"2025-07-22T14:07:49+00:00\" \/>\n<meta property=\"og:image\" content=\"https:\/\/highway-hotel.com\/wp-content\/uploads\/sites\/26\/2022\/10\/Highway_Hotel_Aussenansicht-3.jpg\" \/>\n\t<meta property=\"og:image:width\" content=\"1600\" \/>\n\t<meta property=\"og:image:height\" content=\"1067\" \/>\n\t<meta property=\"og:image:type\" content=\"image\/jpeg\" \/>\n<meta name=\"twitter:card\" content=\"summary_large_image\" \/>\n<meta name=\"twitter:label1\" content=\"Gesch\u00e4tzte Lesezeit\" \/>\n\t<meta name=\"twitter:data1\" content=\"2\u00a0Minuten\" \/>\n<script type=\"application\/ld+json\" class=\"yoast-schema-graph\">{\"@context\":\"https:\/\/schema.org\",\"@graph\":[{\"@type\":\"WebPage\",\"@id\":\"https:\/\/highway-hotel.com\/de\/barrierefreiheit\/\",\"url\":\"https:\/\/highway-hotel.com\/de\/barrierefreiheit\/\",\"name\":\"Highway Hotel in Herbolzheim | Barrierefreiheit\",\"isPartOf\":{\"@id\":\"https:\/\/highway-hotel.com\/de\/#website\"},\"primaryImageOfPage\":{\"@id\":\"https:\/\/highway-hotel.com\/de\/barrierefreiheit\/#primaryimage\"},\"image\":{\"@id\":\"https:\/\/highway-hotel.com\/de\/barrierefreiheit\/#primaryimage\"},\"thumbnailUrl\":\"https:\/\/highway-hotel.com\/wp-content\/uploads\/sites\/26\/2022\/10\/Highway_Hotel_Aussenansicht-3.jpg\",\"datePublished\":\"2025-07-21T20:19:18+00:00\",\"dateModified\":\"2025-07-22T14:07:49+00:00\",\"description\":\"Willkommen im Highway Hotel in Herbolzheim. Hier finden Sie alle Informationen zum Thema Barrierefreiheit der Website.\",\"breadcrumb\":{\"@id\":\"https:\/\/highway-hotel.com\/de\/barrierefreiheit\/#breadcrumb\"},\"inLanguage\":\"de\",\"potentialAction\":[{\"@type\":\"ReadAction\",\"target\":[\"https:\/\/highway-hotel.com\/de\/barrierefreiheit\/\"]}]},{\"@type\":\"ImageObject\",\"inLanguage\":\"de\",\"@id\":\"https:\/\/highway-hotel.com\/de\/barrierefreiheit\/#primaryimage\",\"url\":\"https:\/\/highway-hotel.com\/wp-content\/uploads\/sites\/26\/2022\/10\/Highway_Hotel_Aussenansicht-3.jpg\",\"contentUrl\":\"https:\/\/highway-hotel.com\/wp-content\/uploads\/sites\/26\/2022\/10\/Highway_Hotel_Aussenansicht-3.jpg\",\"width\":1600,\"height\":1067,\"caption\":\"Au\u00dfenansicht Highway Hotel in Herbolzheim\"},{\"@type\":\"BreadcrumbList\",\"@id\":\"https:\/\/highway-hotel.com\/de\/barrierefreiheit\/#breadcrumb\",\"itemListElement\":[{\"@type\":\"ListItem\",\"position\":1,\"name\":\"Startseite\",\"item\":\"https:\/\/highway-hotel.com\/de\/\"},{\"@type\":\"ListItem\",\"position\":2,\"name\":\"Barrierefreiheit\"}]},{\"@type\":\"WebSite\",\"@id\":\"https:\/\/highway-hotel.com\/de\/#website\",\"url\":\"https:\/\/highway-hotel.com\/de\/\",\"name\":\"Highway Hotel\",\"description\":\"Highway Hotel\",\"publisher\":{\"@id\":\"https:\/\/highway-hotel.com\/de\/#organization\"},\"potentialAction\":[{\"@type\":\"SearchAction\",\"target\":{\"@type\":\"EntryPoint\",\"urlTemplate\":\"https:\/\/highway-hotel.com\/de\/?s={search_term_string}\"},\"query-input\":{\"@type\":\"PropertyValueSpecification\",\"valueRequired\":true,\"valueName\":\"search_term_string\"}}],\"inLanguage\":\"de\"},{\"@type\":\"Organization\",\"@id\":\"https:\/\/highway-hotel.com\/de\/#organization\",\"name\":\"Highway Hotel\",\"url\":\"https:\/\/highway-hotel.com\/de\/\",\"logo\":{\"@type\":\"ImageObject\",\"inLanguage\":\"de\",\"@id\":\"https:\/\/highway-hotel.com\/de\/#\/schema\/logo\/image\/\",\"url\":\"https:\/\/highway-hotel.com\/wp-content\/uploads\/sites\/26\/2022\/06\/Highway-Hotel_Logo_Favicon-1.png\",\"contentUrl\":\"https:\/\/highway-hotel.com\/wp-content\/uploads\/sites\/26\/2022\/06\/Highway-Hotel_Logo_Favicon-1.png\",\"width\":158,\"height\":127,\"caption\":\"Highway Hotel\"},\"image\":{\"@id\":\"https:\/\/highway-hotel.com\/de\/#\/schema\/logo\/image\/\"}}]}<\/script>\n<!-- \/ Yoast SEO plugin. -->","yoast_head_json":{"title":"Highway Hotel in Herbolzheim | Barrierefreiheit","description":"Willkommen im Highway Hotel in Herbolzheim. Hier finden Sie alle Informationen zum Thema Barrierefreiheit der Website.","robots":{"index":"index","follow":"follow","max-snippet":"max-snippet:-1","max-image-preview":"max-image-preview:large","max-video-preview":"max-video-preview:-1"},"canonical":"https:\/\/highway-hotel.com\/de\/barrierefreiheit\/","og_locale":"de_DE","og_type":"article","og_title":"Highway Hotel in Herbolzheim | Barrierefreiheit","og_description":"Willkommen im Highway Hotel in Herbolzheim. Hier finden Sie alle Informationen zum Thema Barrierefreiheit der Website.","og_url":"https:\/\/highway-hotel.com\/de\/barrierefreiheit\/","og_site_name":"Highway Hotel","article_modified_time":"2025-07-22T14:07:49+00:00","og_image":[{"width":1600,"height":1067,"url":"https:\/\/highway-hotel.com\/wp-content\/uploads\/sites\/26\/2022\/10\/Highway_Hotel_Aussenansicht-3.jpg","type":"image\/jpeg"}],"twitter_card":"summary_large_image","twitter_misc":{"Gesch\u00e4tzte Lesezeit":"2\u00a0Minuten"},"schema":{"@context":"https:\/\/schema.org","@graph":[{"@type":"WebPage","@id":"https:\/\/highway-hotel.com\/de\/barrierefreiheit\/","url":"https:\/\/highway-hotel.com\/de\/barrierefreiheit\/","name":"Highway Hotel in Herbolzheim | Barrierefreiheit","isPartOf":{"@id":"https:\/\/highway-hotel.com\/de\/#website"},"primaryImageOfPage":{"@id":"https:\/\/highway-hotel.com\/de\/barrierefreiheit\/#primaryimage"},"image":{"@id":"https:\/\/highway-hotel.com\/de\/barrierefreiheit\/#primaryimage"},"thumbnailUrl":"https:\/\/highway-hotel.com\/wp-content\/uploads\/sites\/26\/2022\/10\/Highway_Hotel_Aussenansicht-3.jpg","datePublished":"2025-07-21T20:19:18+00:00","dateModified":"2025-07-22T14:07:49+00:00","description":"Willkommen im Highway Hotel in Herbolzheim. Hier finden Sie alle Informationen zum Thema Barrierefreiheit der Website.","breadcrumb":{"@id":"https:\/\/highway-hotel.com\/de\/barrierefreiheit\/#breadcrumb"},"inLanguage":"de","potentialAction":[{"@type":"ReadAction","target":["https:\/\/highway-hotel.com\/de\/barrierefreiheit\/"]}]},{"@type":"ImageObject","inLanguage":"de","@id":"https:\/\/highway-hotel.com\/de\/barrierefreiheit\/#primaryimage","url":"https:\/\/highway-hotel.com\/wp-content\/uploads\/sites\/26\/2022\/10\/Highway_Hotel_Aussenansicht-3.jpg","contentUrl":"https:\/\/highway-hotel.com\/wp-content\/uploads\/sites\/26\/2022\/10\/Highway_Hotel_Aussenansicht-3.jpg","width":1600,"height":1067,"caption":"Au\u00dfenansicht Highway Hotel in Herbolzheim"},{"@type":"BreadcrumbList","@id":"https:\/\/highway-hotel.com\/de\/barrierefreiheit\/#breadcrumb","itemListElement":[{"@type":"ListItem","position":1,"name":"Startseite","item":"https:\/\/highway-hotel.com\/de\/"},{"@type":"ListItem","position":2,"name":"Barrierefreiheit"}]},{"@type":"WebSite","@id":"https:\/\/highway-hotel.com\/de\/#website","url":"https:\/\/highway-hotel.com\/de\/","name":"Highway Hotel","description":"Highway Hotel","publisher":{"@id":"https:\/\/highway-hotel.com\/de\/#organization"},"potentialAction":[{"@type":"SearchAction","target":{"@type":"EntryPoint","urlTemplate":"https:\/\/highway-hotel.com\/de\/?s={search_term_string}"},"query-input":{"@type":"PropertyValueSpecification","valueRequired":true,"valueName":"search_term_string"}}],"inLanguage":"de"},{"@type":"Organization","@id":"https:\/\/highway-hotel.com\/de\/#organization","name":"Highway Hotel","url":"https:\/\/highway-hotel.com\/de\/","logo":{"@type":"ImageObject","inLanguage":"de","@id":"https:\/\/highway-hotel.com\/de\/#\/schema\/logo\/image\/","url":"https:\/\/highway-hotel.com\/wp-content\/uploads\/sites\/26\/2022\/06\/Highway-Hotel_Logo_Favicon-1.png","contentUrl":"https:\/\/highway-hotel.com\/wp-content\/uploads\/sites\/26\/2022\/06\/Highway-Hotel_Logo_Favicon-1.png","width":158,"height":127,"caption":"Highway Hotel"},"image":{"@id":"https:\/\/highway-hotel.com\/de\/#\/schema\/logo\/image\/"}}]}},"_links":{"self":[{"href":"https:\/\/highway-hotel.com\/de\/wp-json\/wp\/v2\/pages\/29068","targetHints":{"allow":["GET"]}}],"collection":[{"href":"https:\/\/highway-hotel.com\/de\/wp-json\/wp\/v2\/pages"}],"about":[{"href":"https:\/\/highway-hotel.com\/de\/wp-json\/wp\/v2\/types\/page"}],"author":[{"embeddable":true,"href":"https:\/\/highway-hotel.com\/de\/wp-json\/wp\/v2\/users\/25"}],"replies":[{"embeddable":true,"href":"https:\/\/highway-hotel.com\/de\/wp-json\/wp\/v2\/comments?post=29068"}],"version-history":[{"count":7,"href":"https:\/\/highway-hotel.com\/de\/wp-json\/wp\/v2\/pages\/29068\/revisions"}],"predecessor-version":[{"id":29082,"href":"https:\/\/highway-hotel.com\/de\/wp-json\/wp\/v2\/pages\/29068\/revisions\/29082"}],"wp:featuredmedia":[{"embeddable":true,"href":"https:\/\/highway-hotel.com\/de\/wp-json\/wp\/v2\/media\/13199"}],"wp:attachment":[{"href":"https:\/\/highway-hotel.com\/de\/wp-json\/wp\/v2\/media?parent=29068"}],"curies":[{"name":"wp","href":"https:\/\/api.w.org\/{rel}","templated":true}]}}