
{"id":28850,"date":"2024-11-19T14:58:58","date_gmt":"2024-11-19T13:58:58","guid":{"rendered":"https:\/\/highway-hotel.com\/de\/?page_id=28850"},"modified":"2024-11-21T10:10:59","modified_gmt":"2024-11-21T09:10:59","slug":"stornierungsbedingungen","status":"publish","type":"page","link":"https:\/\/highway-hotel.com\/de\/stornierungsbedingungen\/","title":{"rendered":"Stornierungsbedingungen"},"content":{"rendered":"\t\t<div data-elementor-type=\"wp-page\" data-elementor-id=\"28850\" class=\"elementor elementor-28850\" data-elementor-post-type=\"page\">\n\t\t\t\t\t\t<section data-particle_enable=\"false\" data-particle-mobile-disabled=\"false\" class=\"elementor-section elementor-top-section elementor-element elementor-element-394c735 elementor-section-boxed elementor-section-height-default elementor-section-height-default\" data-id=\"394c735\" data-element_type=\"section\">\n\t\t\t\t\t\t<div class=\"elementor-container elementor-column-gap-default\">\n\t\t\t\t\t<div class=\"elementor-column elementor-col-100 elementor-top-column elementor-element elementor-element-08eb89b\" data-id=\"08eb89b\" data-element_type=\"column\">\n\t\t\t<div class=\"elementor-widget-wrap elementor-element-populated\">\n\t\t\t\t\t\t<div class=\"elementor-element elementor-element-174b9e4 elementor-widget elementor-widget-heading\" data-id=\"174b9e4\" data-element_type=\"widget\" data-widget_type=\"heading.default\">\n\t\t\t\t<div class=\"elementor-widget-container\">\n\t\t\t\t\t<h1 class=\"elementor-heading-title elementor-size-default\">Stornierungsbedingungen<\/h1>\t\t\t\t<\/div>\n\t\t\t\t<\/div>\n\t\t\t\t<div class=\"elementor-element elementor-element-c2b679d elementor-widget-divider--view-line elementor-widget elementor-widget-divider\" data-id=\"c2b679d\" data-element_type=\"widget\" data-widget_type=\"divider.default\">\n\t\t\t\t<div class=\"elementor-widget-container\">\n\t\t\t\t\t\t\t<div class=\"elementor-divider\">\n\t\t\t<span class=\"elementor-divider-separator\">\n\t\t\t\t\t\t<\/span>\n\t\t<\/div>\n\t\t\t\t\t\t<\/div>\n\t\t\t\t<\/div>\n\t\t\t\t<div class=\"elementor-element elementor-element-5605186 elementor-widget elementor-widget-spacer\" data-id=\"5605186\" data-element_type=\"widget\" data-widget_type=\"spacer.default\">\n\t\t\t\t<div class=\"elementor-widget-container\">\n\t\t\t\t\t\t\t<div class=\"elementor-spacer\">\n\t\t\t<div class=\"elementor-spacer-inner\"><\/div>\n\t\t<\/div>\n\t\t\t\t\t\t<\/div>\n\t\t\t\t<\/div>\n\t\t\t\t\t<\/div>\n\t\t<\/div>\n\t\t\t\t\t<\/div>\n\t\t<\/section>\n\t\t\t\t<section data-particle_enable=\"false\" data-particle-mobile-disabled=\"false\" class=\"elementor-section elementor-top-section elementor-element elementor-element-a9cb249 elementor-section-boxed elementor-section-height-default elementor-section-height-default\" data-id=\"a9cb249\" data-element_type=\"section\">\n\t\t\t\t\t\t<div class=\"elementor-container elementor-column-gap-default\">\n\t\t\t\t\t<div class=\"elementor-column elementor-col-100 elementor-top-column elementor-element elementor-element-9e9d514\" data-id=\"9e9d514\" data-element_type=\"column\">\n\t\t\t<div class=\"elementor-widget-wrap elementor-element-populated\">\n\t\t\t\t\t\t<div class=\"elementor-element elementor-element-b880651 elementor-widget elementor-widget-text-editor\" data-id=\"b880651\" data-element_type=\"widget\" data-widget_type=\"text-editor.default\">\n\t\t\t\t<div class=\"elementor-widget-container\">\n\t\t\t\t\t\t\t\t\t<h6><strong>Allgemeine Stornierungsfristen<\/strong><\/h6>\n<ul>\n<li>Kostenfreie Stornierung:&nbsp;G\u00e4ste k\u00f6nnen ihre Buchung bis zu&nbsp;24 Stunden vor dem Anreisedatum&nbsp;kostenfrei stornieren.<\/li>\n<li>Stornierungen innerhalb von 24 Stunden vor Anreise:&nbsp;In diesem Fall wird eine Stornierungsgeb\u00fchr in H\u00f6he von&nbsp;50 % des Buchungsbetrages bis 12 Uhr am Anreisetag&nbsp;erhoben. Nach 12 Uhr wird die 1. Nacht mit 100% berechnet.<\/li>\n<\/ul>\n<h6><strong>Nichtanreise (No-Show)<\/strong><\/h6>\n<ul>\n<li>Wird die Buchung nicht vor 12 Uhr am Anreisetag storniert und der Gast reist nicht an, wird der gesamte Buchungsbetrag (100 %) berechnet.<\/li>\n<\/ul>\n<h6><strong>Gruppenbuchungen (ab 5 Zimmern)<\/strong><\/h6>\n<ul>\n<li>Kostenfreie Stornierung:&nbsp;Gruppenbuchungen k\u00f6nnen bis zu&nbsp;14 Tage vor Anreisedatum&nbsp;kostenfrei storniert werden.<\/li>\n<li>Stornierungen innerhalb von 14 Tagen vor Anreise:&nbsp;Es wird eine Stornierungsgeb\u00fchr von&nbsp;50 % des gesamten Buchungsbetrages&nbsp;erhoben.<\/li>\n<li>Stornierungen innerhalb von 7 Tagen vor Anreise:&nbsp;Es wird eine Stornierungsgeb\u00fchr von&nbsp;80 % des gesamten Buchungsbetrages&nbsp;erhoben.<\/li>\n<\/ul>\n<h6><strong>Sondertarife und nicht erstattungsf\u00e4hige Buchungen<\/strong><\/h6>\n<ul>\n<li>F\u00fcr Buchungen mit Sondertarifen (z. B. Fr\u00fchbucherrabatt, Handyrate) oder nicht erstattungsf\u00e4hige Tarife gelten separate Bedingungen, die zum Zeitpunkt der Buchung angegeben werden. Diese Buchungen k\u00f6nnen nicht kostenfrei storniert werden, und der gesamte Betrag wird im Falle einer Stornierung oder Nichtanreise f\u00e4llig.<\/li>\n<\/ul>\n<h6><strong>Sondervereinbarungen<\/strong><\/h6>\n<ul>\n<li>Individuelle Stornierungsvereinbarungen f\u00fcr spezielle Veranstaltungen oder Gruppenreisen gr\u00f6\u00dfer als 10 Zimmer, sowie Konferenzen, m\u00fcssen im Voraus schriftlich festgehalten werden.<\/li>\n<\/ul>\n<h6><strong>Kontakt f\u00fcr Stornierungen<\/strong><\/h6>\n<ul>\n<li>Stornierungen m\u00fcssen schriftlich per E-Mail an&nbsp;info@highway-hotel.com&nbsp;oder telefonisch unter&nbsp;<a href=\"tel:+4976439350\">+49 (0) 7643 \/ 935-0<\/a><\/li>\n<\/ul>\n<h6><strong>H\u00f6here Gewalt<\/strong><\/h6>\n<ul>\n<li>Falls die Stornierung aufgrund von unvorhersehbaren Umst\u00e4nden (z. B. Naturkatastrophen, Pandemien oder staatlichen Reiseverboten) erfolgt, beh\u00e4lt sich das Hotel das Recht vor, individuelle Regelungen zu treffen.<\/li>\n<\/ul>\t\t\t\t\t\t\t\t<\/div>\n\t\t\t\t<\/div>\n\t\t\t\t\t<\/div>\n\t\t<\/div>\n\t\t\t\t\t<\/div>\n\t\t<\/section>\n\t\t\t\t<section data-particle_enable=\"false\" data-particle-mobile-disabled=\"false\" class=\"elementor-section elementor-top-section elementor-element elementor-element-2043642 elementor-section-full_width elementor-hidden-tablet elementor-hidden-mobile elementor-section-height-default elementor-section-height-default\" data-id=\"2043642\" data-element_type=\"section\">\n\t\t\t\t\t\t<div class=\"elementor-container elementor-column-gap-default\">\n\t\t\t\t\t<div class=\"elementor-column elementor-col-100 elementor-top-column elementor-element elementor-element-fd1bc5f\" data-id=\"fd1bc5f\" data-element_type=\"column\">\n\t\t\t<div class=\"elementor-widget-wrap elementor-element-populated\">\n\t\t\t\t\t\t<div class=\"elementor-element elementor-element-d542ce1 elementor-widget elementor-widget-shortcode\" data-id=\"d542ce1\" data-element_type=\"widget\" data-widget_type=\"shortcode.default\">\n\t\t\t\t<div class=\"elementor-widget-container\">\n\t\t\t\t\t\t\t<div class=\"elementor-shortcode\">\t\t<div data-elementor-type=\"section\" data-elementor-id=\"788\" class=\"elementor elementor-788\" data-elementor-post-type=\"elementor_library\">\n\t\t\t\t\t<section data-particle_enable=\"false\" data-particle-mobile-disabled=\"false\" class=\"elementor-section elementor-top-section elementor-element elementor-element-94bfb7e elementor-section-boxed elementor-section-height-default elementor-section-height-default\" data-id=\"94bfb7e\" data-element_type=\"section\" data-settings=\"{&quot;background_background&quot;:&quot;classic&quot;}\">\n\t\t\t\t\t\t<div class=\"elementor-container elementor-column-gap-default\">\n\t\t\t\t\t<div class=\"elementor-column elementor-col-100 elementor-top-column elementor-element elementor-element-0186d69\" data-id=\"0186d69\" data-element_type=\"column\">\n\t\t\t<div class=\"elementor-widget-wrap elementor-element-populated\">\n\t\t\t\t\t\t<section data-particle_enable=\"false\" data-particle-mobile-disabled=\"false\" class=\"elementor-section elementor-inner-section elementor-element elementor-element-c88e1cb elementor-section-boxed elementor-section-height-default elementor-section-height-default\" data-id=\"c88e1cb\" data-element_type=\"section\" data-settings=\"{&quot;background_background&quot;:&quot;classic&quot;}\">\n\t\t\t\t\t\t<div class=\"elementor-container elementor-column-gap-default\">\n\t\t\t\t\t<div class=\"elementor-column elementor-col-25 elementor-inner-column elementor-element elementor-element-eea3064 elementor-invisible\" data-id=\"eea3064\" data-element_type=\"column\" data-settings=\"{&quot;animation&quot;:&quot;slideInLeft&quot;}\">\n\t\t\t<div class=\"elementor-widget-wrap elementor-element-populated\">\n\t\t\t\t\t\t<div class=\"elementor-element elementor-element-4d75c0d elementor-widget elementor-widget-image\" data-id=\"4d75c0d\" data-element_type=\"widget\" data-widget_type=\"image.default\">\n\t\t\t\t<div class=\"elementor-widget-container\">\n\t\t\t\t\t\t\t\t\t\t\t\t\t\t\t<img decoding=\"async\" width=\"179\" height=\"98\" src=\"https:\/\/highway-hotel.com\/wp-content\/uploads\/sites\/26\/2022\/06\/Highway-Hotel_Logo.png\" class=\"attachment-full size-full wp-image-10635\" alt=\"Logo Highway Hotel in Herbolzheim\" \/>\t\t\t\t\t\t\t\t\t\t\t\t\t\t\t<\/div>\n\t\t\t\t<\/div>\n\t\t\t\t\t<\/div>\n\t\t<\/div>\n\t\t\t\t<div class=\"elementor-column elementor-col-25 elementor-inner-column elementor-element elementor-element-ca4cd6d elementor-invisible\" data-id=\"ca4cd6d\" data-element_type=\"column\" data-settings=\"{&quot;animation&quot;:&quot;slideInUp&quot;}\">\n\t\t\t<div class=\"elementor-widget-wrap elementor-element-populated\">\n\t\t\t\t\t\t<div class=\"elementor-element elementor-element-16fa6d2 elementor-widget elementor-widget-heading\" data-id=\"16fa6d2\" data-element_type=\"widget\" data-widget_type=\"heading.default\">\n\t\t\t\t<div class=\"elementor-widget-container\">\n\t\t\t\t\t<h5 class=\"elementor-heading-title elementor-size-default\">Kontakt<\/h5>\t\t\t\t<\/div>\n\t\t\t\t<\/div>\n\t\t\t\t<div class=\"elementor-element elementor-element-88150aa elementor-widget elementor-widget-text-editor\" data-id=\"88150aa\" data-element_type=\"widget\" data-widget_type=\"text-editor.default\">\n\t\t\t\t<div class=\"elementor-widget-container\">\n\t\t\t\t\t\t\t\t\t<p>Highway-Hotel<br \/>Breisgauallee 6<br \/>79336 Herbolzheim<\/p><p>Telefon: <a href=\"tel:+4976439350\">+49 (0) 7643 \/ 935-0<\/a><br \/>E-Mail: <a href=\"mailto:info@highway-hotel.com\">info@highway-hotel.com<\/a><\/p>\t\t\t\t\t\t\t\t<\/div>\n\t\t\t\t<\/div>\n\t\t\t\t\t<\/div>\n\t\t<\/div>\n\t\t\t\t<div class=\"elementor-column elementor-col-25 elementor-inner-column elementor-element elementor-element-764299d elementor-invisible\" data-id=\"764299d\" data-element_type=\"column\" data-settings=\"{&quot;animation&quot;:&quot;slideInRight&quot;}\">\n\t\t\t<div class=\"elementor-widget-wrap elementor-element-populated\">\n\t\t\t\t\t\t<div class=\"elementor-element elementor-element-8fa182e elementor-widget elementor-widget-image\" data-id=\"8fa182e\" data-element_type=\"widget\" data-widget_type=\"image.default\">\n\t\t\t\t<div class=\"elementor-widget-container\">\n\t\t\t\t\t\t\t\t\t\t\t\t\t\t\t<img decoding=\"async\" src=\"https:\/\/highway-hotel.com\/wp-content\/uploads\/sites\/26\/elementor\/thumbs\/Urkunde-Hotel-Highway-rjbycwbx6qlbq3gi2gibxn7758g56bfmxhkx6wdsm0.jpg\" title=\"Urkunde Hotel Highway\" alt=\"Urkunde Hotel Highway\" loading=\"lazy\" \/>\t\t\t\t\t\t\t\t\t\t\t\t\t\t\t<\/div>\n\t\t\t\t<\/div>\n\t\t\t\t\t<\/div>\n\t\t<\/div>\n\t\t\t\t<div class=\"elementor-column elementor-col-25 elementor-inner-column elementor-element elementor-element-7768a2e elementor-invisible\" data-id=\"7768a2e\" data-element_type=\"column\" data-settings=\"{&quot;animation&quot;:&quot;slideInRight&quot;}\">\n\t\t\t<div class=\"elementor-widget-wrap elementor-element-populated\">\n\t\t\t\t\t\t<div class=\"elementor-element elementor-element-77b1c6b elementor-widget elementor-widget-html\" data-id=\"77b1c6b\" data-element_type=\"widget\" data-widget_type=\"html.default\">\n\t\t\t\t<div class=\"elementor-widget-container\">\n\t\t\t\t\t <div class=\"brlbs-cmpnt-container brlbs-cmpnt-content-blocker brlbs-cmpnt-with-individual-styles\" data-borlabs-cookie-content-blocker-id=\"default\" data-borlabs-cookie-content=\"PGlmcmFtZSBzcmM9Imh0dHBzOi8vaG90ZWxjbGFzcy5pbmZvL3dzL2Q0ZjJkNzk4LTA0NmYtNGI5YS1iZjA5LTY5ZjU2MGY0YzA4YT9sYW5nPWRlIiB3aWR0aD0iMTYwIiBoZWlnaHQ9IjE2NCIgYWxpZ249ImxlZnQiIHNjcm9sbGluZz0ibm8iIG1hcmdpbmhlaWdodD0iMCIgbWFyZ2lud2lkdGg9IjAiIGZyYW1lYm9yZGVyPSIwIj48L2lmcmFtZT4=\"><div class=\"brlbs-cmpnt-cb-preset-a\"> <p class=\"brlbs-cmpnt-cb-description\">Sie sehen gerade einen Platzhalterinhalt von <strong>Standard<\/strong>. Um auf den eigentlichen Inhalt zuzugreifen, klicken Sie auf den Button unten. Bitte beachten Sie, dass dabei Daten an Drittanbieter weitergegeben werden.<\/p> <div class=\"brlbs-cmpnt-cb-buttons\"> <a class=\"brlbs-cmpnt-cb-btn\" href=\"#\" data-borlabs-cookie-unblock role=\"button\">Inhalt entsperren<\/a> <a class=\"brlbs-cmpnt-cb-btn\" href=\"#\" data-borlabs-cookie-accept-service role=\"button\" style=\"display: none\">Erforderlichen Service akzeptieren und Inhalte entsperren<\/a> <\/div> <a class=\"brlbs-cmpnt-cb-provider-toggle\" href=\"#\" data-borlabs-cookie-show-provider-information role=\"button\">Weitere Informationen<\/a> <\/div><\/div>\t\t\t\t<\/div>\n\t\t\t\t<\/div>\n\t\t\t\t\t<\/div>\n\t\t<\/div>\n\t\t\t\t\t<\/div>\n\t\t<\/section>\n\t\t\t\t\t<\/div>\n\t\t<\/div>\n\t\t\t\t\t<\/div>\n\t\t<\/section>\n\t\t\t\t<section data-particle_enable=\"false\" data-particle-mobile-disabled=\"false\" class=\"elementor-section elementor-top-section elementor-element elementor-element-ea08871 elementor-section-boxed elementor-section-height-default elementor-section-height-default\" data-id=\"ea08871\" data-element_type=\"section\">\n\t\t\t\t\t\t<div class=\"elementor-container elementor-column-gap-default\">\n\t\t\t\t\t<div class=\"elementor-column elementor-col-100 elementor-top-column elementor-element elementor-element-de5cdb1\" data-id=\"de5cdb1\" data-element_type=\"column\">\n\t\t\t<div class=\"elementor-widget-wrap\">\n\t\t\t\t\t\t\t<\/div>\n\t\t<\/div>\n\t\t\t\t\t<\/div>\n\t\t<\/section>\n\t\t\t\t<\/div>\n\t\t<\/div>\n\t\t\t\t\t\t<\/div>\n\t\t\t\t<\/div>\n\t\t\t\t\t<\/div>\n\t\t<\/div>\n\t\t\t\t\t<\/div>\n\t\t<\/section>\n\t\t\t\t<\/div>\n\t\t","protected":false},"excerpt":{"rendered":"<p>Stornierungsbedingungen Allgemeine Stornierungsfristen Kostenfreie Stornierung:\u00a0G\u00e4ste k\u00f6nnen ihre Buchung bis zu\u00a024 Stunden vor dem Anreisedatum\u00a0kostenfrei stornieren. Stornierungen innerhalb von 24 Stunden vor Anreise:\u00a0In diesem Fall wird eine Stornierungsgeb\u00fchr in H\u00f6he von\u00a050 % des Buchungsbetrages bis 12 Uhr am Anreisetag\u00a0erhoben. Nach 12 Uhr wird die 1. Nacht mit 100% berechnet. Nichtanreise (No-Show) Wird die Buchung nicht vor [&hellip;]<\/p>\n","protected":false},"author":17,"featured_media":13199,"parent":0,"menu_order":0,"comment_status":"closed","ping_status":"closed","template":"","meta":{"iawp_total_views":68,"footnotes":""},"class_list":["post-28850","page","type-page","status-publish","has-post-thumbnail","hentry"],"yoast_head":"<!-- This site is optimized with the Yoast SEO plugin v26.7 - https:\/\/yoast.com\/wordpress\/plugins\/seo\/ -->\n<title>Highway Hotel in Herbolzheim | Stornierungsbedingungen<\/title>\n<meta name=\"description\" content=\"Willkommen im Highway Hotel in Herbolzheim. Buchen Sie jetzt direkt online - zum besten Preis. Hier finden Sie die Stornierungsbedingungen.\" \/>\n<meta name=\"robots\" content=\"index, follow, max-snippet:-1, max-image-preview:large, max-video-preview:-1\" \/>\n<link rel=\"canonical\" href=\"https:\/\/highway-hotel.com\/de\/stornierungsbedingungen\/\" \/>\n<meta property=\"og:locale\" content=\"de_DE\" \/>\n<meta property=\"og:type\" content=\"article\" \/>\n<meta property=\"og:title\" content=\"Highway Hotel in Herbolzheim | Stornierungsbedingungen\" \/>\n<meta property=\"og:description\" content=\"Willkommen im Highway Hotel in Herbolzheim. Buchen Sie jetzt direkt online - zum besten Preis. Hier finden Sie die Stornierungsbedingungen.\" \/>\n<meta property=\"og:url\" content=\"https:\/\/highway-hotel.com\/de\/stornierungsbedingungen\/\" \/>\n<meta property=\"og:site_name\" content=\"Highway Hotel\" \/>\n<meta property=\"article:modified_time\" content=\"2024-11-21T09:10:59+00:00\" \/>\n<meta property=\"og:image\" content=\"https:\/\/highway-hotel.com\/wp-content\/uploads\/sites\/26\/2022\/10\/Highway_Hotel_Aussenansicht-3.jpg\" \/>\n\t<meta property=\"og:image:width\" content=\"1600\" \/>\n\t<meta property=\"og:image:height\" content=\"1067\" \/>\n\t<meta property=\"og:image:type\" content=\"image\/jpeg\" \/>\n<meta name=\"twitter:card\" content=\"summary_large_image\" \/>\n<meta name=\"twitter:label1\" content=\"Gesch\u00e4tzte Lesezeit\" \/>\n\t<meta name=\"twitter:data1\" content=\"2\u00a0Minuten\" \/>\n<script type=\"application\/ld+json\" class=\"yoast-schema-graph\">{\"@context\":\"https:\/\/schema.org\",\"@graph\":[{\"@type\":\"WebPage\",\"@id\":\"https:\/\/highway-hotel.com\/de\/stornierungsbedingungen\/\",\"url\":\"https:\/\/highway-hotel.com\/de\/stornierungsbedingungen\/\",\"name\":\"Highway Hotel in Herbolzheim | Stornierungsbedingungen\",\"isPartOf\":{\"@id\":\"https:\/\/highway-hotel.com\/de\/#website\"},\"primaryImageOfPage\":{\"@id\":\"https:\/\/highway-hotel.com\/de\/stornierungsbedingungen\/#primaryimage\"},\"image\":{\"@id\":\"https:\/\/highway-hotel.com\/de\/stornierungsbedingungen\/#primaryimage\"},\"thumbnailUrl\":\"https:\/\/highway-hotel.com\/wp-content\/uploads\/sites\/26\/2022\/10\/Highway_Hotel_Aussenansicht-3.jpg\",\"datePublished\":\"2024-11-19T13:58:58+00:00\",\"dateModified\":\"2024-11-21T09:10:59+00:00\",\"description\":\"Willkommen im Highway Hotel in Herbolzheim. Buchen Sie jetzt direkt online - zum besten Preis. Hier finden Sie die Stornierungsbedingungen.\",\"breadcrumb\":{\"@id\":\"https:\/\/highway-hotel.com\/de\/stornierungsbedingungen\/#breadcrumb\"},\"inLanguage\":\"de\",\"potentialAction\":[{\"@type\":\"ReadAction\",\"target\":[\"https:\/\/highway-hotel.com\/de\/stornierungsbedingungen\/\"]}]},{\"@type\":\"ImageObject\",\"inLanguage\":\"de\",\"@id\":\"https:\/\/highway-hotel.com\/de\/stornierungsbedingungen\/#primaryimage\",\"url\":\"https:\/\/highway-hotel.com\/wp-content\/uploads\/sites\/26\/2022\/10\/Highway_Hotel_Aussenansicht-3.jpg\",\"contentUrl\":\"https:\/\/highway-hotel.com\/wp-content\/uploads\/sites\/26\/2022\/10\/Highway_Hotel_Aussenansicht-3.jpg\",\"width\":1600,\"height\":1067,\"caption\":\"Au\u00dfenansicht Highway Hotel in Herbolzheim\"},{\"@type\":\"BreadcrumbList\",\"@id\":\"https:\/\/highway-hotel.com\/de\/stornierungsbedingungen\/#breadcrumb\",\"itemListElement\":[{\"@type\":\"ListItem\",\"position\":1,\"name\":\"Startseite\",\"item\":\"https:\/\/highway-hotel.com\/de\/\"},{\"@type\":\"ListItem\",\"position\":2,\"name\":\"Stornierungsbedingungen\"}]},{\"@type\":\"WebSite\",\"@id\":\"https:\/\/highway-hotel.com\/de\/#website\",\"url\":\"https:\/\/highway-hotel.com\/de\/\",\"name\":\"Highway Hotel\",\"description\":\"Highway Hotel\",\"publisher\":{\"@id\":\"https:\/\/highway-hotel.com\/de\/#organization\"},\"potentialAction\":[{\"@type\":\"SearchAction\",\"target\":{\"@type\":\"EntryPoint\",\"urlTemplate\":\"https:\/\/highway-hotel.com\/de\/?s={search_term_string}\"},\"query-input\":{\"@type\":\"PropertyValueSpecification\",\"valueRequired\":true,\"valueName\":\"search_term_string\"}}],\"inLanguage\":\"de\"},{\"@type\":\"Organization\",\"@id\":\"https:\/\/highway-hotel.com\/de\/#organization\",\"name\":\"Highway Hotel\",\"url\":\"https:\/\/highway-hotel.com\/de\/\",\"logo\":{\"@type\":\"ImageObject\",\"inLanguage\":\"de\",\"@id\":\"https:\/\/highway-hotel.com\/de\/#\/schema\/logo\/image\/\",\"url\":\"https:\/\/highway-hotel.com\/wp-content\/uploads\/sites\/26\/2022\/06\/Highway-Hotel_Logo_Favicon-1.png\",\"contentUrl\":\"https:\/\/highway-hotel.com\/wp-content\/uploads\/sites\/26\/2022\/06\/Highway-Hotel_Logo_Favicon-1.png\",\"width\":158,\"height\":127,\"caption\":\"Highway Hotel\"},\"image\":{\"@id\":\"https:\/\/highway-hotel.com\/de\/#\/schema\/logo\/image\/\"}}]}<\/script>\n<!-- \/ Yoast SEO plugin. -->","yoast_head_json":{"title":"Highway Hotel in Herbolzheim | Stornierungsbedingungen","description":"Willkommen im Highway Hotel in Herbolzheim. Buchen Sie jetzt direkt online - zum besten Preis. Hier finden Sie die Stornierungsbedingungen.","robots":{"index":"index","follow":"follow","max-snippet":"max-snippet:-1","max-image-preview":"max-image-preview:large","max-video-preview":"max-video-preview:-1"},"canonical":"https:\/\/highway-hotel.com\/de\/stornierungsbedingungen\/","og_locale":"de_DE","og_type":"article","og_title":"Highway Hotel in Herbolzheim | Stornierungsbedingungen","og_description":"Willkommen im Highway Hotel in Herbolzheim. Buchen Sie jetzt direkt online - zum besten Preis. Hier finden Sie die Stornierungsbedingungen.","og_url":"https:\/\/highway-hotel.com\/de\/stornierungsbedingungen\/","og_site_name":"Highway Hotel","article_modified_time":"2024-11-21T09:10:59+00:00","og_image":[{"width":1600,"height":1067,"url":"https:\/\/highway-hotel.com\/wp-content\/uploads\/sites\/26\/2022\/10\/Highway_Hotel_Aussenansicht-3.jpg","type":"image\/jpeg"}],"twitter_card":"summary_large_image","twitter_misc":{"Gesch\u00e4tzte Lesezeit":"2\u00a0Minuten"},"schema":{"@context":"https:\/\/schema.org","@graph":[{"@type":"WebPage","@id":"https:\/\/highway-hotel.com\/de\/stornierungsbedingungen\/","url":"https:\/\/highway-hotel.com\/de\/stornierungsbedingungen\/","name":"Highway Hotel in Herbolzheim | Stornierungsbedingungen","isPartOf":{"@id":"https:\/\/highway-hotel.com\/de\/#website"},"primaryImageOfPage":{"@id":"https:\/\/highway-hotel.com\/de\/stornierungsbedingungen\/#primaryimage"},"image":{"@id":"https:\/\/highway-hotel.com\/de\/stornierungsbedingungen\/#primaryimage"},"thumbnailUrl":"https:\/\/highway-hotel.com\/wp-content\/uploads\/sites\/26\/2022\/10\/Highway_Hotel_Aussenansicht-3.jpg","datePublished":"2024-11-19T13:58:58+00:00","dateModified":"2024-11-21T09:10:59+00:00","description":"Willkommen im Highway Hotel in Herbolzheim. Buchen Sie jetzt direkt online - zum besten Preis. Hier finden Sie die Stornierungsbedingungen.","breadcrumb":{"@id":"https:\/\/highway-hotel.com\/de\/stornierungsbedingungen\/#breadcrumb"},"inLanguage":"de","potentialAction":[{"@type":"ReadAction","target":["https:\/\/highway-hotel.com\/de\/stornierungsbedingungen\/"]}]},{"@type":"ImageObject","inLanguage":"de","@id":"https:\/\/highway-hotel.com\/de\/stornierungsbedingungen\/#primaryimage","url":"https:\/\/highway-hotel.com\/wp-content\/uploads\/sites\/26\/2022\/10\/Highway_Hotel_Aussenansicht-3.jpg","contentUrl":"https:\/\/highway-hotel.com\/wp-content\/uploads\/sites\/26\/2022\/10\/Highway_Hotel_Aussenansicht-3.jpg","width":1600,"height":1067,"caption":"Au\u00dfenansicht Highway Hotel in Herbolzheim"},{"@type":"BreadcrumbList","@id":"https:\/\/highway-hotel.com\/de\/stornierungsbedingungen\/#breadcrumb","itemListElement":[{"@type":"ListItem","position":1,"name":"Startseite","item":"https:\/\/highway-hotel.com\/de\/"},{"@type":"ListItem","position":2,"name":"Stornierungsbedingungen"}]},{"@type":"WebSite","@id":"https:\/\/highway-hotel.com\/de\/#website","url":"https:\/\/highway-hotel.com\/de\/","name":"Highway Hotel","description":"Highway Hotel","publisher":{"@id":"https:\/\/highway-hotel.com\/de\/#organization"},"potentialAction":[{"@type":"SearchAction","target":{"@type":"EntryPoint","urlTemplate":"https:\/\/highway-hotel.com\/de\/?s={search_term_string}"},"query-input":{"@type":"PropertyValueSpecification","valueRequired":true,"valueName":"search_term_string"}}],"inLanguage":"de"},{"@type":"Organization","@id":"https:\/\/highway-hotel.com\/de\/#organization","name":"Highway Hotel","url":"https:\/\/highway-hotel.com\/de\/","logo":{"@type":"ImageObject","inLanguage":"de","@id":"https:\/\/highway-hotel.com\/de\/#\/schema\/logo\/image\/","url":"https:\/\/highway-hotel.com\/wp-content\/uploads\/sites\/26\/2022\/06\/Highway-Hotel_Logo_Favicon-1.png","contentUrl":"https:\/\/highway-hotel.com\/wp-content\/uploads\/sites\/26\/2022\/06\/Highway-Hotel_Logo_Favicon-1.png","width":158,"height":127,"caption":"Highway Hotel"},"image":{"@id":"https:\/\/highway-hotel.com\/de\/#\/schema\/logo\/image\/"}}]}},"_links":{"self":[{"href":"https:\/\/highway-hotel.com\/de\/wp-json\/wp\/v2\/pages\/28850","targetHints":{"allow":["GET"]}}],"collection":[{"href":"https:\/\/highway-hotel.com\/de\/wp-json\/wp\/v2\/pages"}],"about":[{"href":"https:\/\/highway-hotel.com\/de\/wp-json\/wp\/v2\/types\/page"}],"author":[{"embeddable":true,"href":"https:\/\/highway-hotel.com\/de\/wp-json\/wp\/v2\/users\/17"}],"replies":[{"embeddable":true,"href":"https:\/\/highway-hotel.com\/de\/wp-json\/wp\/v2\/comments?post=28850"}],"version-history":[{"count":21,"href":"https:\/\/highway-hotel.com\/de\/wp-json\/wp\/v2\/pages\/28850\/revisions"}],"predecessor-version":[{"id":28935,"href":"https:\/\/highway-hotel.com\/de\/wp-json\/wp\/v2\/pages\/28850\/revisions\/28935"}],"wp:featuredmedia":[{"embeddable":true,"href":"https:\/\/highway-hotel.com\/de\/wp-json\/wp\/v2\/media\/13199"}],"wp:attachment":[{"href":"https:\/\/highway-hotel.com\/de\/wp-json\/wp\/v2\/media?parent=28850"}],"curies":[{"name":"wp","href":"https:\/\/api.w.org\/{rel}","templated":true}]}}